{"id":8034,"date":"2023-03-12T10:00:33","date_gmt":"2023-03-13T13:02:20","guid":{"rendered":"https:\/\/karminacollection.com\/product\/modra-crtasta-bluza\/"},"modified":"2024-12-31T14:01:47","modified_gmt":"2024-12-31T14:01:47","slug":"modra-crtasta-bluza","status":"publish","type":"product","link":"https:\/\/karminacollection.com\/sl\/izdelek\/modra-crtasta-bluza\/","title":{"rendered":"Modra \u010drtasta bluza"},"content":{"rendered":"<p style=\"text-align: left;\"><strong>Velikost:<\/strong><\/p>\n<p style=\"text-align: left;\">Teja je visoka 1,68 m in nosti \u0161tevilko 38\/40. Za ve\u010d informacij glede velikosti, kliknite <a href=\"https:\/\/karminacollection.com\/sizing\/\">tukaj.<\/a><\/p>\n<p style=\"text-align: left;\"><strong>Material:<\/strong><\/p>\n<p style=\"text-align: left;\">100% bomba\u017eni poplin, predhodno opran<br \/>\nDovoljeno je strojno pranje na 30 \u00b0C .<br \/>\nPrepovedano beljenje.<br \/>\nLikanje do temperature 110 \u00b0C<br \/>\nProfesionalno kemi\u010dno \u010di\u0161\u010denje v vseh topilih, razen v tetrakloroetenu, obi\u010dajen postopek.<br \/>\nPrepovedana uporaba su\u0161ilca.<\/p>\n<p style=\"text-align: left;\"><strong>Narejeno v Sloveniji.<\/strong><\/p>\n","protected":false},"excerpt":{"rendered":"<h5 style=\"text-align: left;\">Opis:<\/h5>\n<p style=\"text-align: left;\">Elegantna klasika, ki ne gre iz mode. Bluza je narejena iz 100% poplina, ki je predhodno opran. Bluza je ravneha kroja, rahlo prevelika in se lepo nosi tudi zatla\u010dena v hla\u010de. Elegantne modre \u010drte poskrbijo za sve\u017e in sofisticiran videz.<\/p>\n","protected":false},"featured_media":7823,"comment_status":"open","ping_status":"closed","template":"","meta":[],"product_brand":[],"product_cat":[291],"product_tag":[],"class_list":{"0":"post-8034","1":"product","2":"type-product","3":"status-publish","4":"has-post-thumbnail","6":"product_cat-bluze-srajce","8":"first","9":"instock","10":"shipping-taxable","11":"purchasable","12":"product-type-variable"},"yoast_head":"<!-- This site is optimized with the Yoast SEO plugin v27.1.1 - https:\/\/yoast.com\/product\/yoast-seo-wordpress\/ -->\n<title>Modra \u010drtasta bluza | Karmina<\/title>\n<meta name=\"description\" content=\"Osve\u017ei svojo omaro s Karmina obla\u010dili. Najdi kose, ki jih lahko nosi\u0161 celo leto.\" \/>\n<meta name=\"robots\" content=\"index, follow, max-snippet:-1, max-image-preview:large, max-video-preview:-1\" \/>\n<link rel=\"canonical\" href=\"https:\/\/karminacollection.com\/sl\/izdelek\/modra-crtasta-bluza\/\" \/>\n<meta property=\"og:locale\" content=\"sl_SI\" \/>\n<meta property=\"og:type\" content=\"article\" \/>\n<meta property=\"og:title\" content=\"Modra \u010drtasta bluza | Karmina\" \/>\n<meta property=\"og:description\" content=\"Osve\u017ei svojo omaro s Karmina obla\u010dili. Najdi kose, ki jih lahko nosi\u0161 celo leto.\" \/>\n<meta property=\"og:url\" content=\"https:\/\/karminacollection.com\/sl\/izdelek\/modra-crtasta-bluza\/\" \/>\n<meta property=\"og:site_name\" content=\"Karmina\" \/>\n<meta property=\"article:modified_time\" content=\"2024-12-31T14:01:47+00:00\" \/>\n<meta property=\"og:image\" content=\"https:\/\/karminacollection.com\/wp-content\/uploads\/2023\/03\/striped-shirt1.jpg\" \/>\n\t<meta property=\"og:image:width\" content=\"1200\" \/>\n\t<meta property=\"og:image:height\" content=\"1800\" \/>\n\t<meta property=\"og:image:type\" content=\"image\/jpeg\" \/>\n<meta name=\"twitter:label1\" content=\"Est. reading time\" \/>\n\t<meta name=\"twitter:data1\" content=\"1 minuta\" \/>\n<script type=\"application\/ld+json\" class=\"yoast-schema-graph\">{\"@context\":\"https:\/\/schema.org\",\"@graph\":[{\"@type\":\"WebPage\",\"@id\":\"https:\/\/karminacollection.com\/sl\/izdelek\/modra-crtasta-bluza\/\",\"url\":\"https:\/\/karminacollection.com\/sl\/izdelek\/modra-crtasta-bluza\/\",\"name\":\"Modra \u010drtasta bluza | Karmina\",\"isPartOf\":{\"@id\":\"https:\/\/karminacollection.com\/sl\/#website\"},\"primaryImageOfPage\":{\"@id\":\"https:\/\/karminacollection.com\/sl\/izdelek\/modra-crtasta-bluza\/#primaryimage\"},\"image\":{\"@id\":\"https:\/\/karminacollection.com\/sl\/izdelek\/modra-crtasta-bluza\/#primaryimage\"},\"thumbnailUrl\":\"https:\/\/karminacollection.com\/wp-content\/uploads\/2023\/03\/striped-shirt1.jpg\",\"datePublished\":\"2023-03-13T13:02:20+00:00\",\"dateModified\":\"2024-12-31T14:01:47+00:00\",\"description\":\"Osve\u017ei svojo omaro s Karmina obla\u010dili. Najdi kose, ki jih lahko nosi\u0161 celo leto.\",\"breadcrumb\":{\"@id\":\"https:\/\/karminacollection.com\/sl\/izdelek\/modra-crtasta-bluza\/#breadcrumb\"},\"inLanguage\":\"sl-SI\",\"potentialAction\":[{\"@type\":\"ReadAction\",\"target\":[\"https:\/\/karminacollection.com\/sl\/izdelek\/modra-crtasta-bluza\/\"]}]},{\"@type\":\"ImageObject\",\"inLanguage\":\"sl-SI\",\"@id\":\"https:\/\/karminacollection.com\/sl\/izdelek\/modra-crtasta-bluza\/#primaryimage\",\"url\":\"https:\/\/karminacollection.com\/wp-content\/uploads\/2023\/03\/striped-shirt1.jpg\",\"contentUrl\":\"https:\/\/karminacollection.com\/wp-content\/uploads\/2023\/03\/striped-shirt1.jpg\",\"width\":1200,\"height\":1800,\"caption\":\"blue striped blouse karmina\"},{\"@type\":\"BreadcrumbList\",\"@id\":\"https:\/\/karminacollection.com\/sl\/izdelek\/modra-crtasta-bluza\/#breadcrumb\",\"itemListElement\":[{\"@type\":\"ListItem\",\"position\":1,\"name\":\"Home\",\"item\":\"https:\/\/karminacollection.com\/sl\/\"},{\"@type\":\"ListItem\",\"position\":2,\"name\":\"TRGOVINA\",\"item\":\"https:\/\/karminacollection.com\/sl\/trgovina\/\"},{\"@type\":\"ListItem\",\"position\":3,\"name\":\"Modra \u010drtasta bluza\"}]},{\"@type\":\"WebSite\",\"@id\":\"https:\/\/karminacollection.com\/sl\/#website\",\"url\":\"https:\/\/karminacollection.com\/sl\/\",\"name\":\"Karmina collection\",\"description\":\"Kapsulna obla\u010dila izdelana v Sloveniji.\",\"publisher\":{\"@id\":\"https:\/\/karminacollection.com\/sl\/#\/schema\/person\/3e0a3e6951979c903262ff9bd110595d\"},\"potentialAction\":[{\"@type\":\"SearchAction\",\"target\":{\"@type\":\"EntryPoint\",\"urlTemplate\":\"https:\/\/karminacollection.com\/sl\/?s={search_term_string}\"},\"query-input\":{\"@type\":\"PropertyValueSpecification\",\"valueRequired\":true,\"valueName\":\"search_term_string\"}}],\"inLanguage\":\"sl-SI\"},{\"@type\":[\"Person\",\"Organization\"],\"@id\":\"https:\/\/karminacollection.com\/sl\/#\/schema\/person\/3e0a3e6951979c903262ff9bd110595d\",\"name\":\"adm_karmina\",\"image\":{\"@type\":\"ImageObject\",\"inLanguage\":\"sl-SI\",\"@id\":\"https:\/\/karminacollection.com\/sl\/#\/schema\/person\/image\/\",\"url\":\"https:\/\/karminacollection.com\/wp-content\/uploads\/2024\/01\/cropped-logo-karmina2.png\",\"contentUrl\":\"https:\/\/karminacollection.com\/wp-content\/uploads\/2024\/01\/cropped-logo-karmina2.png\",\"width\":152,\"height\":80,\"caption\":\"adm_karmina\"},\"logo\":{\"@id\":\"https:\/\/karminacollection.com\/sl\/#\/schema\/person\/image\/\"},\"sameAs\":[\"https:\/\/karminacollection.com\"]}]}<\/script>\n<!-- \/ Yoast SEO plugin. -->","yoast_head_json":{"title":"Modra \u010drtasta bluza | Karmina","description":"Osve\u017ei svojo omaro s Karmina obla\u010dili. Najdi kose, ki jih lahko nosi\u0161 celo leto.","robots":{"index":"index","follow":"follow","max-snippet":"max-snippet:-1","max-image-preview":"max-image-preview:large","max-video-preview":"max-video-preview:-1"},"canonical":"https:\/\/karminacollection.com\/sl\/izdelek\/modra-crtasta-bluza\/","og_locale":"sl_SI","og_type":"article","og_title":"Modra \u010drtasta bluza | Karmina","og_description":"Osve\u017ei svojo omaro s Karmina obla\u010dili. Najdi kose, ki jih lahko nosi\u0161 celo leto.","og_url":"https:\/\/karminacollection.com\/sl\/izdelek\/modra-crtasta-bluza\/","og_site_name":"Karmina","article_modified_time":"2024-12-31T14:01:47+00:00","og_image":[{"width":1200,"height":1800,"url":"https:\/\/karminacollection.com\/wp-content\/uploads\/2023\/03\/striped-shirt1.jpg","type":"image\/jpeg"}],"twitter_misc":{"Est. reading time":"1 minuta"},"schema":{"@context":"https:\/\/schema.org","@graph":[{"@type":"WebPage","@id":"https:\/\/karminacollection.com\/sl\/izdelek\/modra-crtasta-bluza\/","url":"https:\/\/karminacollection.com\/sl\/izdelek\/modra-crtasta-bluza\/","name":"Modra \u010drtasta bluza | Karmina","isPartOf":{"@id":"https:\/\/karminacollection.com\/sl\/#website"},"primaryImageOfPage":{"@id":"https:\/\/karminacollection.com\/sl\/izdelek\/modra-crtasta-bluza\/#primaryimage"},"image":{"@id":"https:\/\/karminacollection.com\/sl\/izdelek\/modra-crtasta-bluza\/#primaryimage"},"thumbnailUrl":"https:\/\/karminacollection.com\/wp-content\/uploads\/2023\/03\/striped-shirt1.jpg","datePublished":"2023-03-13T13:02:20+00:00","dateModified":"2024-12-31T14:01:47+00:00","description":"Osve\u017ei svojo omaro s Karmina obla\u010dili. Najdi kose, ki jih lahko nosi\u0161 celo leto.","breadcrumb":{"@id":"https:\/\/karminacollection.com\/sl\/izdelek\/modra-crtasta-bluza\/#breadcrumb"},"inLanguage":"sl-SI","potentialAction":[{"@type":"ReadAction","target":["https:\/\/karminacollection.com\/sl\/izdelek\/modra-crtasta-bluza\/"]}]},{"@type":"ImageObject","inLanguage":"sl-SI","@id":"https:\/\/karminacollection.com\/sl\/izdelek\/modra-crtasta-bluza\/#primaryimage","url":"https:\/\/karminacollection.com\/wp-content\/uploads\/2023\/03\/striped-shirt1.jpg","contentUrl":"https:\/\/karminacollection.com\/wp-content\/uploads\/2023\/03\/striped-shirt1.jpg","width":1200,"height":1800,"caption":"blue striped blouse karmina"},{"@type":"BreadcrumbList","@id":"https:\/\/karminacollection.com\/sl\/izdelek\/modra-crtasta-bluza\/#breadcrumb","itemListElement":[{"@type":"ListItem","position":1,"name":"Home","item":"https:\/\/karminacollection.com\/sl\/"},{"@type":"ListItem","position":2,"name":"TRGOVINA","item":"https:\/\/karminacollection.com\/sl\/trgovina\/"},{"@type":"ListItem","position":3,"name":"Modra \u010drtasta bluza"}]},{"@type":"WebSite","@id":"https:\/\/karminacollection.com\/sl\/#website","url":"https:\/\/karminacollection.com\/sl\/","name":"Karmina collection","description":"Kapsulna obla\u010dila izdelana v Sloveniji.","publisher":{"@id":"https:\/\/karminacollection.com\/sl\/#\/schema\/person\/3e0a3e6951979c903262ff9bd110595d"},"potentialAction":[{"@type":"SearchAction","target":{"@type":"EntryPoint","urlTemplate":"https:\/\/karminacollection.com\/sl\/?s={search_term_string}"},"query-input":{"@type":"PropertyValueSpecification","valueRequired":true,"valueName":"search_term_string"}}],"inLanguage":"sl-SI"},{"@type":["Person","Organization"],"@id":"https:\/\/karminacollection.com\/sl\/#\/schema\/person\/3e0a3e6951979c903262ff9bd110595d","name":"adm_karmina","image":{"@type":"ImageObject","inLanguage":"sl-SI","@id":"https:\/\/karminacollection.com\/sl\/#\/schema\/person\/image\/","url":"https:\/\/karminacollection.com\/wp-content\/uploads\/2024\/01\/cropped-logo-karmina2.png","contentUrl":"https:\/\/karminacollection.com\/wp-content\/uploads\/2024\/01\/cropped-logo-karmina2.png","width":152,"height":80,"caption":"adm_karmina"},"logo":{"@id":"https:\/\/karminacollection.com\/sl\/#\/schema\/person\/image\/"},"sameAs":["https:\/\/karminacollection.com"]}]}},"_links":{"self":[{"href":"https:\/\/karminacollection.com\/sl\/wp-json\/wp\/v2\/product\/8034","targetHints":{"allow":["GET"]}}],"collection":[{"href":"https:\/\/karminacollection.com\/sl\/wp-json\/wp\/v2\/product"}],"about":[{"href":"https:\/\/karminacollection.com\/sl\/wp-json\/wp\/v2\/types\/product"}],"replies":[{"embeddable":true,"href":"https:\/\/karminacollection.com\/sl\/wp-json\/wp\/v2\/comments?post=8034"}],"wp:featuredmedia":[{"embeddable":true,"href":"https:\/\/karminacollection.com\/sl\/wp-json\/wp\/v2\/media\/7823"}],"wp:attachment":[{"href":"https:\/\/karminacollection.com\/sl\/wp-json\/wp\/v2\/media?parent=8034"}],"wp:term":[{"taxonomy":"product_brand","embeddable":true,"href":"https:\/\/karminacollection.com\/sl\/wp-json\/wp\/v2\/product_brand?post=8034"},{"taxonomy":"product_cat","embeddable":true,"href":"https:\/\/karminacollection.com\/sl\/wp-json\/wp\/v2\/product_cat?post=8034"},{"taxonomy":"product_tag","embeddable":true,"href":"https:\/\/karminacollection.com\/sl\/wp-json\/wp\/v2\/product_tag?post=8034"}],"curies":[{"name":"wp","href":"https:\/\/api.w.org\/{rel}","templated":true}]}}