{"id":7889,"date":"2023-03-12T19:35:31","date_gmt":"2023-03-12T19:35:40","guid":{"rendered":"https:\/\/karminacollection.com\/?post_type=product&#038;p=7889"},"modified":"2024-10-29T16:23:41","modified_gmt":"2024-10-29T16:23:41","slug":"asimetricen-top-2","status":"publish","type":"product","link":"https:\/\/karminacollection.com\/sl\/izdelek\/asimetricen-top-2\/","title":{"rendered":"Asimetri\u010den top"},"content":{"rendered":"<p><strong>Velikost:<\/strong><\/p>\n<p>Teja je visoka 1,68 m in nosti velikost M. Za ve\u010d informacij glede velikosti, kliknite <a href=\"https:\/\/karminacollection.com\/sizing\/\">tukaj.<\/a><\/p>\n<p><strong>Material:<\/strong><\/p>\n<p>Viskozni jersey, ki mehko pade in je prijetno hladen.<br \/>\n92% VI \/ 8% EL<br \/>\nDovoljeno je strojno pranje na 30 \u00b0C .<br \/>\nPrepovedano beljenje.<br \/>\nLikanje do temperature 110 \u00b0C<br \/>\nProfesionalno kemi\u010dno \u010di\u0161\u010denje v vseh topilih, razen v tetrakloroetenu, obi\u010dajen postopek.<br \/>\nPrepovedana uporaba su\u0161ilca.<\/p>\n<p><strong>Narejeno v Sloveniji.<\/strong><\/p>\n","protected":false},"excerpt":{"rendered":"<h5 style=\"text-align: left;\">Opis:<\/h5>\n<p style=\"text-align: left;\">Asimetri\u010den top z vrvico in naramnico je odli\u010den dodatek vsake sodobne garderobe. Izdelan je iz mehke raztegljive viskoze, lepo se oprime telesa in ga lahko nosite s \u0161portnimi copati ali z elegantnimi hla\u010dami za ve\u010derni videz. Asimetrija da pridih dramati\u010dnosti, lahkotna tkanina pa zagotavlja udobno no\u0161enje skozi ves dan. Osve\u017ei svojo garderobo s tem vsestranskim topom!<\/p>\n<p style=\"text-align: left;\">\n","protected":false},"featured_media":7916,"comment_status":"open","ping_status":"closed","template":"","meta":[],"product_brand":[],"product_cat":[239,84],"product_tag":[],"class_list":{"0":"post-7889","1":"product","2":"type-product","3":"status-publish","4":"has-post-thumbnail","6":"product_cat-kratki-rokavi","7":"product_cat-majice-in-puloverji","9":"first","10":"instock","11":"shipping-taxable","12":"purchasable","13":"product-type-variable","14":"has-default-attributes"},"yoast_head":"<!-- This site is optimized with the Yoast SEO plugin v27.1.1 - https:\/\/yoast.com\/product\/yoast-seo-wordpress\/ -->\n<title>Asimetri\u010den top | Karmina<\/title>\n<meta name=\"description\" content=\"Asimetri\u010den top je popoln kos kapsulne garderobe. Nosi\u0161 ga lahko s \u0161irokimi kavbojkami, kratkimi hla\u010dami ali kargo hla\u010dami.\" \/>\n<meta name=\"robots\" content=\"index, follow, max-snippet:-1, max-image-preview:large, max-video-preview:-1\" \/>\n<link rel=\"canonical\" href=\"https:\/\/karminacollection.com\/sl\/izdelek\/asimetricen-top-2\/\" \/>\n<meta property=\"og:locale\" content=\"sl_SI\" \/>\n<meta property=\"og:type\" content=\"article\" \/>\n<meta property=\"og:title\" content=\"Asimetri\u010den top | Karmina\" \/>\n<meta property=\"og:description\" content=\"Asimetri\u010den top je popoln kos kapsulne garderobe. Nosi\u0161 ga lahko s \u0161irokimi kavbojkami, kratkimi hla\u010dami ali kargo hla\u010dami.\" \/>\n<meta property=\"og:url\" content=\"https:\/\/karminacollection.com\/sl\/izdelek\/asimetricen-top-2\/\" \/>\n<meta property=\"og:site_name\" content=\"Karmina\" \/>\n<meta property=\"article:modified_time\" content=\"2024-10-29T16:23:41+00:00\" \/>\n<meta property=\"og:image\" content=\"https:\/\/karminacollection.com\/wp-content\/uploads\/2023\/03\/asymmetrical-string-top1.webp\" \/>\n\t<meta property=\"og:image:width\" content=\"1200\" \/>\n\t<meta property=\"og:image:height\" content=\"1800\" \/>\n\t<meta property=\"og:image:type\" content=\"image\/webp\" \/>\n<meta name=\"twitter:label1\" content=\"Est. reading time\" \/>\n\t<meta name=\"twitter:data1\" content=\"1 minuta\" \/>\n<script type=\"application\/ld+json\" class=\"yoast-schema-graph\">{\"@context\":\"https:\/\/schema.org\",\"@graph\":[{\"@type\":\"WebPage\",\"@id\":\"https:\/\/karminacollection.com\/sl\/izdelek\/asimetricen-top-2\/\",\"url\":\"https:\/\/karminacollection.com\/sl\/izdelek\/asimetricen-top-2\/\",\"name\":\"Asimetri\u010den top | Karmina\",\"isPartOf\":{\"@id\":\"https:\/\/karminacollection.com\/sl\/#website\"},\"primaryImageOfPage\":{\"@id\":\"https:\/\/karminacollection.com\/sl\/izdelek\/asimetricen-top-2\/#primaryimage\"},\"image\":{\"@id\":\"https:\/\/karminacollection.com\/sl\/izdelek\/asimetricen-top-2\/#primaryimage\"},\"thumbnailUrl\":\"https:\/\/karminacollection.com\/wp-content\/uploads\/2023\/03\/asymmetrical-string-top1.webp\",\"datePublished\":\"2023-03-12T19:35:40+00:00\",\"dateModified\":\"2024-10-29T16:23:41+00:00\",\"description\":\"Asimetri\u010den top je popoln kos kapsulne garderobe. Nosi\u0161 ga lahko s \u0161irokimi kavbojkami, kratkimi hla\u010dami ali kargo hla\u010dami.\",\"breadcrumb\":{\"@id\":\"https:\/\/karminacollection.com\/sl\/izdelek\/asimetricen-top-2\/#breadcrumb\"},\"inLanguage\":\"sl-SI\",\"potentialAction\":[{\"@type\":\"ReadAction\",\"target\":[\"https:\/\/karminacollection.com\/sl\/izdelek\/asimetricen-top-2\/\"]}]},{\"@type\":\"ImageObject\",\"inLanguage\":\"sl-SI\",\"@id\":\"https:\/\/karminacollection.com\/sl\/izdelek\/asimetricen-top-2\/#primaryimage\",\"url\":\"https:\/\/karminacollection.com\/wp-content\/uploads\/2023\/03\/asymmetrical-string-top1.webp\",\"contentUrl\":\"https:\/\/karminacollection.com\/wp-content\/uploads\/2023\/03\/asymmetrical-string-top1.webp\",\"width\":1200,\"height\":1800,\"caption\":\"Asymetrical String Top karmina\"},{\"@type\":\"BreadcrumbList\",\"@id\":\"https:\/\/karminacollection.com\/sl\/izdelek\/asimetricen-top-2\/#breadcrumb\",\"itemListElement\":[{\"@type\":\"ListItem\",\"position\":1,\"name\":\"Home\",\"item\":\"https:\/\/karminacollection.com\/sl\/\"},{\"@type\":\"ListItem\",\"position\":2,\"name\":\"TRGOVINA\",\"item\":\"https:\/\/karminacollection.com\/sl\/trgovina\/\"},{\"@type\":\"ListItem\",\"position\":3,\"name\":\"Asimetri\u010den top\"}]},{\"@type\":\"WebSite\",\"@id\":\"https:\/\/karminacollection.com\/sl\/#website\",\"url\":\"https:\/\/karminacollection.com\/sl\/\",\"name\":\"Karmina collection\",\"description\":\"Kapsulna obla\u010dila izdelana v Sloveniji.\",\"publisher\":{\"@id\":\"https:\/\/karminacollection.com\/sl\/#\/schema\/person\/3e0a3e6951979c903262ff9bd110595d\"},\"potentialAction\":[{\"@type\":\"SearchAction\",\"target\":{\"@type\":\"EntryPoint\",\"urlTemplate\":\"https:\/\/karminacollection.com\/sl\/?s={search_term_string}\"},\"query-input\":{\"@type\":\"PropertyValueSpecification\",\"valueRequired\":true,\"valueName\":\"search_term_string\"}}],\"inLanguage\":\"sl-SI\"},{\"@type\":[\"Person\",\"Organization\"],\"@id\":\"https:\/\/karminacollection.com\/sl\/#\/schema\/person\/3e0a3e6951979c903262ff9bd110595d\",\"name\":\"adm_karmina\",\"image\":{\"@type\":\"ImageObject\",\"inLanguage\":\"sl-SI\",\"@id\":\"https:\/\/karminacollection.com\/sl\/#\/schema\/person\/image\/\",\"url\":\"https:\/\/karminacollection.com\/wp-content\/uploads\/2024\/01\/cropped-logo-karmina2.png\",\"contentUrl\":\"https:\/\/karminacollection.com\/wp-content\/uploads\/2024\/01\/cropped-logo-karmina2.png\",\"width\":152,\"height\":80,\"caption\":\"adm_karmina\"},\"logo\":{\"@id\":\"https:\/\/karminacollection.com\/sl\/#\/schema\/person\/image\/\"},\"sameAs\":[\"https:\/\/karminacollection.com\"]}]}<\/script>\n<!-- \/ Yoast SEO plugin. -->","yoast_head_json":{"title":"Asimetri\u010den top | Karmina","description":"Asimetri\u010den top je popoln kos kapsulne garderobe. Nosi\u0161 ga lahko s \u0161irokimi kavbojkami, kratkimi hla\u010dami ali kargo hla\u010dami.","robots":{"index":"index","follow":"follow","max-snippet":"max-snippet:-1","max-image-preview":"max-image-preview:large","max-video-preview":"max-video-preview:-1"},"canonical":"https:\/\/karminacollection.com\/sl\/izdelek\/asimetricen-top-2\/","og_locale":"sl_SI","og_type":"article","og_title":"Asimetri\u010den top | Karmina","og_description":"Asimetri\u010den top je popoln kos kapsulne garderobe. Nosi\u0161 ga lahko s \u0161irokimi kavbojkami, kratkimi hla\u010dami ali kargo hla\u010dami.","og_url":"https:\/\/karminacollection.com\/sl\/izdelek\/asimetricen-top-2\/","og_site_name":"Karmina","article_modified_time":"2024-10-29T16:23:41+00:00","og_image":[{"width":1200,"height":1800,"url":"https:\/\/karminacollection.com\/wp-content\/uploads\/2023\/03\/asymmetrical-string-top1.webp","type":"image\/webp"}],"twitter_misc":{"Est. reading time":"1 minuta"},"schema":{"@context":"https:\/\/schema.org","@graph":[{"@type":"WebPage","@id":"https:\/\/karminacollection.com\/sl\/izdelek\/asimetricen-top-2\/","url":"https:\/\/karminacollection.com\/sl\/izdelek\/asimetricen-top-2\/","name":"Asimetri\u010den top | Karmina","isPartOf":{"@id":"https:\/\/karminacollection.com\/sl\/#website"},"primaryImageOfPage":{"@id":"https:\/\/karminacollection.com\/sl\/izdelek\/asimetricen-top-2\/#primaryimage"},"image":{"@id":"https:\/\/karminacollection.com\/sl\/izdelek\/asimetricen-top-2\/#primaryimage"},"thumbnailUrl":"https:\/\/karminacollection.com\/wp-content\/uploads\/2023\/03\/asymmetrical-string-top1.webp","datePublished":"2023-03-12T19:35:40+00:00","dateModified":"2024-10-29T16:23:41+00:00","description":"Asimetri\u010den top je popoln kos kapsulne garderobe. Nosi\u0161 ga lahko s \u0161irokimi kavbojkami, kratkimi hla\u010dami ali kargo hla\u010dami.","breadcrumb":{"@id":"https:\/\/karminacollection.com\/sl\/izdelek\/asimetricen-top-2\/#breadcrumb"},"inLanguage":"sl-SI","potentialAction":[{"@type":"ReadAction","target":["https:\/\/karminacollection.com\/sl\/izdelek\/asimetricen-top-2\/"]}]},{"@type":"ImageObject","inLanguage":"sl-SI","@id":"https:\/\/karminacollection.com\/sl\/izdelek\/asimetricen-top-2\/#primaryimage","url":"https:\/\/karminacollection.com\/wp-content\/uploads\/2023\/03\/asymmetrical-string-top1.webp","contentUrl":"https:\/\/karminacollection.com\/wp-content\/uploads\/2023\/03\/asymmetrical-string-top1.webp","width":1200,"height":1800,"caption":"Asymetrical String Top karmina"},{"@type":"BreadcrumbList","@id":"https:\/\/karminacollection.com\/sl\/izdelek\/asimetricen-top-2\/#breadcrumb","itemListElement":[{"@type":"ListItem","position":1,"name":"Home","item":"https:\/\/karminacollection.com\/sl\/"},{"@type":"ListItem","position":2,"name":"TRGOVINA","item":"https:\/\/karminacollection.com\/sl\/trgovina\/"},{"@type":"ListItem","position":3,"name":"Asimetri\u010den top"}]},{"@type":"WebSite","@id":"https:\/\/karminacollection.com\/sl\/#website","url":"https:\/\/karminacollection.com\/sl\/","name":"Karmina collection","description":"Kapsulna obla\u010dila izdelana v Sloveniji.","publisher":{"@id":"https:\/\/karminacollection.com\/sl\/#\/schema\/person\/3e0a3e6951979c903262ff9bd110595d"},"potentialAction":[{"@type":"SearchAction","target":{"@type":"EntryPoint","urlTemplate":"https:\/\/karminacollection.com\/sl\/?s={search_term_string}"},"query-input":{"@type":"PropertyValueSpecification","valueRequired":true,"valueName":"search_term_string"}}],"inLanguage":"sl-SI"},{"@type":["Person","Organization"],"@id":"https:\/\/karminacollection.com\/sl\/#\/schema\/person\/3e0a3e6951979c903262ff9bd110595d","name":"adm_karmina","image":{"@type":"ImageObject","inLanguage":"sl-SI","@id":"https:\/\/karminacollection.com\/sl\/#\/schema\/person\/image\/","url":"https:\/\/karminacollection.com\/wp-content\/uploads\/2024\/01\/cropped-logo-karmina2.png","contentUrl":"https:\/\/karminacollection.com\/wp-content\/uploads\/2024\/01\/cropped-logo-karmina2.png","width":152,"height":80,"caption":"adm_karmina"},"logo":{"@id":"https:\/\/karminacollection.com\/sl\/#\/schema\/person\/image\/"},"sameAs":["https:\/\/karminacollection.com"]}]}},"_links":{"self":[{"href":"https:\/\/karminacollection.com\/sl\/wp-json\/wp\/v2\/product\/7889","targetHints":{"allow":["GET"]}}],"collection":[{"href":"https:\/\/karminacollection.com\/sl\/wp-json\/wp\/v2\/product"}],"about":[{"href":"https:\/\/karminacollection.com\/sl\/wp-json\/wp\/v2\/types\/product"}],"replies":[{"embeddable":true,"href":"https:\/\/karminacollection.com\/sl\/wp-json\/wp\/v2\/comments?post=7889"}],"wp:featuredmedia":[{"embeddable":true,"href":"https:\/\/karminacollection.com\/sl\/wp-json\/wp\/v2\/media\/7916"}],"wp:attachment":[{"href":"https:\/\/karminacollection.com\/sl\/wp-json\/wp\/v2\/media?parent=7889"}],"wp:term":[{"taxonomy":"product_brand","embeddable":true,"href":"https:\/\/karminacollection.com\/sl\/wp-json\/wp\/v2\/product_brand?post=7889"},{"taxonomy":"product_cat","embeddable":true,"href":"https:\/\/karminacollection.com\/sl\/wp-json\/wp\/v2\/product_cat?post=7889"},{"taxonomy":"product_tag","embeddable":true,"href":"https:\/\/karminacollection.com\/sl\/wp-json\/wp\/v2\/product_tag?post=7889"}],"curies":[{"name":"wp","href":"https:\/\/api.w.org\/{rel}","templated":true}]}}