{"id":4963,"date":"2022-05-17T06:45:08","date_gmt":"2022-05-17T06:45:09","guid":{"rendered":"https:\/\/karminacollection.com\/?post_type=product&#038;p=4963"},"modified":"2024-09-16T12:15:12","modified_gmt":"2024-09-16T12:15:12","slug":"lanene-kratke-hlace","status":"publish","type":"product","link":"https:\/\/karminacollection.com\/sl\/izdelek\/lanene-kratke-hlace\/","title":{"rendered":"Lanene kratke hla\u010de"},"content":{"rendered":"<p><strong>Narejeno v Sloveniji.<\/strong><\/p>\n<p><iframe title=\"YouTube video player\" src=\"https:\/\/www.youtube.com\/embed\/PuQeMselOSI?si=pX9QPfrAobG_XiPa\" width=\"560\" height=\"315\" frameborder=\"0\" allowfullscreen=\"allowfullscreen\"><\/iframe><\/p>\n<p><strong>Velikosti:<\/strong><\/p>\n<p>Diana je visoka 1,73 m in nosi \u0161tevilko 38. Za ve\u010d informacij glede velikosti, kliknite <a href=\"https:\/\/karminacollection.com\/sl\/velikosti\/\">tukaj.<\/a><\/p>\n<p><strong>Material:<\/strong><\/p>\n<p>100% meh\u010dan lan<br \/>\nDovoljeno je strojno pranje na 30 \u00b0C .<br \/>\nPrepovedano beljenje.<br \/>\nLikanje do temperature 110 \u00b0C<br \/>\nDovoljeno pranje v \u010distilnici.<br \/>\nPrepovedana uporaba su\u0161ilca.<\/p>\n<p>&nbsp;<\/p>\n","protected":false},"excerpt":{"rendered":"<p>Oversized kroj lanenih kratkih hla\u010de je idealen kos za poletje. Hla\u010de imajo v pasu elastiko in zadaj majhen \u017eepek. Kroj je nekje med hla\u010dnim krilom in hla\u010dami, kar poskrbi za dodatno ugodje. Ve\u010den kos med poletnimi kosi. Lan je merceriziran in predhodno opran, kar pomeni da ni dodatnega kr\u010denja. S pranjem pa se lan dodatno meh\u010da.<\/p>\n<p>Diana je visoka 173 cm in nosi \u0161tevilko 38.<br \/>\nVzdr\u017eevanje:pranje v pralnem stroju na 30\u00b0C. Prepovedana uporaba su\u0161ilca.<\/p>\n","protected":false},"featured_media":5978,"comment_status":"open","ping_status":"closed","template":"","meta":[],"product_brand":[],"product_cat":[245,80],"product_tag":[],"class_list":{"0":"post-4963","1":"product","2":"type-product","3":"status-publish","4":"has-post-thumbnail","6":"product_cat-hlace-sl","7":"product_cat-hlace-in-krila","9":"first","10":"instock","11":"shipping-taxable","12":"purchasable","13":"product-type-variable","14":"has-default-attributes"},"yoast_head":"<!-- This site is optimized with the Yoast SEO plugin v27.1.1 - https:\/\/yoast.com\/product\/yoast-seo-wordpress\/ -->\n<title>Lanene kratke hla\u010de | Karmina<\/title>\n<meta name=\"description\" content=\"Kratke lanene hla\u010de z elastiko v pasu. Prodajna uspe\u0161nica. Zadaij imajo majhen \u017eepek.\" \/>\n<meta name=\"robots\" content=\"index, follow, max-snippet:-1, max-image-preview:large, max-video-preview:-1\" \/>\n<link rel=\"canonical\" href=\"https:\/\/karminacollection.com\/sl\/izdelek\/lanene-kratke-hlace\/\" \/>\n<meta property=\"og:locale\" content=\"sl_SI\" \/>\n<meta property=\"og:type\" content=\"article\" \/>\n<meta property=\"og:title\" content=\"Lanene kratke hla\u010de | Karmina\" \/>\n<meta property=\"og:description\" content=\"Kratke lanene hla\u010de z elastiko v pasu. Prodajna uspe\u0161nica. Zadaij imajo majhen \u017eepek.\" \/>\n<meta property=\"og:url\" content=\"https:\/\/karminacollection.com\/sl\/izdelek\/lanene-kratke-hlace\/\" \/>\n<meta property=\"og:site_name\" content=\"Karmina\" \/>\n<meta property=\"article:modified_time\" content=\"2024-09-16T12:15:12+00:00\" \/>\n<meta property=\"og:image\" content=\"https:\/\/karminacollection.com\/wp-content\/uploads\/2022\/05\/linen-bundle1.webp\" \/>\n\t<meta property=\"og:image:width\" content=\"1200\" \/>\n\t<meta property=\"og:image:height\" content=\"1800\" \/>\n\t<meta property=\"og:image:type\" content=\"image\/webp\" \/>\n<meta name=\"twitter:label1\" content=\"Est. reading time\" \/>\n\t<meta name=\"twitter:data1\" content=\"1 minuta\" \/>\n<script type=\"application\/ld+json\" class=\"yoast-schema-graph\">{\"@context\":\"https:\/\/schema.org\",\"@graph\":[{\"@type\":\"WebPage\",\"@id\":\"https:\/\/karminacollection.com\/sl\/izdelek\/lanene-kratke-hlace\/\",\"url\":\"https:\/\/karminacollection.com\/sl\/izdelek\/lanene-kratke-hlace\/\",\"name\":\"Lanene kratke hla\u010de | Karmina\",\"isPartOf\":{\"@id\":\"https:\/\/karminacollection.com\/sl\/#website\"},\"primaryImageOfPage\":{\"@id\":\"https:\/\/karminacollection.com\/sl\/izdelek\/lanene-kratke-hlace\/#primaryimage\"},\"image\":{\"@id\":\"https:\/\/karminacollection.com\/sl\/izdelek\/lanene-kratke-hlace\/#primaryimage\"},\"thumbnailUrl\":\"https:\/\/karminacollection.com\/wp-content\/uploads\/2022\/05\/linen-bundle1.webp\",\"datePublished\":\"2022-05-17T06:45:09+00:00\",\"dateModified\":\"2024-09-16T12:15:12+00:00\",\"description\":\"Kratke lanene hla\u010de z elastiko v pasu. Prodajna uspe\u0161nica. Zadaij imajo majhen \u017eepek.\",\"breadcrumb\":{\"@id\":\"https:\/\/karminacollection.com\/sl\/izdelek\/lanene-kratke-hlace\/#breadcrumb\"},\"inLanguage\":\"sl-SI\",\"potentialAction\":[{\"@type\":\"ReadAction\",\"target\":[\"https:\/\/karminacollection.com\/sl\/izdelek\/lanene-kratke-hlace\/\"]}]},{\"@type\":\"ImageObject\",\"inLanguage\":\"sl-SI\",\"@id\":\"https:\/\/karminacollection.com\/sl\/izdelek\/lanene-kratke-hlace\/#primaryimage\",\"url\":\"https:\/\/karminacollection.com\/wp-content\/uploads\/2022\/05\/linen-bundle1.webp\",\"contentUrl\":\"https:\/\/karminacollection.com\/wp-content\/uploads\/2022\/05\/linen-bundle1.webp\",\"width\":1200,\"height\":1800,\"caption\":\"linen bundle karmina\"},{\"@type\":\"BreadcrumbList\",\"@id\":\"https:\/\/karminacollection.com\/sl\/izdelek\/lanene-kratke-hlace\/#breadcrumb\",\"itemListElement\":[{\"@type\":\"ListItem\",\"position\":1,\"name\":\"Home\",\"item\":\"https:\/\/karminacollection.com\/sl\/\"},{\"@type\":\"ListItem\",\"position\":2,\"name\":\"TRGOVINA\",\"item\":\"https:\/\/karminacollection.com\/sl\/trgovina\/\"},{\"@type\":\"ListItem\",\"position\":3,\"name\":\"Lanene kratke hla\u010de\"}]},{\"@type\":\"WebSite\",\"@id\":\"https:\/\/karminacollection.com\/sl\/#website\",\"url\":\"https:\/\/karminacollection.com\/sl\/\",\"name\":\"Karmina collection\",\"description\":\"Kapsulna obla\u010dila izdelana v Sloveniji.\",\"publisher\":{\"@id\":\"https:\/\/karminacollection.com\/sl\/#\/schema\/person\/3e0a3e6951979c903262ff9bd110595d\"},\"potentialAction\":[{\"@type\":\"SearchAction\",\"target\":{\"@type\":\"EntryPoint\",\"urlTemplate\":\"https:\/\/karminacollection.com\/sl\/?s={search_term_string}\"},\"query-input\":{\"@type\":\"PropertyValueSpecification\",\"valueRequired\":true,\"valueName\":\"search_term_string\"}}],\"inLanguage\":\"sl-SI\"},{\"@type\":[\"Person\",\"Organization\"],\"@id\":\"https:\/\/karminacollection.com\/sl\/#\/schema\/person\/3e0a3e6951979c903262ff9bd110595d\",\"name\":\"adm_karmina\",\"image\":{\"@type\":\"ImageObject\",\"inLanguage\":\"sl-SI\",\"@id\":\"https:\/\/karminacollection.com\/sl\/#\/schema\/person\/image\/\",\"url\":\"https:\/\/karminacollection.com\/wp-content\/uploads\/2024\/01\/cropped-logo-karmina2.png\",\"contentUrl\":\"https:\/\/karminacollection.com\/wp-content\/uploads\/2024\/01\/cropped-logo-karmina2.png\",\"width\":152,\"height\":80,\"caption\":\"adm_karmina\"},\"logo\":{\"@id\":\"https:\/\/karminacollection.com\/sl\/#\/schema\/person\/image\/\"},\"sameAs\":[\"https:\/\/karminacollection.com\"]}]}<\/script>\n<!-- \/ Yoast SEO plugin. -->","yoast_head_json":{"title":"Lanene kratke hla\u010de | Karmina","description":"Kratke lanene hla\u010de z elastiko v pasu. Prodajna uspe\u0161nica. Zadaij imajo majhen \u017eepek.","robots":{"index":"index","follow":"follow","max-snippet":"max-snippet:-1","max-image-preview":"max-image-preview:large","max-video-preview":"max-video-preview:-1"},"canonical":"https:\/\/karminacollection.com\/sl\/izdelek\/lanene-kratke-hlace\/","og_locale":"sl_SI","og_type":"article","og_title":"Lanene kratke hla\u010de | Karmina","og_description":"Kratke lanene hla\u010de z elastiko v pasu. Prodajna uspe\u0161nica. Zadaij imajo majhen \u017eepek.","og_url":"https:\/\/karminacollection.com\/sl\/izdelek\/lanene-kratke-hlace\/","og_site_name":"Karmina","article_modified_time":"2024-09-16T12:15:12+00:00","og_image":[{"width":1200,"height":1800,"url":"https:\/\/karminacollection.com\/wp-content\/uploads\/2022\/05\/linen-bundle1.webp","type":"image\/webp"}],"twitter_misc":{"Est. reading time":"1 minuta"},"schema":{"@context":"https:\/\/schema.org","@graph":[{"@type":"WebPage","@id":"https:\/\/karminacollection.com\/sl\/izdelek\/lanene-kratke-hlace\/","url":"https:\/\/karminacollection.com\/sl\/izdelek\/lanene-kratke-hlace\/","name":"Lanene kratke hla\u010de | Karmina","isPartOf":{"@id":"https:\/\/karminacollection.com\/sl\/#website"},"primaryImageOfPage":{"@id":"https:\/\/karminacollection.com\/sl\/izdelek\/lanene-kratke-hlace\/#primaryimage"},"image":{"@id":"https:\/\/karminacollection.com\/sl\/izdelek\/lanene-kratke-hlace\/#primaryimage"},"thumbnailUrl":"https:\/\/karminacollection.com\/wp-content\/uploads\/2022\/05\/linen-bundle1.webp","datePublished":"2022-05-17T06:45:09+00:00","dateModified":"2024-09-16T12:15:12+00:00","description":"Kratke lanene hla\u010de z elastiko v pasu. Prodajna uspe\u0161nica. Zadaij imajo majhen \u017eepek.","breadcrumb":{"@id":"https:\/\/karminacollection.com\/sl\/izdelek\/lanene-kratke-hlace\/#breadcrumb"},"inLanguage":"sl-SI","potentialAction":[{"@type":"ReadAction","target":["https:\/\/karminacollection.com\/sl\/izdelek\/lanene-kratke-hlace\/"]}]},{"@type":"ImageObject","inLanguage":"sl-SI","@id":"https:\/\/karminacollection.com\/sl\/izdelek\/lanene-kratke-hlace\/#primaryimage","url":"https:\/\/karminacollection.com\/wp-content\/uploads\/2022\/05\/linen-bundle1.webp","contentUrl":"https:\/\/karminacollection.com\/wp-content\/uploads\/2022\/05\/linen-bundle1.webp","width":1200,"height":1800,"caption":"linen bundle karmina"},{"@type":"BreadcrumbList","@id":"https:\/\/karminacollection.com\/sl\/izdelek\/lanene-kratke-hlace\/#breadcrumb","itemListElement":[{"@type":"ListItem","position":1,"name":"Home","item":"https:\/\/karminacollection.com\/sl\/"},{"@type":"ListItem","position":2,"name":"TRGOVINA","item":"https:\/\/karminacollection.com\/sl\/trgovina\/"},{"@type":"ListItem","position":3,"name":"Lanene kratke hla\u010de"}]},{"@type":"WebSite","@id":"https:\/\/karminacollection.com\/sl\/#website","url":"https:\/\/karminacollection.com\/sl\/","name":"Karmina collection","description":"Kapsulna obla\u010dila izdelana v Sloveniji.","publisher":{"@id":"https:\/\/karminacollection.com\/sl\/#\/schema\/person\/3e0a3e6951979c903262ff9bd110595d"},"potentialAction":[{"@type":"SearchAction","target":{"@type":"EntryPoint","urlTemplate":"https:\/\/karminacollection.com\/sl\/?s={search_term_string}"},"query-input":{"@type":"PropertyValueSpecification","valueRequired":true,"valueName":"search_term_string"}}],"inLanguage":"sl-SI"},{"@type":["Person","Organization"],"@id":"https:\/\/karminacollection.com\/sl\/#\/schema\/person\/3e0a3e6951979c903262ff9bd110595d","name":"adm_karmina","image":{"@type":"ImageObject","inLanguage":"sl-SI","@id":"https:\/\/karminacollection.com\/sl\/#\/schema\/person\/image\/","url":"https:\/\/karminacollection.com\/wp-content\/uploads\/2024\/01\/cropped-logo-karmina2.png","contentUrl":"https:\/\/karminacollection.com\/wp-content\/uploads\/2024\/01\/cropped-logo-karmina2.png","width":152,"height":80,"caption":"adm_karmina"},"logo":{"@id":"https:\/\/karminacollection.com\/sl\/#\/schema\/person\/image\/"},"sameAs":["https:\/\/karminacollection.com"]}]}},"_links":{"self":[{"href":"https:\/\/karminacollection.com\/sl\/wp-json\/wp\/v2\/product\/4963","targetHints":{"allow":["GET"]}}],"collection":[{"href":"https:\/\/karminacollection.com\/sl\/wp-json\/wp\/v2\/product"}],"about":[{"href":"https:\/\/karminacollection.com\/sl\/wp-json\/wp\/v2\/types\/product"}],"replies":[{"embeddable":true,"href":"https:\/\/karminacollection.com\/sl\/wp-json\/wp\/v2\/comments?post=4963"}],"wp:featuredmedia":[{"embeddable":true,"href":"https:\/\/karminacollection.com\/sl\/wp-json\/wp\/v2\/media\/5978"}],"wp:attachment":[{"href":"https:\/\/karminacollection.com\/sl\/wp-json\/wp\/v2\/media?parent=4963"}],"wp:term":[{"taxonomy":"product_brand","embeddable":true,"href":"https:\/\/karminacollection.com\/sl\/wp-json\/wp\/v2\/product_brand?post=4963"},{"taxonomy":"product_cat","embeddable":true,"href":"https:\/\/karminacollection.com\/sl\/wp-json\/wp\/v2\/product_cat?post=4963"},{"taxonomy":"product_tag","embeddable":true,"href":"https:\/\/karminacollection.com\/sl\/wp-json\/wp\/v2\/product_tag?post=4963"}],"curies":[{"name":"wp","href":"https:\/\/api.w.org\/{rel}","templated":true}]}}