{"id":4932,"date":"2022-05-02T08:38:53","date_gmt":"2022-05-02T08:49:04","guid":{"rendered":"https:\/\/karminacollection.com\/product\/kamisol-top\/"},"modified":"2024-10-23T13:38:50","modified_gmt":"2024-10-23T13:38:50","slug":"kamisol-top","status":"publish","type":"product","link":"https:\/\/karminacollection.com\/sl\/izdelek\/kamisol-top\/","title":{"rendered":"Kamisol top"},"content":{"rendered":"<p><strong>Narejeno v Sloveniji.<\/strong><\/p>\n<p><strong>Velikost:<\/strong><\/p>\n<p>Diana je visoka 1,76 m in nosi \u0161tevilko 40. Za ve\u010d informacij glede velikosti, kliknite tukaj.<\/p>\n<p><strong>Material:<\/strong><\/p>\n<p>100%VI<\/p>\n<p>Dovoljeno je strojno pranje na 30 \u00b0C .<br \/>\nPrepovedano beljenje.<br \/>\nLikanje do temperature 110 \u00b0C<br \/>\nDovoljeno pranje v \u010distilnici.<br \/>\nPrepovedana uporaba su\u0161ilca.<\/p>\n","protected":false},"excerpt":{"rendered":"<p>Ta kamisol top je izdelan iz predhodno oprane viskoze, ki zagotavlja, da se tkanina ne bo kr\u010dila. Spredaj, na prsnem delu, je dvakrat podlo\u017een, kar poskrbi, da ni viden skozi. Vratni izrez je detailno oblikovan, top pa se udobno in spro\u0161\u010deno prilega telesu. Slog slip-on z ne\u017enimi tankimi naramnicami doda eleganten videz, ki je kot nala\u0161\u010d za poletne dni.<\/p>\n<p><strong>Lastnosti:<\/strong><\/p>\n<ul>\n<li>Material: 100% viskoza (predhodno oprana)<\/li>\n<li>Dvakrat podlo\u017een sprednji del<\/li>\n<li>Eleganten vratni izrez<\/li>\n<li>Tanke naramnice<\/li>\n<li>Spro\u0161\u010den in udoben kroj<\/li>\n<\/ul>\n<p>Odli\u010den za kombiniranje s kratkimi hla\u010dami ali krili, za spro\u0161\u010den in eleganten poletni videz.<\/p>\n<p><strong>Podrobnosti:<\/strong><\/p>\n<p>Diana je visoka 176 cm in nosi \u0161tevilko 40.<br \/>\nVzdr\u017eevanje:pranje v pralnem stroju na 30\u00b0C. Prepovedana uporaba su\u0161ilca.<\/p>\n","protected":false},"featured_media":4918,"comment_status":"open","ping_status":"closed","template":"","meta":[],"product_brand":[],"product_cat":[239,84],"product_tag":[],"class_list":{"0":"post-4932","1":"product","2":"type-product","3":"status-publish","4":"has-post-thumbnail","6":"product_cat-kratki-rokavi","7":"product_cat-majice-in-puloverji","9":"first","10":"instock","11":"shipping-taxable","12":"purchasable","13":"product-type-variable","14":"has-default-attributes"},"yoast_head":"<!-- This site is optimized with the Yoast SEO plugin v27.1.1 - https:\/\/yoast.com\/product\/yoast-seo-wordpress\/ -->\n<title>Kamisol top | Karmina<\/title>\n<meta name=\"robots\" content=\"index, follow, max-snippet:-1, max-image-preview:large, max-video-preview:-1\" \/>\n<link rel=\"canonical\" href=\"https:\/\/karminacollection.com\/sl\/izdelek\/kamisol-top\/\" \/>\n<meta property=\"og:locale\" content=\"sl_SI\" \/>\n<meta property=\"og:type\" content=\"article\" \/>\n<meta property=\"og:title\" content=\"Kamisol top | Karmina\" \/>\n<meta property=\"og:description\" content=\"Ta kamisol top je izdelan iz predhodno oprane viskoze, ki zagotavlja, da se tkanina ne bo kr\u010dila. Spredaj, na prsnem delu, je dvakrat podlo\u017een, kar poskrbi, da ni viden skozi. Vratni izrez je detailno oblikovan, top pa se udobno in spro\u0161\u010deno prilega telesu. Slog slip-on z ne\u017enimi tankimi naramnicami doda eleganten videz, ki je kot nala\u0161\u010d za poletne dni.  Lastnosti:   Material: 100% viskoza (predhodno oprana)  Dvakrat podlo\u017een sprednji del  Eleganten vratni izrez  Tanke naramnice  Spro\u0161\u010den in udoben kroj  Odli\u010den za kombiniranje s kratkimi hla\u010dami ali krili, za spro\u0161\u010den in eleganten poletni videz.  Podrobnosti:  Diana je visoka 176 cm in nosi \u0161tevilko 40. Vzdr\u017eevanje:pranje v pralnem stroju na 30\u00b0C. Prepovedana uporaba su\u0161ilca.\" \/>\n<meta property=\"og:url\" content=\"https:\/\/karminacollection.com\/sl\/izdelek\/kamisol-top\/\" \/>\n<meta property=\"og:site_name\" content=\"Karmina\" \/>\n<meta property=\"article:modified_time\" content=\"2024-10-23T13:38:50+00:00\" \/>\n<meta property=\"og:image\" content=\"https:\/\/karminacollection.com\/wp-content\/uploads\/2022\/05\/camisole-top1.webp\" \/>\n\t<meta property=\"og:image:width\" content=\"1200\" \/>\n\t<meta property=\"og:image:height\" content=\"1800\" \/>\n\t<meta property=\"og:image:type\" content=\"image\/webp\" \/>\n<meta name=\"twitter:label1\" content=\"Est. reading time\" \/>\n\t<meta name=\"twitter:data1\" content=\"1 minuta\" \/>\n<script type=\"application\/ld+json\" class=\"yoast-schema-graph\">{\"@context\":\"https:\/\/schema.org\",\"@graph\":[{\"@type\":\"WebPage\",\"@id\":\"https:\/\/karminacollection.com\/sl\/izdelek\/kamisol-top\/\",\"url\":\"https:\/\/karminacollection.com\/sl\/izdelek\/kamisol-top\/\",\"name\":\"Kamisol top | Karmina\",\"isPartOf\":{\"@id\":\"https:\/\/karminacollection.com\/sl\/#website\"},\"primaryImageOfPage\":{\"@id\":\"https:\/\/karminacollection.com\/sl\/izdelek\/kamisol-top\/#primaryimage\"},\"image\":{\"@id\":\"https:\/\/karminacollection.com\/sl\/izdelek\/kamisol-top\/#primaryimage\"},\"thumbnailUrl\":\"https:\/\/karminacollection.com\/wp-content\/uploads\/2022\/05\/camisole-top1.webp\",\"datePublished\":\"2022-05-02T08:49:04+00:00\",\"dateModified\":\"2024-10-23T13:38:50+00:00\",\"breadcrumb\":{\"@id\":\"https:\/\/karminacollection.com\/sl\/izdelek\/kamisol-top\/#breadcrumb\"},\"inLanguage\":\"sl-SI\",\"potentialAction\":[{\"@type\":\"ReadAction\",\"target\":[\"https:\/\/karminacollection.com\/sl\/izdelek\/kamisol-top\/\"]}]},{\"@type\":\"ImageObject\",\"inLanguage\":\"sl-SI\",\"@id\":\"https:\/\/karminacollection.com\/sl\/izdelek\/kamisol-top\/#primaryimage\",\"url\":\"https:\/\/karminacollection.com\/wp-content\/uploads\/2022\/05\/camisole-top1.webp\",\"contentUrl\":\"https:\/\/karminacollection.com\/wp-content\/uploads\/2022\/05\/camisole-top1.webp\",\"width\":1200,\"height\":1800,\"caption\":\"Jeans kratke lahko skombinirate na miljon na\u010dinov\"},{\"@type\":\"BreadcrumbList\",\"@id\":\"https:\/\/karminacollection.com\/sl\/izdelek\/kamisol-top\/#breadcrumb\",\"itemListElement\":[{\"@type\":\"ListItem\",\"position\":1,\"name\":\"Home\",\"item\":\"https:\/\/karminacollection.com\/sl\/\"},{\"@type\":\"ListItem\",\"position\":2,\"name\":\"TRGOVINA\",\"item\":\"https:\/\/karminacollection.com\/sl\/trgovina\/\"},{\"@type\":\"ListItem\",\"position\":3,\"name\":\"Kamisol top\"}]},{\"@type\":\"WebSite\",\"@id\":\"https:\/\/karminacollection.com\/sl\/#website\",\"url\":\"https:\/\/karminacollection.com\/sl\/\",\"name\":\"Karmina collection\",\"description\":\"Kapsulna obla\u010dila izdelana v Sloveniji.\",\"publisher\":{\"@id\":\"https:\/\/karminacollection.com\/sl\/#\/schema\/person\/3e0a3e6951979c903262ff9bd110595d\"},\"potentialAction\":[{\"@type\":\"SearchAction\",\"target\":{\"@type\":\"EntryPoint\",\"urlTemplate\":\"https:\/\/karminacollection.com\/sl\/?s={search_term_string}\"},\"query-input\":{\"@type\":\"PropertyValueSpecification\",\"valueRequired\":true,\"valueName\":\"search_term_string\"}}],\"inLanguage\":\"sl-SI\"},{\"@type\":[\"Person\",\"Organization\"],\"@id\":\"https:\/\/karminacollection.com\/sl\/#\/schema\/person\/3e0a3e6951979c903262ff9bd110595d\",\"name\":\"adm_karmina\",\"image\":{\"@type\":\"ImageObject\",\"inLanguage\":\"sl-SI\",\"@id\":\"https:\/\/karminacollection.com\/sl\/#\/schema\/person\/image\/\",\"url\":\"https:\/\/karminacollection.com\/wp-content\/uploads\/2024\/01\/cropped-logo-karmina2.png\",\"contentUrl\":\"https:\/\/karminacollection.com\/wp-content\/uploads\/2024\/01\/cropped-logo-karmina2.png\",\"width\":152,\"height\":80,\"caption\":\"adm_karmina\"},\"logo\":{\"@id\":\"https:\/\/karminacollection.com\/sl\/#\/schema\/person\/image\/\"},\"sameAs\":[\"https:\/\/karminacollection.com\"]}]}<\/script>\n<!-- \/ Yoast SEO plugin. -->","yoast_head_json":{"title":"Kamisol top | Karmina","robots":{"index":"index","follow":"follow","max-snippet":"max-snippet:-1","max-image-preview":"max-image-preview:large","max-video-preview":"max-video-preview:-1"},"canonical":"https:\/\/karminacollection.com\/sl\/izdelek\/kamisol-top\/","og_locale":"sl_SI","og_type":"article","og_title":"Kamisol top | Karmina","og_description":"Ta kamisol top je izdelan iz predhodno oprane viskoze, ki zagotavlja, da se tkanina ne bo kr\u010dila. Spredaj, na prsnem delu, je dvakrat podlo\u017een, kar poskrbi, da ni viden skozi. Vratni izrez je detailno oblikovan, top pa se udobno in spro\u0161\u010deno prilega telesu. Slog slip-on z ne\u017enimi tankimi naramnicami doda eleganten videz, ki je kot nala\u0161\u010d za poletne dni.  Lastnosti:   Material: 100% viskoza (predhodno oprana)  Dvakrat podlo\u017een sprednji del  Eleganten vratni izrez  Tanke naramnice  Spro\u0161\u010den in udoben kroj  Odli\u010den za kombiniranje s kratkimi hla\u010dami ali krili, za spro\u0161\u010den in eleganten poletni videz.  Podrobnosti:  Diana je visoka 176 cm in nosi \u0161tevilko 40. Vzdr\u017eevanje:pranje v pralnem stroju na 30\u00b0C. Prepovedana uporaba su\u0161ilca.","og_url":"https:\/\/karminacollection.com\/sl\/izdelek\/kamisol-top\/","og_site_name":"Karmina","article_modified_time":"2024-10-23T13:38:50+00:00","og_image":[{"width":1200,"height":1800,"url":"https:\/\/karminacollection.com\/wp-content\/uploads\/2022\/05\/camisole-top1.webp","type":"image\/webp"}],"twitter_misc":{"Est. reading time":"1 minuta"},"schema":{"@context":"https:\/\/schema.org","@graph":[{"@type":"WebPage","@id":"https:\/\/karminacollection.com\/sl\/izdelek\/kamisol-top\/","url":"https:\/\/karminacollection.com\/sl\/izdelek\/kamisol-top\/","name":"Kamisol top | Karmina","isPartOf":{"@id":"https:\/\/karminacollection.com\/sl\/#website"},"primaryImageOfPage":{"@id":"https:\/\/karminacollection.com\/sl\/izdelek\/kamisol-top\/#primaryimage"},"image":{"@id":"https:\/\/karminacollection.com\/sl\/izdelek\/kamisol-top\/#primaryimage"},"thumbnailUrl":"https:\/\/karminacollection.com\/wp-content\/uploads\/2022\/05\/camisole-top1.webp","datePublished":"2022-05-02T08:49:04+00:00","dateModified":"2024-10-23T13:38:50+00:00","breadcrumb":{"@id":"https:\/\/karminacollection.com\/sl\/izdelek\/kamisol-top\/#breadcrumb"},"inLanguage":"sl-SI","potentialAction":[{"@type":"ReadAction","target":["https:\/\/karminacollection.com\/sl\/izdelek\/kamisol-top\/"]}]},{"@type":"ImageObject","inLanguage":"sl-SI","@id":"https:\/\/karminacollection.com\/sl\/izdelek\/kamisol-top\/#primaryimage","url":"https:\/\/karminacollection.com\/wp-content\/uploads\/2022\/05\/camisole-top1.webp","contentUrl":"https:\/\/karminacollection.com\/wp-content\/uploads\/2022\/05\/camisole-top1.webp","width":1200,"height":1800,"caption":"Jeans kratke lahko skombinirate na miljon na\u010dinov"},{"@type":"BreadcrumbList","@id":"https:\/\/karminacollection.com\/sl\/izdelek\/kamisol-top\/#breadcrumb","itemListElement":[{"@type":"ListItem","position":1,"name":"Home","item":"https:\/\/karminacollection.com\/sl\/"},{"@type":"ListItem","position":2,"name":"TRGOVINA","item":"https:\/\/karminacollection.com\/sl\/trgovina\/"},{"@type":"ListItem","position":3,"name":"Kamisol top"}]},{"@type":"WebSite","@id":"https:\/\/karminacollection.com\/sl\/#website","url":"https:\/\/karminacollection.com\/sl\/","name":"Karmina collection","description":"Kapsulna obla\u010dila izdelana v Sloveniji.","publisher":{"@id":"https:\/\/karminacollection.com\/sl\/#\/schema\/person\/3e0a3e6951979c903262ff9bd110595d"},"potentialAction":[{"@type":"SearchAction","target":{"@type":"EntryPoint","urlTemplate":"https:\/\/karminacollection.com\/sl\/?s={search_term_string}"},"query-input":{"@type":"PropertyValueSpecification","valueRequired":true,"valueName":"search_term_string"}}],"inLanguage":"sl-SI"},{"@type":["Person","Organization"],"@id":"https:\/\/karminacollection.com\/sl\/#\/schema\/person\/3e0a3e6951979c903262ff9bd110595d","name":"adm_karmina","image":{"@type":"ImageObject","inLanguage":"sl-SI","@id":"https:\/\/karminacollection.com\/sl\/#\/schema\/person\/image\/","url":"https:\/\/karminacollection.com\/wp-content\/uploads\/2024\/01\/cropped-logo-karmina2.png","contentUrl":"https:\/\/karminacollection.com\/wp-content\/uploads\/2024\/01\/cropped-logo-karmina2.png","width":152,"height":80,"caption":"adm_karmina"},"logo":{"@id":"https:\/\/karminacollection.com\/sl\/#\/schema\/person\/image\/"},"sameAs":["https:\/\/karminacollection.com"]}]}},"_links":{"self":[{"href":"https:\/\/karminacollection.com\/sl\/wp-json\/wp\/v2\/product\/4932","targetHints":{"allow":["GET"]}}],"collection":[{"href":"https:\/\/karminacollection.com\/sl\/wp-json\/wp\/v2\/product"}],"about":[{"href":"https:\/\/karminacollection.com\/sl\/wp-json\/wp\/v2\/types\/product"}],"replies":[{"embeddable":true,"href":"https:\/\/karminacollection.com\/sl\/wp-json\/wp\/v2\/comments?post=4932"}],"wp:featuredmedia":[{"embeddable":true,"href":"https:\/\/karminacollection.com\/sl\/wp-json\/wp\/v2\/media\/4918"}],"wp:attachment":[{"href":"https:\/\/karminacollection.com\/sl\/wp-json\/wp\/v2\/media?parent=4932"}],"wp:term":[{"taxonomy":"product_brand","embeddable":true,"href":"https:\/\/karminacollection.com\/sl\/wp-json\/wp\/v2\/product_brand?post=4932"},{"taxonomy":"product_cat","embeddable":true,"href":"https:\/\/karminacollection.com\/sl\/wp-json\/wp\/v2\/product_cat?post=4932"},{"taxonomy":"product_tag","embeddable":true,"href":"https:\/\/karminacollection.com\/sl\/wp-json\/wp\/v2\/product_tag?post=4932"}],"curies":[{"name":"wp","href":"https:\/\/api.w.org\/{rel}","templated":true}]}}