{"id":4685,"date":"2022-03-29T18:01:04","date_gmt":"2022-03-29T18:26:26","guid":{"rendered":"https:\/\/karminacollection.com\/product\/jeans-kargo-hlace\/"},"modified":"2025-04-22T19:00:27","modified_gmt":"2025-04-22T19:00:27","slug":"jeans-kargo-hlace","status":"publish","type":"product","link":"https:\/\/karminacollection.com\/sl\/izdelek\/jeans-kargo-hlace\/","title":{"rendered":"Jeans kargo hla\u010de"},"content":{"rendered":"<p><strong>Velikost:<\/strong><\/p>\n<p>Gaja je visoka 1,68 m in nosi velikost 36\/38. Za ve\u010d informacij glede velikosti, kliknite <a href=\"https:\/\/karminacollection.com\/sl\/velikosti\/\">tukaj.<\/a><\/p>\n<p><strong>Material:<\/strong><\/p>\n<p>Hla\u010de so izdelane iz temnomodrega tanj\u0161ega jeansa. Prijeten na otip, lahek, neelasti\u010den jeans bomba\u017e.<br \/>\n100% jeans bomba\u017e<br \/>\nDovoljeno je strojno pranje na 30\u00b0C .<br \/>\nPrepovedano beljenje.<br \/>\nLikanje do temperature 110\u00b0C<br \/>\nDovoljeno pranje v \u010distilnici.<br \/>\nPrepovedana uporaba su\u0161ilca.<\/p>\n<p><strong>Narejeno v Sloveniji.<\/strong><\/p>\n","protected":false},"excerpt":{"rendered":"<p>Jeans kargo hla\u010de so jeans hla\u010de z visokim pasom, ki jih oblikuje rahlo zaobljena oblika hla\u010dnic, ki se zo\u017ei spredaj, elasti\u010den visok pas z trakom in stranski \u017eepi. V\u0161itek in razporek na srednji hla\u010dnici hla\u010dam dajeta edinstven videz. Hla\u010de so zelo enostavne za kombiniranje in obla\u010denje. V\u0161itek in razporek na srednji hla\u010dnici hla\u010dam dajeta edinstven videz japonskega minimalizma. Hla\u010de so zelo enostavne za kombiniranje in obla\u010denje, ker imajo v pasu elastiko. Zadaj po sredini so krojene in imajo \u0161iv, ki poskrbi za prileganje.<\/p>\n<p>Hla\u010de so najbolj priljubljen in prodajan model hla\u010de kolekcije Karmina.<\/p>\n<p>Gaja je visoka 1,68 m in nosi velikost 36\/38.<br \/>\nVzdr\u017eevanje:pranje v pralnem stroju na 30\u00b0C. Prepovedana uporaba su\u0161ilca.<\/p>\n","protected":false},"featured_media":14008,"comment_status":"open","ping_status":"closed","template":"","meta":[],"product_brand":[],"product_cat":[245,80],"product_tag":[],"class_list":{"0":"post-4685","1":"product","2":"type-product","3":"status-publish","4":"has-post-thumbnail","6":"product_cat-hlace-sl","7":"product_cat-hlace-in-krila","9":"first","10":"instock","11":"featured","12":"shipping-taxable","13":"purchasable","14":"product-type-variable","15":"has-default-attributes"},"yoast_head":"<!-- This site is optimized with the Yoast SEO plugin v27.1.1 - https:\/\/yoast.com\/product\/yoast-seo-wordpress\/ -->\n<title>Jeans kargo hla\u010de | Karmina<\/title>\n<meta name=\"description\" content=\"Najbolj priljubljen model Karmina hla\u010d z visokim pasom, v\u0161itkom in razporkom. Udobne, elasti\u010dne in enostavne za kombiniranje v vsakem stilu.\" \/>\n<meta name=\"robots\" content=\"index, follow, max-snippet:-1, max-image-preview:large, max-video-preview:-1\" \/>\n<link rel=\"canonical\" href=\"https:\/\/karminacollection.com\/sl\/izdelek\/jeans-kargo-hlace\/\" \/>\n<meta property=\"og:locale\" content=\"sl_SI\" \/>\n<meta property=\"og:type\" content=\"article\" \/>\n<meta property=\"og:title\" content=\"Jeans kargo hla\u010de | Karmina\" \/>\n<meta property=\"og:description\" content=\"Najbolj priljubljen model Karmina hla\u010d z visokim pasom, v\u0161itkom in razporkom. Udobne, elasti\u010dne in enostavne za kombiniranje v vsakem stilu.\" \/>\n<meta property=\"og:url\" content=\"https:\/\/karminacollection.com\/sl\/izdelek\/jeans-kargo-hlace\/\" \/>\n<meta property=\"og:site_name\" content=\"Karmina\" \/>\n<meta property=\"article:modified_time\" content=\"2025-04-22T19:00:27+00:00\" \/>\n<meta property=\"og:image\" content=\"https:\/\/karminacollection.com\/wp-content\/uploads\/2022\/03\/cargo-jeans6.jpg\" \/>\n\t<meta property=\"og:image:width\" content=\"600\" \/>\n\t<meta property=\"og:image:height\" content=\"900\" \/>\n\t<meta property=\"og:image:type\" content=\"image\/jpeg\" \/>\n<meta name=\"twitter:label1\" content=\"Est. reading time\" \/>\n\t<meta name=\"twitter:data1\" content=\"1 minuta\" \/>\n<script type=\"application\/ld+json\" class=\"yoast-schema-graph\">{\"@context\":\"https:\/\/schema.org\",\"@graph\":[{\"@type\":\"WebPage\",\"@id\":\"https:\/\/karminacollection.com\/sl\/izdelek\/jeans-kargo-hlace\/\",\"url\":\"https:\/\/karminacollection.com\/sl\/izdelek\/jeans-kargo-hlace\/\",\"name\":\"Jeans kargo hla\u010de | Karmina\",\"isPartOf\":{\"@id\":\"https:\/\/karminacollection.com\/sl\/#website\"},\"primaryImageOfPage\":{\"@id\":\"https:\/\/karminacollection.com\/sl\/izdelek\/jeans-kargo-hlace\/#primaryimage\"},\"image\":{\"@id\":\"https:\/\/karminacollection.com\/sl\/izdelek\/jeans-kargo-hlace\/#primaryimage\"},\"thumbnailUrl\":\"https:\/\/karminacollection.com\/wp-content\/uploads\/2022\/03\/cargo-jeans6.jpg\",\"datePublished\":\"2022-03-29T18:26:26+00:00\",\"dateModified\":\"2025-04-22T19:00:27+00:00\",\"description\":\"Najbolj priljubljen model Karmina hla\u010d z visokim pasom, v\u0161itkom in razporkom. Udobne, elasti\u010dne in enostavne za kombiniranje v vsakem stilu.\",\"breadcrumb\":{\"@id\":\"https:\/\/karminacollection.com\/sl\/izdelek\/jeans-kargo-hlace\/#breadcrumb\"},\"inLanguage\":\"sl-SI\",\"potentialAction\":[{\"@type\":\"ReadAction\",\"target\":[\"https:\/\/karminacollection.com\/sl\/izdelek\/jeans-kargo-hlace\/\"]}]},{\"@type\":\"ImageObject\",\"inLanguage\":\"sl-SI\",\"@id\":\"https:\/\/karminacollection.com\/sl\/izdelek\/jeans-kargo-hlace\/#primaryimage\",\"url\":\"https:\/\/karminacollection.com\/wp-content\/uploads\/2022\/03\/cargo-jeans6.jpg\",\"contentUrl\":\"https:\/\/karminacollection.com\/wp-content\/uploads\/2022\/03\/cargo-jeans6.jpg\",\"width\":600,\"height\":900},{\"@type\":\"BreadcrumbList\",\"@id\":\"https:\/\/karminacollection.com\/sl\/izdelek\/jeans-kargo-hlace\/#breadcrumb\",\"itemListElement\":[{\"@type\":\"ListItem\",\"position\":1,\"name\":\"Home\",\"item\":\"https:\/\/karminacollection.com\/sl\/\"},{\"@type\":\"ListItem\",\"position\":2,\"name\":\"TRGOVINA\",\"item\":\"https:\/\/karminacollection.com\/sl\/trgovina\/\"},{\"@type\":\"ListItem\",\"position\":3,\"name\":\"Jeans kargo hla\u010de\"}]},{\"@type\":\"WebSite\",\"@id\":\"https:\/\/karminacollection.com\/sl\/#website\",\"url\":\"https:\/\/karminacollection.com\/sl\/\",\"name\":\"Karmina collection\",\"description\":\"Kapsulna obla\u010dila izdelana v Sloveniji.\",\"publisher\":{\"@id\":\"https:\/\/karminacollection.com\/sl\/#\/schema\/person\/3e0a3e6951979c903262ff9bd110595d\"},\"potentialAction\":[{\"@type\":\"SearchAction\",\"target\":{\"@type\":\"EntryPoint\",\"urlTemplate\":\"https:\/\/karminacollection.com\/sl\/?s={search_term_string}\"},\"query-input\":{\"@type\":\"PropertyValueSpecification\",\"valueRequired\":true,\"valueName\":\"search_term_string\"}}],\"inLanguage\":\"sl-SI\"},{\"@type\":[\"Person\",\"Organization\"],\"@id\":\"https:\/\/karminacollection.com\/sl\/#\/schema\/person\/3e0a3e6951979c903262ff9bd110595d\",\"name\":\"adm_karmina\",\"image\":{\"@type\":\"ImageObject\",\"inLanguage\":\"sl-SI\",\"@id\":\"https:\/\/karminacollection.com\/sl\/#\/schema\/person\/image\/\",\"url\":\"https:\/\/karminacollection.com\/wp-content\/uploads\/2024\/01\/cropped-logo-karmina2.png\",\"contentUrl\":\"https:\/\/karminacollection.com\/wp-content\/uploads\/2024\/01\/cropped-logo-karmina2.png\",\"width\":152,\"height\":80,\"caption\":\"adm_karmina\"},\"logo\":{\"@id\":\"https:\/\/karminacollection.com\/sl\/#\/schema\/person\/image\/\"},\"sameAs\":[\"https:\/\/karminacollection.com\"]}]}<\/script>\n<!-- \/ Yoast SEO plugin. -->","yoast_head_json":{"title":"Jeans kargo hla\u010de | Karmina","description":"Najbolj priljubljen model Karmina hla\u010d z visokim pasom, v\u0161itkom in razporkom. Udobne, elasti\u010dne in enostavne za kombiniranje v vsakem stilu.","robots":{"index":"index","follow":"follow","max-snippet":"max-snippet:-1","max-image-preview":"max-image-preview:large","max-video-preview":"max-video-preview:-1"},"canonical":"https:\/\/karminacollection.com\/sl\/izdelek\/jeans-kargo-hlace\/","og_locale":"sl_SI","og_type":"article","og_title":"Jeans kargo hla\u010de | Karmina","og_description":"Najbolj priljubljen model Karmina hla\u010d z visokim pasom, v\u0161itkom in razporkom. Udobne, elasti\u010dne in enostavne za kombiniranje v vsakem stilu.","og_url":"https:\/\/karminacollection.com\/sl\/izdelek\/jeans-kargo-hlace\/","og_site_name":"Karmina","article_modified_time":"2025-04-22T19:00:27+00:00","og_image":[{"width":600,"height":900,"url":"https:\/\/karminacollection.com\/wp-content\/uploads\/2022\/03\/cargo-jeans6.jpg","type":"image\/jpeg"}],"twitter_misc":{"Est. reading time":"1 minuta"},"schema":{"@context":"https:\/\/schema.org","@graph":[{"@type":"WebPage","@id":"https:\/\/karminacollection.com\/sl\/izdelek\/jeans-kargo-hlace\/","url":"https:\/\/karminacollection.com\/sl\/izdelek\/jeans-kargo-hlace\/","name":"Jeans kargo hla\u010de | Karmina","isPartOf":{"@id":"https:\/\/karminacollection.com\/sl\/#website"},"primaryImageOfPage":{"@id":"https:\/\/karminacollection.com\/sl\/izdelek\/jeans-kargo-hlace\/#primaryimage"},"image":{"@id":"https:\/\/karminacollection.com\/sl\/izdelek\/jeans-kargo-hlace\/#primaryimage"},"thumbnailUrl":"https:\/\/karminacollection.com\/wp-content\/uploads\/2022\/03\/cargo-jeans6.jpg","datePublished":"2022-03-29T18:26:26+00:00","dateModified":"2025-04-22T19:00:27+00:00","description":"Najbolj priljubljen model Karmina hla\u010d z visokim pasom, v\u0161itkom in razporkom. Udobne, elasti\u010dne in enostavne za kombiniranje v vsakem stilu.","breadcrumb":{"@id":"https:\/\/karminacollection.com\/sl\/izdelek\/jeans-kargo-hlace\/#breadcrumb"},"inLanguage":"sl-SI","potentialAction":[{"@type":"ReadAction","target":["https:\/\/karminacollection.com\/sl\/izdelek\/jeans-kargo-hlace\/"]}]},{"@type":"ImageObject","inLanguage":"sl-SI","@id":"https:\/\/karminacollection.com\/sl\/izdelek\/jeans-kargo-hlace\/#primaryimage","url":"https:\/\/karminacollection.com\/wp-content\/uploads\/2022\/03\/cargo-jeans6.jpg","contentUrl":"https:\/\/karminacollection.com\/wp-content\/uploads\/2022\/03\/cargo-jeans6.jpg","width":600,"height":900},{"@type":"BreadcrumbList","@id":"https:\/\/karminacollection.com\/sl\/izdelek\/jeans-kargo-hlace\/#breadcrumb","itemListElement":[{"@type":"ListItem","position":1,"name":"Home","item":"https:\/\/karminacollection.com\/sl\/"},{"@type":"ListItem","position":2,"name":"TRGOVINA","item":"https:\/\/karminacollection.com\/sl\/trgovina\/"},{"@type":"ListItem","position":3,"name":"Jeans kargo hla\u010de"}]},{"@type":"WebSite","@id":"https:\/\/karminacollection.com\/sl\/#website","url":"https:\/\/karminacollection.com\/sl\/","name":"Karmina collection","description":"Kapsulna obla\u010dila izdelana v Sloveniji.","publisher":{"@id":"https:\/\/karminacollection.com\/sl\/#\/schema\/person\/3e0a3e6951979c903262ff9bd110595d"},"potentialAction":[{"@type":"SearchAction","target":{"@type":"EntryPoint","urlTemplate":"https:\/\/karminacollection.com\/sl\/?s={search_term_string}"},"query-input":{"@type":"PropertyValueSpecification","valueRequired":true,"valueName":"search_term_string"}}],"inLanguage":"sl-SI"},{"@type":["Person","Organization"],"@id":"https:\/\/karminacollection.com\/sl\/#\/schema\/person\/3e0a3e6951979c903262ff9bd110595d","name":"adm_karmina","image":{"@type":"ImageObject","inLanguage":"sl-SI","@id":"https:\/\/karminacollection.com\/sl\/#\/schema\/person\/image\/","url":"https:\/\/karminacollection.com\/wp-content\/uploads\/2024\/01\/cropped-logo-karmina2.png","contentUrl":"https:\/\/karminacollection.com\/wp-content\/uploads\/2024\/01\/cropped-logo-karmina2.png","width":152,"height":80,"caption":"adm_karmina"},"logo":{"@id":"https:\/\/karminacollection.com\/sl\/#\/schema\/person\/image\/"},"sameAs":["https:\/\/karminacollection.com"]}]}},"_links":{"self":[{"href":"https:\/\/karminacollection.com\/sl\/wp-json\/wp\/v2\/product\/4685","targetHints":{"allow":["GET"]}}],"collection":[{"href":"https:\/\/karminacollection.com\/sl\/wp-json\/wp\/v2\/product"}],"about":[{"href":"https:\/\/karminacollection.com\/sl\/wp-json\/wp\/v2\/types\/product"}],"replies":[{"embeddable":true,"href":"https:\/\/karminacollection.com\/sl\/wp-json\/wp\/v2\/comments?post=4685"}],"wp:featuredmedia":[{"embeddable":true,"href":"https:\/\/karminacollection.com\/sl\/wp-json\/wp\/v2\/media\/14008"}],"wp:attachment":[{"href":"https:\/\/karminacollection.com\/sl\/wp-json\/wp\/v2\/media?parent=4685"}],"wp:term":[{"taxonomy":"product_brand","embeddable":true,"href":"https:\/\/karminacollection.com\/sl\/wp-json\/wp\/v2\/product_brand?post=4685"},{"taxonomy":"product_cat","embeddable":true,"href":"https:\/\/karminacollection.com\/sl\/wp-json\/wp\/v2\/product_cat?post=4685"},{"taxonomy":"product_tag","embeddable":true,"href":"https:\/\/karminacollection.com\/sl\/wp-json\/wp\/v2\/product_tag?post=4685"}],"curies":[{"name":"wp","href":"https:\/\/api.w.org\/{rel}","templated":true}]}}