{"id":16502,"date":"2026-04-06T12:16:32","date_gmt":"2026-04-06T12:16:32","guid":{"rendered":"https:\/\/karminacollection.com\/product\/raglan-majica-iz-waffle-pletenine\/"},"modified":"2026-04-07T05:53:33","modified_gmt":"2026-04-07T05:53:33","slug":"raglan-majica-iz-waffle-pletenine","status":"publish","type":"product","link":"https:\/\/karminacollection.com\/sl\/izdelek\/raglan-majica-iz-waffle-pletenine\/","title":{"rendered":"Raglan majica iz waffle pletenine"},"content":{"rendered":"<p><strong>Narejeno v Sloveniji.<\/strong><\/p>\n<p><strong>Velikost:<\/strong><\/p>\n<p>Model je visok 168 cm. Za ve\u010d informacij o velikostih kliknite<a href=\"https:\/\/karminacollection.com\/sl\/velikosti\/\"> tukaj.<\/a><\/p>\n<p><strong>Material:<\/strong><\/p>\n<p>Waffle pletenina iz 100 % bomba\u017ea. Mehka, zra\u010dna in prijetna na ko\u017ei. S te\u017eo 300 g\/m\u00b2 deluje bolj kompaktno in kakovostno, hkrati pa ohranja pro\u017enost.  <\/p>\n<div class=\"group\/conversation-turn relative flex w-full min-w-0 flex-col agent-turn\">\n<div class=\"flex-col gap-1 md:gap-3\">\n<div class=\"flex max-w-full flex-col flex-grow\">\n<div class=\"min-h-8 text-message flex w-full flex-col items-end gap-2 whitespace-normal break-words text-start [.text-message+&amp;]:mt-5\" dir=\"auto\" data-message-author-role=\"assistant\" data-message-id=\"9c1c52fc-2d6f-4da3-9085-18186ec0b068\" data-message-model-slug=\"gpt-4o\">\n<div class=\"flex w-full flex-col gap-1 empty:hidden first:pt-[3px]\">\n<div class=\"markdown prose w-full break-words dark:prose-invert light\">\n<p>Perite ne\u017eno pri 30 \u00b0C z nizkimi obrati (600). Likanje pri srednji temperaturi (dve piki).  Prepovedana uporaba su\u0161ilca.<\/p>\n<\/div>\n<\/div>\n<\/div>\n<\/div>\n<\/div>\n<\/div>\n","protected":false},"excerpt":{"rendered":"<p>Sodobna, minimalisti\u010dna raglan majica iz mehke waffle pletenine. Izdelana iz 100 % bomba\u017ea, je tkanina zra\u010dna, udobna in prijetna na ko\u017ei. Njena subtilno teksturirana povr\u0161ina in nekoliko bolj kompaktna struktura zdru\u017eujeta mehkobo in obliko za vsakodnevno no\u0161enje.  <\/p>\n<p>Raglan rokavi ustvarjajo spro\u0161\u010deno, lahkotno silhueto, ki naravno pada ob telesu. \u010cist izrez ohranja videz prefinjen in vsestranski, medtem ko patent na rokavih in v pasu doda ne\u017eno strukturo in ravnovesje. Rokave lahko enostavno zavihate, kar omogo\u010da prilagodljivo stiliranje.  <\/p>\n<p>Oblikovana v ne\u017enem belem ekru odtenku, se majica brezhibno vklju\u010di v minimalisti\u010dno garderobo \u2014 enostavna za no\u0161enje, lahka za kombiniranje in ustvarjena za vsakodnevno udobje s sodobnim pridihom.<\/p>\n<p><strong>Podrobnosti:<\/strong><\/p>\n<ul>\n<li>Waffle pletenina, 100 % bomba\u017e.<\/li>\n<li>Raglan rokavi za spro\u0161\u010deno silhueto.<\/li>\n<li>Vratni izrez z ovratnikom<\/li>\n<li>Patent na rokavih se lahko zaviha<\/li>\n<li>Umazano bele barve<\/li>\n<li>Mehka, zra\u010dna in prijetna na ko\u017ei.<\/li>\n<\/ul>\n<p>One size<br data-start=\"1010\" data-end=\"1013\">Prsni obseg: approx. 100 cm<br data-start=\"1033\" data-end=\"1036\">Pas: approx. 84 cm  <\/p>\n","protected":false},"featured_media":16496,"comment_status":"open","ping_status":"closed","template":"","meta":[],"product_brand":[],"product_cat":[86],"product_tag":[],"class_list":{"0":"post-16502","1":"product","2":"type-product","3":"status-publish","4":"has-post-thumbnail","6":"product_cat-nekategorizirano","8":"first","9":"instock","10":"shipping-taxable","11":"purchasable","12":"product-type-simple"},"yoast_head":"<!-- This site is optimized with the Yoast SEO plugin v27.1.1 - https:\/\/yoast.com\/product\/yoast-seo-wordpress\/ -->\n<title>Raglan majica iz waffle pletenine | Karmina<\/title>\n<meta name=\"description\" content=\"Minimalisti\u010dna raglan majica iz waffle pletenine, 100 % bomba\u017e. Mehka, zra\u010dna in udobna. Spro\u0161\u010den kroj v ekru odtenku, popolna za vsak dan.\" \/>\n<meta name=\"robots\" content=\"index, follow, max-snippet:-1, max-image-preview:large, max-video-preview:-1\" \/>\n<link rel=\"canonical\" href=\"https:\/\/karminacollection.com\/sl\/izdelek\/raglan-majica-iz-waffle-pletenine\/\" \/>\n<meta property=\"og:locale\" content=\"sl_SI\" \/>\n<meta property=\"og:type\" content=\"article\" \/>\n<meta property=\"og:title\" content=\"Raglan majica iz waffle pletenine | Karmina\" \/>\n<meta property=\"og:description\" content=\"Minimalisti\u010dna raglan majica iz waffle pletenine, 100 % bomba\u017e. Mehka, zra\u010dna in udobna. Spro\u0161\u010den kroj v ekru odtenku, popolna za vsak dan.\" \/>\n<meta property=\"og:url\" content=\"https:\/\/karminacollection.com\/sl\/izdelek\/raglan-majica-iz-waffle-pletenine\/\" \/>\n<meta property=\"og:site_name\" content=\"Karmina\" \/>\n<meta property=\"article:modified_time\" content=\"2026-04-07T05:53:33+00:00\" \/>\n<meta property=\"og:image\" content=\"https:\/\/karminacollection.com\/wp-content\/uploads\/2026\/04\/Waffle-Knit-Raglan-Top-3-scaled.webp\" \/>\n\t<meta property=\"og:image:width\" content=\"1707\" \/>\n\t<meta property=\"og:image:height\" content=\"2560\" \/>\n\t<meta property=\"og:image:type\" content=\"image\/webp\" \/>\n<script type=\"application\/ld+json\" class=\"yoast-schema-graph\">{\"@context\":\"https:\/\/schema.org\",\"@graph\":[{\"@type\":\"WebPage\",\"@id\":\"https:\/\/karminacollection.com\/sl\/izdelek\/raglan-majica-iz-waffle-pletenine\/\",\"url\":\"https:\/\/karminacollection.com\/sl\/izdelek\/raglan-majica-iz-waffle-pletenine\/\",\"name\":\"Raglan majica iz waffle pletenine | Karmina\",\"isPartOf\":{\"@id\":\"https:\/\/karminacollection.com\/sl\/#website\"},\"primaryImageOfPage\":{\"@id\":\"https:\/\/karminacollection.com\/sl\/izdelek\/raglan-majica-iz-waffle-pletenine\/#primaryimage\"},\"image\":{\"@id\":\"https:\/\/karminacollection.com\/sl\/izdelek\/raglan-majica-iz-waffle-pletenine\/#primaryimage\"},\"thumbnailUrl\":\"https:\/\/karminacollection.com\/wp-content\/uploads\/2026\/04\/Waffle-Knit-Raglan-Top-3-scaled.webp\",\"datePublished\":\"2026-04-06T12:16:32+00:00\",\"dateModified\":\"2026-04-07T05:53:33+00:00\",\"description\":\"Minimalisti\u010dna raglan majica iz waffle pletenine, 100 % bomba\u017e. Mehka, zra\u010dna in udobna. Spro\u0161\u010den kroj v ekru odtenku, popolna za vsak dan.\",\"breadcrumb\":{\"@id\":\"https:\/\/karminacollection.com\/sl\/izdelek\/raglan-majica-iz-waffle-pletenine\/#breadcrumb\"},\"inLanguage\":\"sl-SI\",\"potentialAction\":[{\"@type\":\"ReadAction\",\"target\":[\"https:\/\/karminacollection.com\/sl\/izdelek\/raglan-majica-iz-waffle-pletenine\/\"]}]},{\"@type\":\"ImageObject\",\"inLanguage\":\"sl-SI\",\"@id\":\"https:\/\/karminacollection.com\/sl\/izdelek\/raglan-majica-iz-waffle-pletenine\/#primaryimage\",\"url\":\"https:\/\/karminacollection.com\/wp-content\/uploads\/2026\/04\/Waffle-Knit-Raglan-Top-3-scaled.webp\",\"contentUrl\":\"https:\/\/karminacollection.com\/wp-content\/uploads\/2026\/04\/Waffle-Knit-Raglan-Top-3-scaled.webp\",\"width\":1707,\"height\":2560},{\"@type\":\"BreadcrumbList\",\"@id\":\"https:\/\/karminacollection.com\/sl\/izdelek\/raglan-majica-iz-waffle-pletenine\/#breadcrumb\",\"itemListElement\":[{\"@type\":\"ListItem\",\"position\":1,\"name\":\"Home\",\"item\":\"https:\/\/karminacollection.com\/sl\/\"},{\"@type\":\"ListItem\",\"position\":2,\"name\":\"TRGOVINA\",\"item\":\"https:\/\/karminacollection.com\/sl\/trgovina\/\"},{\"@type\":\"ListItem\",\"position\":3,\"name\":\"Raglan majica iz waffle pletenine\"}]},{\"@type\":\"WebSite\",\"@id\":\"https:\/\/karminacollection.com\/sl\/#website\",\"url\":\"https:\/\/karminacollection.com\/sl\/\",\"name\":\"Karmina collection\",\"description\":\"Kapsulna obla\u010dila izdelana v Sloveniji.\",\"publisher\":{\"@id\":\"https:\/\/karminacollection.com\/sl\/#\/schema\/person\/3e0a3e6951979c903262ff9bd110595d\"},\"potentialAction\":[{\"@type\":\"SearchAction\",\"target\":{\"@type\":\"EntryPoint\",\"urlTemplate\":\"https:\/\/karminacollection.com\/sl\/?s={search_term_string}\"},\"query-input\":{\"@type\":\"PropertyValueSpecification\",\"valueRequired\":true,\"valueName\":\"search_term_string\"}}],\"inLanguage\":\"sl-SI\"},{\"@type\":[\"Person\",\"Organization\"],\"@id\":\"https:\/\/karminacollection.com\/sl\/#\/schema\/person\/3e0a3e6951979c903262ff9bd110595d\",\"name\":\"adm_karmina\",\"image\":{\"@type\":\"ImageObject\",\"inLanguage\":\"sl-SI\",\"@id\":\"https:\/\/karminacollection.com\/sl\/#\/schema\/person\/image\/\",\"url\":\"https:\/\/karminacollection.com\/wp-content\/uploads\/2024\/01\/cropped-logo-karmina2.png\",\"contentUrl\":\"https:\/\/karminacollection.com\/wp-content\/uploads\/2024\/01\/cropped-logo-karmina2.png\",\"width\":152,\"height\":80,\"caption\":\"adm_karmina\"},\"logo\":{\"@id\":\"https:\/\/karminacollection.com\/sl\/#\/schema\/person\/image\/\"},\"sameAs\":[\"https:\/\/karminacollection.com\"]}]}<\/script>\n<!-- \/ Yoast SEO plugin. -->","yoast_head_json":{"title":"Raglan majica iz waffle pletenine | Karmina","description":"Minimalisti\u010dna raglan majica iz waffle pletenine, 100 % bomba\u017e. Mehka, zra\u010dna in udobna. Spro\u0161\u010den kroj v ekru odtenku, popolna za vsak dan.","robots":{"index":"index","follow":"follow","max-snippet":"max-snippet:-1","max-image-preview":"max-image-preview:large","max-video-preview":"max-video-preview:-1"},"canonical":"https:\/\/karminacollection.com\/sl\/izdelek\/raglan-majica-iz-waffle-pletenine\/","og_locale":"sl_SI","og_type":"article","og_title":"Raglan majica iz waffle pletenine | Karmina","og_description":"Minimalisti\u010dna raglan majica iz waffle pletenine, 100 % bomba\u017e. Mehka, zra\u010dna in udobna. Spro\u0161\u010den kroj v ekru odtenku, popolna za vsak dan.","og_url":"https:\/\/karminacollection.com\/sl\/izdelek\/raglan-majica-iz-waffle-pletenine\/","og_site_name":"Karmina","article_modified_time":"2026-04-07T05:53:33+00:00","og_image":[{"width":1707,"height":2560,"url":"https:\/\/karminacollection.com\/wp-content\/uploads\/2026\/04\/Waffle-Knit-Raglan-Top-3-scaled.webp","type":"image\/webp"}],"schema":{"@context":"https:\/\/schema.org","@graph":[{"@type":"WebPage","@id":"https:\/\/karminacollection.com\/sl\/izdelek\/raglan-majica-iz-waffle-pletenine\/","url":"https:\/\/karminacollection.com\/sl\/izdelek\/raglan-majica-iz-waffle-pletenine\/","name":"Raglan majica iz waffle pletenine | Karmina","isPartOf":{"@id":"https:\/\/karminacollection.com\/sl\/#website"},"primaryImageOfPage":{"@id":"https:\/\/karminacollection.com\/sl\/izdelek\/raglan-majica-iz-waffle-pletenine\/#primaryimage"},"image":{"@id":"https:\/\/karminacollection.com\/sl\/izdelek\/raglan-majica-iz-waffle-pletenine\/#primaryimage"},"thumbnailUrl":"https:\/\/karminacollection.com\/wp-content\/uploads\/2026\/04\/Waffle-Knit-Raglan-Top-3-scaled.webp","datePublished":"2026-04-06T12:16:32+00:00","dateModified":"2026-04-07T05:53:33+00:00","description":"Minimalisti\u010dna raglan majica iz waffle pletenine, 100 % bomba\u017e. Mehka, zra\u010dna in udobna. Spro\u0161\u010den kroj v ekru odtenku, popolna za vsak dan.","breadcrumb":{"@id":"https:\/\/karminacollection.com\/sl\/izdelek\/raglan-majica-iz-waffle-pletenine\/#breadcrumb"},"inLanguage":"sl-SI","potentialAction":[{"@type":"ReadAction","target":["https:\/\/karminacollection.com\/sl\/izdelek\/raglan-majica-iz-waffle-pletenine\/"]}]},{"@type":"ImageObject","inLanguage":"sl-SI","@id":"https:\/\/karminacollection.com\/sl\/izdelek\/raglan-majica-iz-waffle-pletenine\/#primaryimage","url":"https:\/\/karminacollection.com\/wp-content\/uploads\/2026\/04\/Waffle-Knit-Raglan-Top-3-scaled.webp","contentUrl":"https:\/\/karminacollection.com\/wp-content\/uploads\/2026\/04\/Waffle-Knit-Raglan-Top-3-scaled.webp","width":1707,"height":2560},{"@type":"BreadcrumbList","@id":"https:\/\/karminacollection.com\/sl\/izdelek\/raglan-majica-iz-waffle-pletenine\/#breadcrumb","itemListElement":[{"@type":"ListItem","position":1,"name":"Home","item":"https:\/\/karminacollection.com\/sl\/"},{"@type":"ListItem","position":2,"name":"TRGOVINA","item":"https:\/\/karminacollection.com\/sl\/trgovina\/"},{"@type":"ListItem","position":3,"name":"Raglan majica iz waffle pletenine"}]},{"@type":"WebSite","@id":"https:\/\/karminacollection.com\/sl\/#website","url":"https:\/\/karminacollection.com\/sl\/","name":"Karmina collection","description":"Kapsulna obla\u010dila izdelana v Sloveniji.","publisher":{"@id":"https:\/\/karminacollection.com\/sl\/#\/schema\/person\/3e0a3e6951979c903262ff9bd110595d"},"potentialAction":[{"@type":"SearchAction","target":{"@type":"EntryPoint","urlTemplate":"https:\/\/karminacollection.com\/sl\/?s={search_term_string}"},"query-input":{"@type":"PropertyValueSpecification","valueRequired":true,"valueName":"search_term_string"}}],"inLanguage":"sl-SI"},{"@type":["Person","Organization"],"@id":"https:\/\/karminacollection.com\/sl\/#\/schema\/person\/3e0a3e6951979c903262ff9bd110595d","name":"adm_karmina","image":{"@type":"ImageObject","inLanguage":"sl-SI","@id":"https:\/\/karminacollection.com\/sl\/#\/schema\/person\/image\/","url":"https:\/\/karminacollection.com\/wp-content\/uploads\/2024\/01\/cropped-logo-karmina2.png","contentUrl":"https:\/\/karminacollection.com\/wp-content\/uploads\/2024\/01\/cropped-logo-karmina2.png","width":152,"height":80,"caption":"adm_karmina"},"logo":{"@id":"https:\/\/karminacollection.com\/sl\/#\/schema\/person\/image\/"},"sameAs":["https:\/\/karminacollection.com"]}]}},"_links":{"self":[{"href":"https:\/\/karminacollection.com\/sl\/wp-json\/wp\/v2\/product\/16502","targetHints":{"allow":["GET"]}}],"collection":[{"href":"https:\/\/karminacollection.com\/sl\/wp-json\/wp\/v2\/product"}],"about":[{"href":"https:\/\/karminacollection.com\/sl\/wp-json\/wp\/v2\/types\/product"}],"replies":[{"embeddable":true,"href":"https:\/\/karminacollection.com\/sl\/wp-json\/wp\/v2\/comments?post=16502"}],"wp:featuredmedia":[{"embeddable":true,"href":"https:\/\/karminacollection.com\/sl\/wp-json\/wp\/v2\/media\/16496"}],"wp:attachment":[{"href":"https:\/\/karminacollection.com\/sl\/wp-json\/wp\/v2\/media?parent=16502"}],"wp:term":[{"taxonomy":"product_brand","embeddable":true,"href":"https:\/\/karminacollection.com\/sl\/wp-json\/wp\/v2\/product_brand?post=16502"},{"taxonomy":"product_cat","embeddable":true,"href":"https:\/\/karminacollection.com\/sl\/wp-json\/wp\/v2\/product_cat?post=16502"},{"taxonomy":"product_tag","embeddable":true,"href":"https:\/\/karminacollection.com\/sl\/wp-json\/wp\/v2\/product_tag?post=16502"}],"curies":[{"name":"wp","href":"https:\/\/api.w.org\/{rel}","templated":true}]}}