{"id":16404,"date":"2026-03-30T09:33:43","date_gmt":"2026-03-30T09:33:43","guid":{"rendered":"https:\/\/karminacollection.com\/?post_type=product&#038;p=16404"},"modified":"2026-04-06T15:55:18","modified_gmt":"2026-04-06T15:55:18","slug":"zametna-bomber-jakna-boho-rjava","status":"publish","type":"product","link":"https:\/\/karminacollection.com\/sl\/izdelek\/zametna-bomber-jakna-boho-rjava\/","title":{"rendered":"\u017dametna bomber jakna boho rjava"},"content":{"rendered":"<p><strong>Narejeno v Sloveniji.<\/strong><\/p>\n<p><strong>Velikost:<\/strong><\/p>\n<p>Model je visok 1,68 m in nosi \u0161tevilko 36\/38. Za ve\u010d informacij glede velikosti, kliknite <a href=\"https:\/\/karminacollection.com\/sl\/velikosti\/\">tukaj.<\/a><\/p>\n<p><strong>Material:<\/strong><\/p>\n<p>100% \u017eamet PES, taft podloga 55%PE \/ 45% PA<\/p>\n<p>Perite ne\u017eno pri 20 \u00b0C z nizkimi obrati centrifuge (600). Su\u0161ite na obe\u0161alniku in na zraku. Likanje ni potrebno.<\/p>\n","protected":false},"excerpt":{"rendered":"<p>\u0160ik bomber \u017eametna jakna &#8211; kjer se razko\u0161je sre\u010da s spro\u0161\u010denim stilom v popolni harmoniji. Elegantna jakna se lahko nosi namesto blazerja. Izdelana iz razko\u0161nega \u017eameta, okra\u0161enega z cvetli\u010dnim vzorcem, ki doda pridih elegance.<\/p>\n<p>Jakna ima prsne v\u0161itke in ni oversized model. \u0160irok rebrast patent na pasu in rokavih doda prefinjen kontrast, ki z ne\u017enim leskom dvigne celoten videz jakne. V notranjosti se udobje nadaljuje s podlogo iz me\u010dkanega tafta, ki zagotavlja gladko in udobno no\u0161enje skozi ves dan.<\/p>\n<p>Jakna ima \u017eepe, ki so primerni za telefon. Z idealno dol\u017eino pribli\u017eno 59 cm ta bomber jakna ponuja raznolike mo\u017enosti stiliranja, kar jo naredi za popoln dodatek tako k prilo\u017enostnim kot tudi elegantnim kombinacijam.<\/p>\n<p>Odli\u010dna je za barvno kombiniranje, slu\u017ebena potovanja ter casual business look.<\/p>\n<p>Ker se vzorec ro\u017e ne ponavlja, je vsaka jakna unikat.<\/p>\n<h5 style=\"text-align: left;\">Podrobnosti:<\/h5>\n<p style=\"text-align: left;\">Model je visok 1,68 m in nosi \u0161tevilko 36\/38.<\/p>\n<p style=\"text-align: left;\">Navodila za nego: Pranje v pralnem stroju na hladno pri 20\u00b0C. Zmanj\u0161ajte hitrost o\u017eemanja na 800 vrt\/min. Uporaba su\u0161ilca je prepovedana. Likanje ni potrebno.<\/p>\n","protected":false},"featured_media":16507,"comment_status":"open","ping_status":"closed","template":"","meta":[],"product_brand":[],"product_cat":[265,82],"product_tag":[],"class_list":{"0":"post-16404","1":"product","2":"type-product","3":"status-publish","4":"has-post-thumbnail","6":"product_cat-novosti","7":"product_cat-jakne-in-plasci","9":"first","10":"instock","11":"shipping-taxable","12":"purchasable","13":"product-type-variable","14":"has-default-attributes"},"yoast_head":"<!-- This site is optimized with the Yoast SEO plugin v27.1.1 - https:\/\/yoast.com\/product\/yoast-seo-wordpress\/ -->\n<title>\u017dametna bomber jakna boho rjava | Karmina<\/title>\n<meta name=\"description\" content=\"Brez\u010dasen stil z bomber jakno! Razko\u0161en \u017eamet, elegantni detajli in udobna podloga iz tafta. Omejena kolekcija!\" \/>\n<meta name=\"robots\" content=\"index, follow, max-snippet:-1, max-image-preview:large, max-video-preview:-1\" \/>\n<link rel=\"canonical\" href=\"https:\/\/karminacollection.com\/sl\/izdelek\/zametna-bomber-jakna-boho-rjava\/\" \/>\n<meta property=\"og:locale\" content=\"sl_SI\" \/>\n<meta property=\"og:type\" content=\"article\" \/>\n<meta property=\"og:title\" content=\"\u017dametna bomber jakna boho rjava | Karmina\" \/>\n<meta property=\"og:description\" content=\"Brez\u010dasen stil z bomber jakno! Razko\u0161en \u017eamet, elegantni detajli in udobna podloga iz tafta. Omejena kolekcija!\" \/>\n<meta property=\"og:url\" content=\"https:\/\/karminacollection.com\/sl\/izdelek\/zametna-bomber-jakna-boho-rjava\/\" \/>\n<meta property=\"og:site_name\" content=\"Karmina\" \/>\n<meta property=\"article:modified_time\" content=\"2026-04-06T15:55:18+00:00\" \/>\n<meta property=\"og:image\" content=\"https:\/\/karminacollection.com\/wp-content\/uploads\/2026\/03\/velvet-pastel-bomber-jacket-karmina-scaled.webp\" \/>\n\t<meta property=\"og:image:width\" content=\"1707\" \/>\n\t<meta property=\"og:image:height\" content=\"2560\" \/>\n\t<meta property=\"og:image:type\" content=\"image\/webp\" \/>\n<meta name=\"twitter:label1\" content=\"Est. reading time\" \/>\n\t<meta name=\"twitter:data1\" content=\"1 minuta\" \/>\n<script type=\"application\/ld+json\" class=\"yoast-schema-graph\">{\"@context\":\"https:\/\/schema.org\",\"@graph\":[{\"@type\":\"WebPage\",\"@id\":\"https:\/\/karminacollection.com\/sl\/izdelek\/zametna-bomber-jakna-boho-rjava\/\",\"url\":\"https:\/\/karminacollection.com\/sl\/izdelek\/zametna-bomber-jakna-boho-rjava\/\",\"name\":\"\u017dametna bomber jakna boho rjava | Karmina\",\"isPartOf\":{\"@id\":\"https:\/\/karminacollection.com\/sl\/#website\"},\"primaryImageOfPage\":{\"@id\":\"https:\/\/karminacollection.com\/sl\/izdelek\/zametna-bomber-jakna-boho-rjava\/#primaryimage\"},\"image\":{\"@id\":\"https:\/\/karminacollection.com\/sl\/izdelek\/zametna-bomber-jakna-boho-rjava\/#primaryimage\"},\"thumbnailUrl\":\"https:\/\/karminacollection.com\/wp-content\/uploads\/2026\/03\/velvet-pastel-bomber-jacket-karmina-scaled.webp\",\"datePublished\":\"2026-03-30T09:33:43+00:00\",\"dateModified\":\"2026-04-06T15:55:18+00:00\",\"description\":\"Brez\u010dasen stil z bomber jakno! Razko\u0161en \u017eamet, elegantni detajli in udobna podloga iz tafta. Omejena kolekcija!\",\"breadcrumb\":{\"@id\":\"https:\/\/karminacollection.com\/sl\/izdelek\/zametna-bomber-jakna-boho-rjava\/#breadcrumb\"},\"inLanguage\":\"sl-SI\",\"potentialAction\":[{\"@type\":\"ReadAction\",\"target\":[\"https:\/\/karminacollection.com\/sl\/izdelek\/zametna-bomber-jakna-boho-rjava\/\"]}]},{\"@type\":\"ImageObject\",\"inLanguage\":\"sl-SI\",\"@id\":\"https:\/\/karminacollection.com\/sl\/izdelek\/zametna-bomber-jakna-boho-rjava\/#primaryimage\",\"url\":\"https:\/\/karminacollection.com\/wp-content\/uploads\/2026\/03\/velvet-pastel-bomber-jacket-karmina-scaled.webp\",\"contentUrl\":\"https:\/\/karminacollection.com\/wp-content\/uploads\/2026\/03\/velvet-pastel-bomber-jacket-karmina-scaled.webp\",\"width\":1707,\"height\":2560,\"caption\":\"bomber jacket karmina\"},{\"@type\":\"BreadcrumbList\",\"@id\":\"https:\/\/karminacollection.com\/sl\/izdelek\/zametna-bomber-jakna-boho-rjava\/#breadcrumb\",\"itemListElement\":[{\"@type\":\"ListItem\",\"position\":1,\"name\":\"Home\",\"item\":\"https:\/\/karminacollection.com\/sl\/\"},{\"@type\":\"ListItem\",\"position\":2,\"name\":\"TRGOVINA\",\"item\":\"https:\/\/karminacollection.com\/sl\/trgovina\/\"},{\"@type\":\"ListItem\",\"position\":3,\"name\":\"\u017dametna bomber jakna boho rjava\"}]},{\"@type\":\"WebSite\",\"@id\":\"https:\/\/karminacollection.com\/sl\/#website\",\"url\":\"https:\/\/karminacollection.com\/sl\/\",\"name\":\"Karmina collection\",\"description\":\"Kapsulna obla\u010dila izdelana v Sloveniji.\",\"publisher\":{\"@id\":\"https:\/\/karminacollection.com\/sl\/#\/schema\/person\/3e0a3e6951979c903262ff9bd110595d\"},\"potentialAction\":[{\"@type\":\"SearchAction\",\"target\":{\"@type\":\"EntryPoint\",\"urlTemplate\":\"https:\/\/karminacollection.com\/sl\/?s={search_term_string}\"},\"query-input\":{\"@type\":\"PropertyValueSpecification\",\"valueRequired\":true,\"valueName\":\"search_term_string\"}}],\"inLanguage\":\"sl-SI\"},{\"@type\":[\"Person\",\"Organization\"],\"@id\":\"https:\/\/karminacollection.com\/sl\/#\/schema\/person\/3e0a3e6951979c903262ff9bd110595d\",\"name\":\"adm_karmina\",\"image\":{\"@type\":\"ImageObject\",\"inLanguage\":\"sl-SI\",\"@id\":\"https:\/\/karminacollection.com\/sl\/#\/schema\/person\/image\/\",\"url\":\"https:\/\/karminacollection.com\/wp-content\/uploads\/2024\/01\/cropped-logo-karmina2.png\",\"contentUrl\":\"https:\/\/karminacollection.com\/wp-content\/uploads\/2024\/01\/cropped-logo-karmina2.png\",\"width\":152,\"height\":80,\"caption\":\"adm_karmina\"},\"logo\":{\"@id\":\"https:\/\/karminacollection.com\/sl\/#\/schema\/person\/image\/\"},\"sameAs\":[\"https:\/\/karminacollection.com\"]}]}<\/script>\n<!-- \/ Yoast SEO plugin. -->","yoast_head_json":{"title":"\u017dametna bomber jakna boho rjava | Karmina","description":"Brez\u010dasen stil z bomber jakno! Razko\u0161en \u017eamet, elegantni detajli in udobna podloga iz tafta. Omejena kolekcija!","robots":{"index":"index","follow":"follow","max-snippet":"max-snippet:-1","max-image-preview":"max-image-preview:large","max-video-preview":"max-video-preview:-1"},"canonical":"https:\/\/karminacollection.com\/sl\/izdelek\/zametna-bomber-jakna-boho-rjava\/","og_locale":"sl_SI","og_type":"article","og_title":"\u017dametna bomber jakna boho rjava | Karmina","og_description":"Brez\u010dasen stil z bomber jakno! Razko\u0161en \u017eamet, elegantni detajli in udobna podloga iz tafta. Omejena kolekcija!","og_url":"https:\/\/karminacollection.com\/sl\/izdelek\/zametna-bomber-jakna-boho-rjava\/","og_site_name":"Karmina","article_modified_time":"2026-04-06T15:55:18+00:00","og_image":[{"width":1707,"height":2560,"url":"https:\/\/karminacollection.com\/wp-content\/uploads\/2026\/03\/velvet-pastel-bomber-jacket-karmina-scaled.webp","type":"image\/webp"}],"twitter_misc":{"Est. reading time":"1 minuta"},"schema":{"@context":"https:\/\/schema.org","@graph":[{"@type":"WebPage","@id":"https:\/\/karminacollection.com\/sl\/izdelek\/zametna-bomber-jakna-boho-rjava\/","url":"https:\/\/karminacollection.com\/sl\/izdelek\/zametna-bomber-jakna-boho-rjava\/","name":"\u017dametna bomber jakna boho rjava | Karmina","isPartOf":{"@id":"https:\/\/karminacollection.com\/sl\/#website"},"primaryImageOfPage":{"@id":"https:\/\/karminacollection.com\/sl\/izdelek\/zametna-bomber-jakna-boho-rjava\/#primaryimage"},"image":{"@id":"https:\/\/karminacollection.com\/sl\/izdelek\/zametna-bomber-jakna-boho-rjava\/#primaryimage"},"thumbnailUrl":"https:\/\/karminacollection.com\/wp-content\/uploads\/2026\/03\/velvet-pastel-bomber-jacket-karmina-scaled.webp","datePublished":"2026-03-30T09:33:43+00:00","dateModified":"2026-04-06T15:55:18+00:00","description":"Brez\u010dasen stil z bomber jakno! Razko\u0161en \u017eamet, elegantni detajli in udobna podloga iz tafta. Omejena kolekcija!","breadcrumb":{"@id":"https:\/\/karminacollection.com\/sl\/izdelek\/zametna-bomber-jakna-boho-rjava\/#breadcrumb"},"inLanguage":"sl-SI","potentialAction":[{"@type":"ReadAction","target":["https:\/\/karminacollection.com\/sl\/izdelek\/zametna-bomber-jakna-boho-rjava\/"]}]},{"@type":"ImageObject","inLanguage":"sl-SI","@id":"https:\/\/karminacollection.com\/sl\/izdelek\/zametna-bomber-jakna-boho-rjava\/#primaryimage","url":"https:\/\/karminacollection.com\/wp-content\/uploads\/2026\/03\/velvet-pastel-bomber-jacket-karmina-scaled.webp","contentUrl":"https:\/\/karminacollection.com\/wp-content\/uploads\/2026\/03\/velvet-pastel-bomber-jacket-karmina-scaled.webp","width":1707,"height":2560,"caption":"bomber jacket karmina"},{"@type":"BreadcrumbList","@id":"https:\/\/karminacollection.com\/sl\/izdelek\/zametna-bomber-jakna-boho-rjava\/#breadcrumb","itemListElement":[{"@type":"ListItem","position":1,"name":"Home","item":"https:\/\/karminacollection.com\/sl\/"},{"@type":"ListItem","position":2,"name":"TRGOVINA","item":"https:\/\/karminacollection.com\/sl\/trgovina\/"},{"@type":"ListItem","position":3,"name":"\u017dametna bomber jakna boho rjava"}]},{"@type":"WebSite","@id":"https:\/\/karminacollection.com\/sl\/#website","url":"https:\/\/karminacollection.com\/sl\/","name":"Karmina collection","description":"Kapsulna obla\u010dila izdelana v Sloveniji.","publisher":{"@id":"https:\/\/karminacollection.com\/sl\/#\/schema\/person\/3e0a3e6951979c903262ff9bd110595d"},"potentialAction":[{"@type":"SearchAction","target":{"@type":"EntryPoint","urlTemplate":"https:\/\/karminacollection.com\/sl\/?s={search_term_string}"},"query-input":{"@type":"PropertyValueSpecification","valueRequired":true,"valueName":"search_term_string"}}],"inLanguage":"sl-SI"},{"@type":["Person","Organization"],"@id":"https:\/\/karminacollection.com\/sl\/#\/schema\/person\/3e0a3e6951979c903262ff9bd110595d","name":"adm_karmina","image":{"@type":"ImageObject","inLanguage":"sl-SI","@id":"https:\/\/karminacollection.com\/sl\/#\/schema\/person\/image\/","url":"https:\/\/karminacollection.com\/wp-content\/uploads\/2024\/01\/cropped-logo-karmina2.png","contentUrl":"https:\/\/karminacollection.com\/wp-content\/uploads\/2024\/01\/cropped-logo-karmina2.png","width":152,"height":80,"caption":"adm_karmina"},"logo":{"@id":"https:\/\/karminacollection.com\/sl\/#\/schema\/person\/image\/"},"sameAs":["https:\/\/karminacollection.com"]}]}},"_links":{"self":[{"href":"https:\/\/karminacollection.com\/sl\/wp-json\/wp\/v2\/product\/16404","targetHints":{"allow":["GET"]}}],"collection":[{"href":"https:\/\/karminacollection.com\/sl\/wp-json\/wp\/v2\/product"}],"about":[{"href":"https:\/\/karminacollection.com\/sl\/wp-json\/wp\/v2\/types\/product"}],"replies":[{"embeddable":true,"href":"https:\/\/karminacollection.com\/sl\/wp-json\/wp\/v2\/comments?post=16404"}],"wp:featuredmedia":[{"embeddable":true,"href":"https:\/\/karminacollection.com\/sl\/wp-json\/wp\/v2\/media\/16507"}],"wp:attachment":[{"href":"https:\/\/karminacollection.com\/sl\/wp-json\/wp\/v2\/media?parent=16404"}],"wp:term":[{"taxonomy":"product_brand","embeddable":true,"href":"https:\/\/karminacollection.com\/sl\/wp-json\/wp\/v2\/product_brand?post=16404"},{"taxonomy":"product_cat","embeddable":true,"href":"https:\/\/karminacollection.com\/sl\/wp-json\/wp\/v2\/product_cat?post=16404"},{"taxonomy":"product_tag","embeddable":true,"href":"https:\/\/karminacollection.com\/sl\/wp-json\/wp\/v2\/product_tag?post=16404"}],"curies":[{"name":"wp","href":"https:\/\/api.w.org\/{rel}","templated":true}]}}