{"id":16380,"date":"2026-03-30T09:04:41","date_gmt":"2026-03-30T09:04:41","guid":{"rendered":"https:\/\/karminacollection.com\/?post_type=product&#038;p=16380"},"modified":"2026-04-06T13:01:19","modified_gmt":"2026-04-06T13:01:19","slug":"kimono-bluza","status":"publish","type":"product","link":"https:\/\/karminacollection.com\/sl\/izdelek\/kimono-bluza\/","title":{"rendered":"Kimono bluza"},"content":{"rendered":"<p><strong>Narejeno v Sloveniji.<\/strong><\/p>\n<p>Manekenka je visoka 1,68 m in nosi velikost One Size (36\u201342).<\/p>\n<p><strong>Material:<\/strong><\/p>\n<p>100 % stonewashe bomba\u017e, predpran. Perite v pralni vre\u010dki pri 30 \u00b0C na ne\u017enem programu z nizkimi obrati.<\/p>\n","protected":false},"excerpt":{"rendered":"<p data-start=\"73\" data-end=\"328\">Spro\u0161\u010dena bluza kimono kroja v ne\u017enem belem off-white odtenku, zasnovana za vsakodnevno udobje in vsestransko no\u0161enje. Silhueta je lahkotna in padajo\u010da, z izrazitimi rokavi, ki jih lahko nosite dolge ali jih po \u017eelji spro\u0161\u010deno zavihate za bolj neformalen videz.<\/p>\n<p data-start=\"330\" data-end=\"514\">Izdelana je iz 100 % stonewashed bomba\u017ea, ki je mehak, zra\u010den in prijeten na ko\u017ei. Predhodno oprana tkanina ji daje rahlo vintage zna\u010daj, hkrati pa zagotavlja, da se po pranju ne kr\u010di.<\/p>\n<p data-start=\"516\" data-end=\"777\">Bluza ima zapiranje s pritiska\u010di, kar omogo\u010da razli\u010dne na\u010dine no\u0161enja \u2014 popolnoma zapeta za \u010dist, urejen videz ali rahlo odprta za bolj spro\u0161\u010den, plasten izgled. Lahko jo nosite zlikano za bolj dodelan videz ali v naravni obliki za spro\u0161\u010den, \u201clived-in\u201d ob\u010dutek.<\/p>\n<p data-start=\"779\" data-end=\"793\"><strong data-start=\"779\" data-end=\"793\">Lastnosti:<\/strong><\/p>\n<p data-start=\"795\" data-end=\"1082\">Kimono kroj s spro\u0161\u010deno silhueto<br data-start=\"827\" data-end=\"830\" \/>Prilagodljivi rokavi (mo\u017enost zavihanja)<br data-start=\"870\" data-end=\"873\" \/>Zapiranje s pritiska\u010di<br data-start=\"895\" data-end=\"898\" \/>Univerzalna velikost (ustreza razli\u010dnim postavam)<br data-start=\"947\" data-end=\"950\" \/>Dol\u017eina: cca 58 cm spredaj \/ 67 cm zadaj<br data-start=\"990\" data-end=\"993\" \/>\u0160irina: cca 120 cm<br data-start=\"1011\" data-end=\"1014\" data-is-only-node=\"\" \/>Material: 100 % stonewashed bomba\u017e (predhodno opran, brez kr\u010denja)<\/p>\n<p data-start=\"1084\" data-end=\"1160\">Brez\u010dasen kos, ki se prilagodi vam \u2014 preprost, udoben in subtilno eleganten.<\/p>\n<p data-start=\"1162\" data-end=\"1227\" data-is-last-node=\"\" data-is-only-node=\"\"><strong data-start=\"1162\" data-end=\"1171\">Nega:<\/strong><br data-start=\"1171\" data-end=\"1174\" \/>Perite v vre\u010dki za pranje pri 30 \u00b0C z nizkimi obrati. Su\u0161enje v su\u0161ilcu je prepovedano.<\/p>\n","protected":false},"featured_media":16523,"comment_status":"open","ping_status":"closed","template":"","meta":[],"product_brand":[],"product_cat":[265,473,291],"product_tag":[],"class_list":{"0":"post-16380","1":"product","2":"type-product","3":"status-publish","4":"has-post-thumbnail","6":"product_cat-novosti","7":"product_cat-zero-waste-oblacila","8":"product_cat-bluze-srajce","10":"first","11":"instock","12":"shipping-taxable","13":"purchasable","14":"product-type-simple"},"yoast_head":"<!-- This site is optimized with the Yoast SEO plugin v27.1.1 - https:\/\/yoast.com\/product\/yoast-seo-wordpress\/ -->\n<title>Kimono bluza | Karmina<\/title>\n<meta name=\"description\" content=\"Lahka in zra\u010dna waste bluza iz 100 % bomba\u017ea. Popolna za poletje, z elasti\u010dnim pasom in lahkotnim, \u017eenstvenim krojem.\" \/>\n<meta name=\"robots\" content=\"index, follow, max-snippet:-1, max-image-preview:large, max-video-preview:-1\" \/>\n<link rel=\"canonical\" href=\"https:\/\/karminacollection.com\/sl\/izdelek\/kimono-bluza\/\" \/>\n<meta property=\"og:locale\" content=\"sl_SI\" \/>\n<meta property=\"og:type\" content=\"article\" \/>\n<meta property=\"og:title\" content=\"Kimono bluza | Karmina\" \/>\n<meta property=\"og:description\" content=\"Lahka in zra\u010dna waste bluza iz 100 % bomba\u017ea. Popolna za poletje, z elasti\u010dnim pasom in lahkotnim, \u017eenstvenim krojem.\" \/>\n<meta property=\"og:url\" content=\"https:\/\/karminacollection.com\/sl\/izdelek\/kimono-bluza\/\" \/>\n<meta property=\"og:site_name\" content=\"Karmina\" \/>\n<meta property=\"article:modified_time\" content=\"2026-04-06T13:01:19+00:00\" \/>\n<meta property=\"og:image\" content=\"https:\/\/karminacollection.com\/wp-content\/uploads\/2026\/03\/kimono-blouse-karmina-scaled.webp\" \/>\n\t<meta property=\"og:image:width\" content=\"1707\" \/>\n\t<meta property=\"og:image:height\" content=\"2560\" \/>\n\t<meta property=\"og:image:type\" content=\"image\/webp\" \/>\n<meta name=\"twitter:label1\" content=\"Est. reading time\" \/>\n\t<meta name=\"twitter:data1\" content=\"1 minuta\" \/>\n<script type=\"application\/ld+json\" class=\"yoast-schema-graph\">{\"@context\":\"https:\/\/schema.org\",\"@graph\":[{\"@type\":\"WebPage\",\"@id\":\"https:\/\/karminacollection.com\/sl\/izdelek\/kimono-bluza\/\",\"url\":\"https:\/\/karminacollection.com\/sl\/izdelek\/kimono-bluza\/\",\"name\":\"Kimono bluza | Karmina\",\"isPartOf\":{\"@id\":\"https:\/\/karminacollection.com\/sl\/#website\"},\"primaryImageOfPage\":{\"@id\":\"https:\/\/karminacollection.com\/sl\/izdelek\/kimono-bluza\/#primaryimage\"},\"image\":{\"@id\":\"https:\/\/karminacollection.com\/sl\/izdelek\/kimono-bluza\/#primaryimage\"},\"thumbnailUrl\":\"https:\/\/karminacollection.com\/wp-content\/uploads\/2026\/03\/kimono-blouse-karmina-scaled.webp\",\"datePublished\":\"2026-03-30T09:04:41+00:00\",\"dateModified\":\"2026-04-06T13:01:19+00:00\",\"description\":\"Lahka in zra\u010dna waste bluza iz 100 % bomba\u017ea. Popolna za poletje, z elasti\u010dnim pasom in lahkotnim, \u017eenstvenim krojem.\",\"breadcrumb\":{\"@id\":\"https:\/\/karminacollection.com\/sl\/izdelek\/kimono-bluza\/#breadcrumb\"},\"inLanguage\":\"sl-SI\",\"potentialAction\":[{\"@type\":\"ReadAction\",\"target\":[\"https:\/\/karminacollection.com\/sl\/izdelek\/kimono-bluza\/\"]}]},{\"@type\":\"ImageObject\",\"inLanguage\":\"sl-SI\",\"@id\":\"https:\/\/karminacollection.com\/sl\/izdelek\/kimono-bluza\/#primaryimage\",\"url\":\"https:\/\/karminacollection.com\/wp-content\/uploads\/2026\/03\/kimono-blouse-karmina-scaled.webp\",\"contentUrl\":\"https:\/\/karminacollection.com\/wp-content\/uploads\/2026\/03\/kimono-blouse-karmina-scaled.webp\",\"width\":1707,\"height\":2560},{\"@type\":\"BreadcrumbList\",\"@id\":\"https:\/\/karminacollection.com\/sl\/izdelek\/kimono-bluza\/#breadcrumb\",\"itemListElement\":[{\"@type\":\"ListItem\",\"position\":1,\"name\":\"Home\",\"item\":\"https:\/\/karminacollection.com\/sl\/\"},{\"@type\":\"ListItem\",\"position\":2,\"name\":\"TRGOVINA\",\"item\":\"https:\/\/karminacollection.com\/sl\/trgovina\/\"},{\"@type\":\"ListItem\",\"position\":3,\"name\":\"Kimono bluza\"}]},{\"@type\":\"WebSite\",\"@id\":\"https:\/\/karminacollection.com\/sl\/#website\",\"url\":\"https:\/\/karminacollection.com\/sl\/\",\"name\":\"Karmina collection\",\"description\":\"Kapsulna obla\u010dila izdelana v Sloveniji.\",\"publisher\":{\"@id\":\"https:\/\/karminacollection.com\/sl\/#\/schema\/person\/3e0a3e6951979c903262ff9bd110595d\"},\"potentialAction\":[{\"@type\":\"SearchAction\",\"target\":{\"@type\":\"EntryPoint\",\"urlTemplate\":\"https:\/\/karminacollection.com\/sl\/?s={search_term_string}\"},\"query-input\":{\"@type\":\"PropertyValueSpecification\",\"valueRequired\":true,\"valueName\":\"search_term_string\"}}],\"inLanguage\":\"sl-SI\"},{\"@type\":[\"Person\",\"Organization\"],\"@id\":\"https:\/\/karminacollection.com\/sl\/#\/schema\/person\/3e0a3e6951979c903262ff9bd110595d\",\"name\":\"adm_karmina\",\"image\":{\"@type\":\"ImageObject\",\"inLanguage\":\"sl-SI\",\"@id\":\"https:\/\/karminacollection.com\/sl\/#\/schema\/person\/image\/\",\"url\":\"https:\/\/karminacollection.com\/wp-content\/uploads\/2024\/01\/cropped-logo-karmina2.png\",\"contentUrl\":\"https:\/\/karminacollection.com\/wp-content\/uploads\/2024\/01\/cropped-logo-karmina2.png\",\"width\":152,\"height\":80,\"caption\":\"adm_karmina\"},\"logo\":{\"@id\":\"https:\/\/karminacollection.com\/sl\/#\/schema\/person\/image\/\"},\"sameAs\":[\"https:\/\/karminacollection.com\"]}]}<\/script>\n<!-- \/ Yoast SEO plugin. -->","yoast_head_json":{"title":"Kimono bluza | Karmina","description":"Lahka in zra\u010dna waste bluza iz 100 % bomba\u017ea. Popolna za poletje, z elasti\u010dnim pasom in lahkotnim, \u017eenstvenim krojem.","robots":{"index":"index","follow":"follow","max-snippet":"max-snippet:-1","max-image-preview":"max-image-preview:large","max-video-preview":"max-video-preview:-1"},"canonical":"https:\/\/karminacollection.com\/sl\/izdelek\/kimono-bluza\/","og_locale":"sl_SI","og_type":"article","og_title":"Kimono bluza | Karmina","og_description":"Lahka in zra\u010dna waste bluza iz 100 % bomba\u017ea. Popolna za poletje, z elasti\u010dnim pasom in lahkotnim, \u017eenstvenim krojem.","og_url":"https:\/\/karminacollection.com\/sl\/izdelek\/kimono-bluza\/","og_site_name":"Karmina","article_modified_time":"2026-04-06T13:01:19+00:00","og_image":[{"width":1707,"height":2560,"url":"https:\/\/karminacollection.com\/wp-content\/uploads\/2026\/03\/kimono-blouse-karmina-scaled.webp","type":"image\/webp"}],"twitter_misc":{"Est. reading time":"1 minuta"},"schema":{"@context":"https:\/\/schema.org","@graph":[{"@type":"WebPage","@id":"https:\/\/karminacollection.com\/sl\/izdelek\/kimono-bluza\/","url":"https:\/\/karminacollection.com\/sl\/izdelek\/kimono-bluza\/","name":"Kimono bluza | Karmina","isPartOf":{"@id":"https:\/\/karminacollection.com\/sl\/#website"},"primaryImageOfPage":{"@id":"https:\/\/karminacollection.com\/sl\/izdelek\/kimono-bluza\/#primaryimage"},"image":{"@id":"https:\/\/karminacollection.com\/sl\/izdelek\/kimono-bluza\/#primaryimage"},"thumbnailUrl":"https:\/\/karminacollection.com\/wp-content\/uploads\/2026\/03\/kimono-blouse-karmina-scaled.webp","datePublished":"2026-03-30T09:04:41+00:00","dateModified":"2026-04-06T13:01:19+00:00","description":"Lahka in zra\u010dna waste bluza iz 100 % bomba\u017ea. Popolna za poletje, z elasti\u010dnim pasom in lahkotnim, \u017eenstvenim krojem.","breadcrumb":{"@id":"https:\/\/karminacollection.com\/sl\/izdelek\/kimono-bluza\/#breadcrumb"},"inLanguage":"sl-SI","potentialAction":[{"@type":"ReadAction","target":["https:\/\/karminacollection.com\/sl\/izdelek\/kimono-bluza\/"]}]},{"@type":"ImageObject","inLanguage":"sl-SI","@id":"https:\/\/karminacollection.com\/sl\/izdelek\/kimono-bluza\/#primaryimage","url":"https:\/\/karminacollection.com\/wp-content\/uploads\/2026\/03\/kimono-blouse-karmina-scaled.webp","contentUrl":"https:\/\/karminacollection.com\/wp-content\/uploads\/2026\/03\/kimono-blouse-karmina-scaled.webp","width":1707,"height":2560},{"@type":"BreadcrumbList","@id":"https:\/\/karminacollection.com\/sl\/izdelek\/kimono-bluza\/#breadcrumb","itemListElement":[{"@type":"ListItem","position":1,"name":"Home","item":"https:\/\/karminacollection.com\/sl\/"},{"@type":"ListItem","position":2,"name":"TRGOVINA","item":"https:\/\/karminacollection.com\/sl\/trgovina\/"},{"@type":"ListItem","position":3,"name":"Kimono bluza"}]},{"@type":"WebSite","@id":"https:\/\/karminacollection.com\/sl\/#website","url":"https:\/\/karminacollection.com\/sl\/","name":"Karmina collection","description":"Kapsulna obla\u010dila izdelana v Sloveniji.","publisher":{"@id":"https:\/\/karminacollection.com\/sl\/#\/schema\/person\/3e0a3e6951979c903262ff9bd110595d"},"potentialAction":[{"@type":"SearchAction","target":{"@type":"EntryPoint","urlTemplate":"https:\/\/karminacollection.com\/sl\/?s={search_term_string}"},"query-input":{"@type":"PropertyValueSpecification","valueRequired":true,"valueName":"search_term_string"}}],"inLanguage":"sl-SI"},{"@type":["Person","Organization"],"@id":"https:\/\/karminacollection.com\/sl\/#\/schema\/person\/3e0a3e6951979c903262ff9bd110595d","name":"adm_karmina","image":{"@type":"ImageObject","inLanguage":"sl-SI","@id":"https:\/\/karminacollection.com\/sl\/#\/schema\/person\/image\/","url":"https:\/\/karminacollection.com\/wp-content\/uploads\/2024\/01\/cropped-logo-karmina2.png","contentUrl":"https:\/\/karminacollection.com\/wp-content\/uploads\/2024\/01\/cropped-logo-karmina2.png","width":152,"height":80,"caption":"adm_karmina"},"logo":{"@id":"https:\/\/karminacollection.com\/sl\/#\/schema\/person\/image\/"},"sameAs":["https:\/\/karminacollection.com"]}]}},"_links":{"self":[{"href":"https:\/\/karminacollection.com\/sl\/wp-json\/wp\/v2\/product\/16380","targetHints":{"allow":["GET"]}}],"collection":[{"href":"https:\/\/karminacollection.com\/sl\/wp-json\/wp\/v2\/product"}],"about":[{"href":"https:\/\/karminacollection.com\/sl\/wp-json\/wp\/v2\/types\/product"}],"replies":[{"embeddable":true,"href":"https:\/\/karminacollection.com\/sl\/wp-json\/wp\/v2\/comments?post=16380"}],"wp:featuredmedia":[{"embeddable":true,"href":"https:\/\/karminacollection.com\/sl\/wp-json\/wp\/v2\/media\/16523"}],"wp:attachment":[{"href":"https:\/\/karminacollection.com\/sl\/wp-json\/wp\/v2\/media?parent=16380"}],"wp:term":[{"taxonomy":"product_brand","embeddable":true,"href":"https:\/\/karminacollection.com\/sl\/wp-json\/wp\/v2\/product_brand?post=16380"},{"taxonomy":"product_cat","embeddable":true,"href":"https:\/\/karminacollection.com\/sl\/wp-json\/wp\/v2\/product_cat?post=16380"},{"taxonomy":"product_tag","embeddable":true,"href":"https:\/\/karminacollection.com\/sl\/wp-json\/wp\/v2\/product_tag?post=16380"}],"curies":[{"name":"wp","href":"https:\/\/api.w.org\/{rel}","templated":true}]}}