{"id":16192,"date":"2025-11-18T09:14:03","date_gmt":"2025-11-18T09:14:03","guid":{"rendered":"https:\/\/karminacollection.com\/product\/asimetricna-majica-onesize-ciklama\/"},"modified":"2025-11-30T13:15:09","modified_gmt":"2025-11-30T13:15:09","slug":"asimetricna-majica-onesize-ciklama","status":"publish","type":"product","link":"https:\/\/karminacollection.com\/sl\/izdelek\/asimetricna-majica-onesize-ciklama\/","title":{"rendered":"Asimetri\u010dna majica onesize ciklama"},"content":{"rendered":"<p><iframe title=\"Asymmetric One Size Top Magenta\" width=\"1140\" height=\"641\" src=\"https:\/\/www.youtube.com\/embed\/tpk6CB5sIWE?feature=oembed&#038;enablejsapi=1&#038;origin=https:\/\/karminacollection.com\" frameborder=\"0\" allow=\"accelerometer; autoplay; clipboard-write; encrypted-media; gyroscope; picture-in-picture; web-share\" referrerpolicy=\"strict-origin-when-cross-origin\" allowfullscreen><\/iframe><\/p>\n<p><strong>Narejeno v Sloveniji.<\/strong><\/p>\n<p>Velikost:<\/p>\n<p>Ta majica je enotne velikosti (One Size). (36-42). Za ve\u010d informacij glede velikosti, kliknite <a href=\"https:\/\/karminacollection.com\/sl\/velikosti\/\">tukaj.<\/a><\/p>\n<p><strong>Material:<\/strong><\/p>\n<p>55 % poliester, 40 % viskoza, 5 % elastan. Ne\u017eno pranje pri 30 \u00b0C z nizkimi obrati. Su\u0161ite polo\u017eeno na ravni podlagi. Likanje ni potrebno.<\/p>\n","protected":false},"excerpt":{"rendered":"<p>Spoznajte svoj novi najljub\u0161i kos \u2014 \u010dudovito padajo\u010do asimetri\u010dno majico, zasnovano tako, da se prilagodi va\u0161emu slogu. Model One Size udobno pristaja velikostim EU 38\u201342, nosite pa jo lahko spredaj ali zadaj, kar vam ponudi dva razli\u010dna videza v enem. Z dol\u017eino malo ve\u010d kot 60 cm ponuja nekoliko dalj\u0161i, laskav kroj, ki se mehko in elegantno ovije okoli telesa.<\/p>\n<p>Izdelana iz mehke, raztegljive pletenine (55 % poliester, 40 % viskoza, 5 % elastan), je majica prijetna na ko\u017ei, lepo pade in omogo\u010da udobno gibanje skozi ves dan. Ne\u017een lesk ji doda pridih elegance, asimetri\u010den kroj pa ustvari dovr\u0161eno, sodobno silhueto z naravno, \u010dudovito draperijo.<\/p>\n<p>Vzdr\u017eevanje:pranje v pralnem stroju na 30\u00b0C. Prepovedana uporaba su\u0161ilca. Likanje ni potrebno.<\/p>\n<p>Vsestranski kos, ki ga lahko kombinirate na ne\u0161teto na\u010dinov \u2014 popoln za vsakodnevno no\u0161enje ali bolj dodelan videz.<\/p>\n","protected":false},"featured_media":16133,"comment_status":"open","ping_status":"closed","template":"","meta":[],"product_brand":[],"product_cat":[265,472,238,84],"product_tag":[],"class_list":{"0":"post-16192","1":"product","2":"type-product","3":"status-publish","4":"has-post-thumbnail","6":"product_cat-novosti","7":"product_cat-pullovers-cardigans","8":"product_cat-dolgi-rokavi","9":"product_cat-majice-in-puloverji","11":"first","12":"instock","13":"shipping-taxable","14":"purchasable","15":"product-type-simple"},"yoast_head":"<!-- This site is optimized with the Yoast SEO plugin v27.1.1 - https:\/\/yoast.com\/product\/yoast-seo-wordpress\/ -->\n<title>Asimetri\u010dna majica onesize ciklama | Karmina<\/title>\n<meta name=\"description\" content=\"Asimetri\u010dna majica One Size (EU 38\u201342) z mehko draperijo, elegantnim leskom in zra\u010dno pletenino. Vsestranski, obojestranski dizajn. Enostavno vzdr\u017eevanje: pranje pri 30 \u00b0C, brez likanja.\" \/>\n<meta name=\"robots\" content=\"index, follow, max-snippet:-1, max-image-preview:large, max-video-preview:-1\" \/>\n<link rel=\"canonical\" href=\"https:\/\/karminacollection.com\/sl\/izdelek\/asimetricna-majica-onesize-ciklama\/\" \/>\n<meta property=\"og:locale\" content=\"sl_SI\" \/>\n<meta property=\"og:type\" content=\"article\" \/>\n<meta property=\"og:title\" content=\"Asimetri\u010dna majica onesize ciklama | Karmina\" \/>\n<meta property=\"og:description\" content=\"Asimetri\u010dna majica One Size (EU 38\u201342) z mehko draperijo, elegantnim leskom in zra\u010dno pletenino. Vsestranski, obojestranski dizajn. Enostavno vzdr\u017eevanje: pranje pri 30 \u00b0C, brez likanja.\" \/>\n<meta property=\"og:url\" content=\"https:\/\/karminacollection.com\/sl\/izdelek\/asimetricna-majica-onesize-ciklama\/\" \/>\n<meta property=\"og:site_name\" content=\"Karmina\" \/>\n<meta property=\"article:modified_time\" content=\"2025-11-30T13:15:09+00:00\" \/>\n<meta property=\"og:image\" content=\"https:\/\/karminacollection.com\/wp-content\/uploads\/2025\/11\/sweater-magenta-1.webp\" \/>\n\t<meta property=\"og:image:width\" content=\"1200\" \/>\n\t<meta property=\"og:image:height\" content=\"1800\" \/>\n\t<meta property=\"og:image:type\" content=\"image\/webp\" \/>\n<meta name=\"twitter:label1\" content=\"Est. reading time\" \/>\n\t<meta name=\"twitter:data1\" content=\"1 minuta\" \/>\n<script type=\"application\/ld+json\" class=\"yoast-schema-graph\">{\"@context\":\"https:\/\/schema.org\",\"@graph\":[{\"@type\":\"WebPage\",\"@id\":\"https:\/\/karminacollection.com\/sl\/izdelek\/asimetricna-majica-onesize-ciklama\/\",\"url\":\"https:\/\/karminacollection.com\/sl\/izdelek\/asimetricna-majica-onesize-ciklama\/\",\"name\":\"Asimetri\u010dna majica onesize ciklama | Karmina\",\"isPartOf\":{\"@id\":\"https:\/\/karminacollection.com\/sl\/#website\"},\"primaryImageOfPage\":{\"@id\":\"https:\/\/karminacollection.com\/sl\/izdelek\/asimetricna-majica-onesize-ciklama\/#primaryimage\"},\"image\":{\"@id\":\"https:\/\/karminacollection.com\/sl\/izdelek\/asimetricna-majica-onesize-ciklama\/#primaryimage\"},\"thumbnailUrl\":\"https:\/\/karminacollection.com\/wp-content\/uploads\/2025\/11\/sweater-magenta-1.webp\",\"datePublished\":\"2025-11-18T09:14:03+00:00\",\"dateModified\":\"2025-11-30T13:15:09+00:00\",\"description\":\"Asimetri\u010dna majica One Size (EU 38\u201342) z mehko draperijo, elegantnim leskom in zra\u010dno pletenino. Vsestranski, obojestranski dizajn. Enostavno vzdr\u017eevanje: pranje pri 30 \u00b0C, brez likanja.\",\"breadcrumb\":{\"@id\":\"https:\/\/karminacollection.com\/sl\/izdelek\/asimetricna-majica-onesize-ciklama\/#breadcrumb\"},\"inLanguage\":\"sl-SI\",\"potentialAction\":[{\"@type\":\"ReadAction\",\"target\":[\"https:\/\/karminacollection.com\/sl\/izdelek\/asimetricna-majica-onesize-ciklama\/\"]}]},{\"@type\":\"ImageObject\",\"inLanguage\":\"sl-SI\",\"@id\":\"https:\/\/karminacollection.com\/sl\/izdelek\/asimetricna-majica-onesize-ciklama\/#primaryimage\",\"url\":\"https:\/\/karminacollection.com\/wp-content\/uploads\/2025\/11\/sweater-magenta-1.webp\",\"contentUrl\":\"https:\/\/karminacollection.com\/wp-content\/uploads\/2025\/11\/sweater-magenta-1.webp\",\"width\":1200,\"height\":1800},{\"@type\":\"BreadcrumbList\",\"@id\":\"https:\/\/karminacollection.com\/sl\/izdelek\/asimetricna-majica-onesize-ciklama\/#breadcrumb\",\"itemListElement\":[{\"@type\":\"ListItem\",\"position\":1,\"name\":\"Home\",\"item\":\"https:\/\/karminacollection.com\/sl\/\"},{\"@type\":\"ListItem\",\"position\":2,\"name\":\"TRGOVINA\",\"item\":\"https:\/\/karminacollection.com\/sl\/trgovina\/\"},{\"@type\":\"ListItem\",\"position\":3,\"name\":\"Asimetri\u010dna majica onesize ciklama\"}]},{\"@type\":\"WebSite\",\"@id\":\"https:\/\/karminacollection.com\/sl\/#website\",\"url\":\"https:\/\/karminacollection.com\/sl\/\",\"name\":\"Karmina collection\",\"description\":\"Kapsulna obla\u010dila izdelana v Sloveniji.\",\"publisher\":{\"@id\":\"https:\/\/karminacollection.com\/sl\/#\/schema\/person\/3e0a3e6951979c903262ff9bd110595d\"},\"potentialAction\":[{\"@type\":\"SearchAction\",\"target\":{\"@type\":\"EntryPoint\",\"urlTemplate\":\"https:\/\/karminacollection.com\/sl\/?s={search_term_string}\"},\"query-input\":{\"@type\":\"PropertyValueSpecification\",\"valueRequired\":true,\"valueName\":\"search_term_string\"}}],\"inLanguage\":\"sl-SI\"},{\"@type\":[\"Person\",\"Organization\"],\"@id\":\"https:\/\/karminacollection.com\/sl\/#\/schema\/person\/3e0a3e6951979c903262ff9bd110595d\",\"name\":\"adm_karmina\",\"image\":{\"@type\":\"ImageObject\",\"inLanguage\":\"sl-SI\",\"@id\":\"https:\/\/karminacollection.com\/sl\/#\/schema\/person\/image\/\",\"url\":\"https:\/\/karminacollection.com\/wp-content\/uploads\/2024\/01\/cropped-logo-karmina2.png\",\"contentUrl\":\"https:\/\/karminacollection.com\/wp-content\/uploads\/2024\/01\/cropped-logo-karmina2.png\",\"width\":152,\"height\":80,\"caption\":\"adm_karmina\"},\"logo\":{\"@id\":\"https:\/\/karminacollection.com\/sl\/#\/schema\/person\/image\/\"},\"sameAs\":[\"https:\/\/karminacollection.com\"]}]}<\/script>\n<!-- \/ Yoast SEO plugin. -->","yoast_head_json":{"title":"Asimetri\u010dna majica onesize ciklama | Karmina","description":"Asimetri\u010dna majica One Size (EU 38\u201342) z mehko draperijo, elegantnim leskom in zra\u010dno pletenino. Vsestranski, obojestranski dizajn. Enostavno vzdr\u017eevanje: pranje pri 30 \u00b0C, brez likanja.","robots":{"index":"index","follow":"follow","max-snippet":"max-snippet:-1","max-image-preview":"max-image-preview:large","max-video-preview":"max-video-preview:-1"},"canonical":"https:\/\/karminacollection.com\/sl\/izdelek\/asimetricna-majica-onesize-ciklama\/","og_locale":"sl_SI","og_type":"article","og_title":"Asimetri\u010dna majica onesize ciklama | Karmina","og_description":"Asimetri\u010dna majica One Size (EU 38\u201342) z mehko draperijo, elegantnim leskom in zra\u010dno pletenino. Vsestranski, obojestranski dizajn. Enostavno vzdr\u017eevanje: pranje pri 30 \u00b0C, brez likanja.","og_url":"https:\/\/karminacollection.com\/sl\/izdelek\/asimetricna-majica-onesize-ciklama\/","og_site_name":"Karmina","article_modified_time":"2025-11-30T13:15:09+00:00","og_image":[{"width":1200,"height":1800,"url":"https:\/\/karminacollection.com\/wp-content\/uploads\/2025\/11\/sweater-magenta-1.webp","type":"image\/webp"}],"twitter_misc":{"Est. reading time":"1 minuta"},"schema":{"@context":"https:\/\/schema.org","@graph":[{"@type":"WebPage","@id":"https:\/\/karminacollection.com\/sl\/izdelek\/asimetricna-majica-onesize-ciklama\/","url":"https:\/\/karminacollection.com\/sl\/izdelek\/asimetricna-majica-onesize-ciklama\/","name":"Asimetri\u010dna majica onesize ciklama | Karmina","isPartOf":{"@id":"https:\/\/karminacollection.com\/sl\/#website"},"primaryImageOfPage":{"@id":"https:\/\/karminacollection.com\/sl\/izdelek\/asimetricna-majica-onesize-ciklama\/#primaryimage"},"image":{"@id":"https:\/\/karminacollection.com\/sl\/izdelek\/asimetricna-majica-onesize-ciklama\/#primaryimage"},"thumbnailUrl":"https:\/\/karminacollection.com\/wp-content\/uploads\/2025\/11\/sweater-magenta-1.webp","datePublished":"2025-11-18T09:14:03+00:00","dateModified":"2025-11-30T13:15:09+00:00","description":"Asimetri\u010dna majica One Size (EU 38\u201342) z mehko draperijo, elegantnim leskom in zra\u010dno pletenino. Vsestranski, obojestranski dizajn. Enostavno vzdr\u017eevanje: pranje pri 30 \u00b0C, brez likanja.","breadcrumb":{"@id":"https:\/\/karminacollection.com\/sl\/izdelek\/asimetricna-majica-onesize-ciklama\/#breadcrumb"},"inLanguage":"sl-SI","potentialAction":[{"@type":"ReadAction","target":["https:\/\/karminacollection.com\/sl\/izdelek\/asimetricna-majica-onesize-ciklama\/"]}]},{"@type":"ImageObject","inLanguage":"sl-SI","@id":"https:\/\/karminacollection.com\/sl\/izdelek\/asimetricna-majica-onesize-ciklama\/#primaryimage","url":"https:\/\/karminacollection.com\/wp-content\/uploads\/2025\/11\/sweater-magenta-1.webp","contentUrl":"https:\/\/karminacollection.com\/wp-content\/uploads\/2025\/11\/sweater-magenta-1.webp","width":1200,"height":1800},{"@type":"BreadcrumbList","@id":"https:\/\/karminacollection.com\/sl\/izdelek\/asimetricna-majica-onesize-ciklama\/#breadcrumb","itemListElement":[{"@type":"ListItem","position":1,"name":"Home","item":"https:\/\/karminacollection.com\/sl\/"},{"@type":"ListItem","position":2,"name":"TRGOVINA","item":"https:\/\/karminacollection.com\/sl\/trgovina\/"},{"@type":"ListItem","position":3,"name":"Asimetri\u010dna majica onesize ciklama"}]},{"@type":"WebSite","@id":"https:\/\/karminacollection.com\/sl\/#website","url":"https:\/\/karminacollection.com\/sl\/","name":"Karmina collection","description":"Kapsulna obla\u010dila izdelana v Sloveniji.","publisher":{"@id":"https:\/\/karminacollection.com\/sl\/#\/schema\/person\/3e0a3e6951979c903262ff9bd110595d"},"potentialAction":[{"@type":"SearchAction","target":{"@type":"EntryPoint","urlTemplate":"https:\/\/karminacollection.com\/sl\/?s={search_term_string}"},"query-input":{"@type":"PropertyValueSpecification","valueRequired":true,"valueName":"search_term_string"}}],"inLanguage":"sl-SI"},{"@type":["Person","Organization"],"@id":"https:\/\/karminacollection.com\/sl\/#\/schema\/person\/3e0a3e6951979c903262ff9bd110595d","name":"adm_karmina","image":{"@type":"ImageObject","inLanguage":"sl-SI","@id":"https:\/\/karminacollection.com\/sl\/#\/schema\/person\/image\/","url":"https:\/\/karminacollection.com\/wp-content\/uploads\/2024\/01\/cropped-logo-karmina2.png","contentUrl":"https:\/\/karminacollection.com\/wp-content\/uploads\/2024\/01\/cropped-logo-karmina2.png","width":152,"height":80,"caption":"adm_karmina"},"logo":{"@id":"https:\/\/karminacollection.com\/sl\/#\/schema\/person\/image\/"},"sameAs":["https:\/\/karminacollection.com"]}]}},"_links":{"self":[{"href":"https:\/\/karminacollection.com\/sl\/wp-json\/wp\/v2\/product\/16192","targetHints":{"allow":["GET"]}}],"collection":[{"href":"https:\/\/karminacollection.com\/sl\/wp-json\/wp\/v2\/product"}],"about":[{"href":"https:\/\/karminacollection.com\/sl\/wp-json\/wp\/v2\/types\/product"}],"replies":[{"embeddable":true,"href":"https:\/\/karminacollection.com\/sl\/wp-json\/wp\/v2\/comments?post=16192"}],"wp:featuredmedia":[{"embeddable":true,"href":"https:\/\/karminacollection.com\/sl\/wp-json\/wp\/v2\/media\/16133"}],"wp:attachment":[{"href":"https:\/\/karminacollection.com\/sl\/wp-json\/wp\/v2\/media?parent=16192"}],"wp:term":[{"taxonomy":"product_brand","embeddable":true,"href":"https:\/\/karminacollection.com\/sl\/wp-json\/wp\/v2\/product_brand?post=16192"},{"taxonomy":"product_cat","embeddable":true,"href":"https:\/\/karminacollection.com\/sl\/wp-json\/wp\/v2\/product_cat?post=16192"},{"taxonomy":"product_tag","embeddable":true,"href":"https:\/\/karminacollection.com\/sl\/wp-json\/wp\/v2\/product_tag?post=16192"}],"curies":[{"name":"wp","href":"https:\/\/api.w.org\/{rel}","templated":true}]}}