{"id":16022,"date":"2025-07-30T09:42:58","date_gmt":"2025-07-30T09:42:58","guid":{"rendered":"https:\/\/karminacollection.com\/?post_type=product&#038;p=16022"},"modified":"2025-07-30T11:45:26","modified_gmt":"2025-07-30T11:45:26","slug":"laneni-top-pisan","status":"publish","type":"product","link":"https:\/\/karminacollection.com\/sl\/izdelek\/laneni-top-pisan\/","title":{"rendered":"Laneni top  pisan"},"content":{"rendered":"<div class=\"description-inner\">\n<div class=\"description-inner\">\n<p><iframe title=\"LInen Drape Top\" width=\"1140\" height=\"641\" src=\"https:\/\/www.youtube.com\/embed\/TJPrzWa_Duc?feature=oembed\" frameborder=\"0\" allow=\"accelerometer; autoplay; clipboard-write; encrypted-media; gyroscope; picture-in-picture; web-share\" referrerpolicy=\"strict-origin-when-cross-origin\" allowfullscreen><\/iframe><\/p>\n<p>Velikost: Model je visok 1,68 m in nosi velikost M\/L. Za ve\u010d informacij glede velikosti, kliknite <a href=\"https:\/\/karminacollection.com\/sl\/velikosti\/\">tukaj.<\/a><\/p>\n<p><strong>Material:<\/strong><\/p>\n<p>100% lan<br \/>\nDovoljeno je strojno pranje na 30 \u00b0C .<br \/>\nPrepovedano beljenje.<br \/>\nLikanje do temperature 110 \u00b0C<br \/>\nDovoljeno pranje v \u010distilnici.<br \/>\nPrepovedana uporaba su\u0161ilca.<\/p>\n<p><strong>Narejeno v Sloveniji.<\/strong><\/p>\n<\/div>\n<\/div>\n","protected":false},"excerpt":{"rendered":"<p class=\"\" data-start=\"175\" data-end=\"483\">Laneni top v umazano beli barvi\u2013 mojstrovino minimalisti\u010dnega oblikovanja, je ustvarjen iz 100% lana. Top, ki zdru\u017euje zra\u010dnost, eleganco in premi\u0161ljeno silhueto. Idealna izbira za tiste, ki cenijo brez\u010dasno estetiko in naravne materiale \u2013 nepogre\u0161ljiv kos vsake poletne garderobe.<\/p>\n<p class=\"\" data-start=\"485\" data-end=\"671\">Topu je prilo\u017een odstranljiv pas, ki ti omogo\u010da igro s stilom: lahko ga nosi\u0161 zavezano v pasu za definirano linijo, spro\u0161\u010deno brez pasu ali pa z igrivo pentljo za bolj \u017eenstven poudarek.<\/p>\n<p data-start=\"485\" data-end=\"671\"><strong data-start=\"678\" data-end=\"702\">Klju\u010dne zna\u010dilnosti:<\/strong><br data-start=\"702\" data-end=\"705\" \/>\u2013 <strong data-start=\"707\" data-end=\"731\">Kakovosten material:<\/strong> Izdelan iz vrhunske me\u0161anice bomba\u017ea in lana \u2013 lahek, zra\u010den in prijeten na otip.<br data-start=\"813\" data-end=\"816\" \/>\u2013 <strong data-start=\"818\" data-end=\"845\">Padajo\u010d sprednji izrez:<\/strong> Doda prefinjenost in mehkobo preprosti, a dovr\u0161eni silhueti.<br data-start=\"906\" data-end=\"909\" \/>\u2013 <strong data-start=\"911\" data-end=\"936\">Raznoliko stiliranje:<\/strong> Minimalisti\u010dna osnova, ki se brez te\u017eav kombinira tako z vsakdanjimi kot bolj elegantnimi kosi.<br data-start=\"1032\" data-end=\"1035\" \/>\u2013 <strong data-start=\"1037\" data-end=\"1059\">Udobno prileganje:<\/strong> Spro\u0161\u010den kroj, ki laska razli\u010dnim postavam in zagotavlja celodnevno udobje.<br data-start=\"1135\" data-end=\"1138\" \/>\u2013 <strong data-start=\"1140\" data-end=\"1160\">Poletna nujnost:<\/strong> Hladen, zra\u010den material in brez\u010dasna oblika, primerna za pisarno, ve\u010derni sprehod ali vikend izlet.<\/p>\n<p class=\"\" data-start=\"1267\" data-end=\"1524\"><strong data-start=\"1267\" data-end=\"1293\">Namig za kombiniranje:<\/strong><br data-start=\"1293\" data-end=\"1296\" \/>Nosite ga s prilo\u017eenim pasom za eleganten videz ali pustite, da spro\u0161\u010deno pada \u010dez hla\u010de. Odli\u010dno se poda k<a href=\"https:\/\/karminacollection.com\/sl\/izdelek\/ramija-kargo-hlace\/\"> ramie kargo hla\u010dam<\/a> ali <a href=\"https:\/\/karminacollection.com\/sl\/izdelek\/jeans-kargo-hlace\/\">kavbojkam<\/a> in omogo\u010da brezhiben prehod iz spro\u0161\u010denega dnevnega videza v bolj dodelan ve\u010derni slog.<\/p>\n<p class=\"\" data-start=\"1526\" data-end=\"1554\"><strong data-start=\"1526\" data-end=\"1538\">Dol\u017eina:<\/strong> pribli\u017eno 57 cm<\/p>\n","protected":false},"featured_media":16028,"comment_status":"open","ping_status":"closed","template":"","meta":[],"product_brand":[],"product_cat":[291,239,84],"product_tag":[],"class_list":{"0":"post-16022","1":"product","2":"type-product","3":"status-publish","4":"has-post-thumbnail","6":"product_cat-bluze-srajce","7":"product_cat-kratki-rokavi","8":"product_cat-majice-in-puloverji","10":"first","11":"instock","12":"shipping-taxable","13":"purchasable","14":"product-type-variable","15":"has-default-attributes"},"yoast_head":"<!-- This site is optimized with the Yoast SEO plugin v27.1.1 - https:\/\/yoast.com\/product\/yoast-seo-wordpress\/ -->\n<title>Laneni top pisan | Karmina<\/title>\n<meta name=\"description\" content=\"Odkrij laneni top z ne\u017enim padcem in odstranljivim pasom.Nosite ga na tri na\u010dine \u2013 s pasom, spro\u0161\u010deno ali z igrivo pentljo.Preverite ponudbo!\" \/>\n<meta name=\"robots\" content=\"index, follow, max-snippet:-1, max-image-preview:large, max-video-preview:-1\" \/>\n<link rel=\"canonical\" href=\"https:\/\/karminacollection.com\/sl\/izdelek\/laneni-top-pisan\/\" \/>\n<meta property=\"og:locale\" content=\"sl_SI\" \/>\n<meta property=\"og:type\" content=\"article\" \/>\n<meta property=\"og:title\" content=\"Laneni top pisan | Karmina\" \/>\n<meta property=\"og:description\" content=\"Odkrij laneni top z ne\u017enim padcem in odstranljivim pasom.Nosite ga na tri na\u010dine \u2013 s pasom, spro\u0161\u010deno ali z igrivo pentljo.Preverite ponudbo!\" \/>\n<meta property=\"og:url\" content=\"https:\/\/karminacollection.com\/sl\/izdelek\/laneni-top-pisan\/\" \/>\n<meta property=\"og:site_name\" content=\"Karmina\" \/>\n<meta property=\"article:modified_time\" content=\"2025-07-30T11:45:26+00:00\" \/>\n<meta property=\"og:image\" content=\"https:\/\/karminacollection.com\/wp-content\/uploads\/2025\/07\/linen-top-2.webp\" \/>\n\t<meta property=\"og:image:width\" content=\"1200\" \/>\n\t<meta property=\"og:image:height\" content=\"1800\" \/>\n\t<meta property=\"og:image:type\" content=\"image\/webp\" \/>\n<meta name=\"twitter:label1\" content=\"Est. reading time\" \/>\n\t<meta name=\"twitter:data1\" content=\"1 minuta\" \/>\n<script type=\"application\/ld+json\" class=\"yoast-schema-graph\">{\"@context\":\"https:\/\/schema.org\",\"@graph\":[{\"@type\":\"WebPage\",\"@id\":\"https:\/\/karminacollection.com\/sl\/izdelek\/laneni-top-pisan\/\",\"url\":\"https:\/\/karminacollection.com\/sl\/izdelek\/laneni-top-pisan\/\",\"name\":\"Laneni top pisan | Karmina\",\"isPartOf\":{\"@id\":\"https:\/\/karminacollection.com\/sl\/#website\"},\"primaryImageOfPage\":{\"@id\":\"https:\/\/karminacollection.com\/sl\/izdelek\/laneni-top-pisan\/#primaryimage\"},\"image\":{\"@id\":\"https:\/\/karminacollection.com\/sl\/izdelek\/laneni-top-pisan\/#primaryimage\"},\"thumbnailUrl\":\"https:\/\/karminacollection.com\/wp-content\/uploads\/2025\/07\/linen-top-2.webp\",\"datePublished\":\"2025-07-30T09:42:58+00:00\",\"dateModified\":\"2025-07-30T11:45:26+00:00\",\"description\":\"Odkrij laneni top z ne\u017enim padcem in odstranljivim pasom.Nosite ga na tri na\u010dine \u2013 s pasom, spro\u0161\u010deno ali z igrivo pentljo.Preverite ponudbo!\",\"breadcrumb\":{\"@id\":\"https:\/\/karminacollection.com\/sl\/izdelek\/laneni-top-pisan\/#breadcrumb\"},\"inLanguage\":\"sl-SI\",\"potentialAction\":[{\"@type\":\"ReadAction\",\"target\":[\"https:\/\/karminacollection.com\/sl\/izdelek\/laneni-top-pisan\/\"]}]},{\"@type\":\"ImageObject\",\"inLanguage\":\"sl-SI\",\"@id\":\"https:\/\/karminacollection.com\/sl\/izdelek\/laneni-top-pisan\/#primaryimage\",\"url\":\"https:\/\/karminacollection.com\/wp-content\/uploads\/2025\/07\/linen-top-2.webp\",\"contentUrl\":\"https:\/\/karminacollection.com\/wp-content\/uploads\/2025\/07\/linen-top-2.webp\",\"width\":1200,\"height\":1800,\"caption\":\"linen top karmina\"},{\"@type\":\"BreadcrumbList\",\"@id\":\"https:\/\/karminacollection.com\/sl\/izdelek\/laneni-top-pisan\/#breadcrumb\",\"itemListElement\":[{\"@type\":\"ListItem\",\"position\":1,\"name\":\"Home\",\"item\":\"https:\/\/karminacollection.com\/sl\/\"},{\"@type\":\"ListItem\",\"position\":2,\"name\":\"TRGOVINA\",\"item\":\"https:\/\/karminacollection.com\/sl\/trgovina\/\"},{\"@type\":\"ListItem\",\"position\":3,\"name\":\"Laneni top pisan\"}]},{\"@type\":\"WebSite\",\"@id\":\"https:\/\/karminacollection.com\/sl\/#website\",\"url\":\"https:\/\/karminacollection.com\/sl\/\",\"name\":\"Karmina collection\",\"description\":\"Kapsulna obla\u010dila izdelana v Sloveniji.\",\"publisher\":{\"@id\":\"https:\/\/karminacollection.com\/sl\/#\/schema\/person\/3e0a3e6951979c903262ff9bd110595d\"},\"potentialAction\":[{\"@type\":\"SearchAction\",\"target\":{\"@type\":\"EntryPoint\",\"urlTemplate\":\"https:\/\/karminacollection.com\/sl\/?s={search_term_string}\"},\"query-input\":{\"@type\":\"PropertyValueSpecification\",\"valueRequired\":true,\"valueName\":\"search_term_string\"}}],\"inLanguage\":\"sl-SI\"},{\"@type\":[\"Person\",\"Organization\"],\"@id\":\"https:\/\/karminacollection.com\/sl\/#\/schema\/person\/3e0a3e6951979c903262ff9bd110595d\",\"name\":\"adm_karmina\",\"image\":{\"@type\":\"ImageObject\",\"inLanguage\":\"sl-SI\",\"@id\":\"https:\/\/karminacollection.com\/sl\/#\/schema\/person\/image\/\",\"url\":\"https:\/\/karminacollection.com\/wp-content\/uploads\/2024\/01\/cropped-logo-karmina2.png\",\"contentUrl\":\"https:\/\/karminacollection.com\/wp-content\/uploads\/2024\/01\/cropped-logo-karmina2.png\",\"width\":152,\"height\":80,\"caption\":\"adm_karmina\"},\"logo\":{\"@id\":\"https:\/\/karminacollection.com\/sl\/#\/schema\/person\/image\/\"},\"sameAs\":[\"https:\/\/karminacollection.com\"]}]}<\/script>\n<!-- \/ Yoast SEO plugin. -->","yoast_head_json":{"title":"Laneni top pisan | Karmina","description":"Odkrij laneni top z ne\u017enim padcem in odstranljivim pasom.Nosite ga na tri na\u010dine \u2013 s pasom, spro\u0161\u010deno ali z igrivo pentljo.Preverite ponudbo!","robots":{"index":"index","follow":"follow","max-snippet":"max-snippet:-1","max-image-preview":"max-image-preview:large","max-video-preview":"max-video-preview:-1"},"canonical":"https:\/\/karminacollection.com\/sl\/izdelek\/laneni-top-pisan\/","og_locale":"sl_SI","og_type":"article","og_title":"Laneni top pisan | Karmina","og_description":"Odkrij laneni top z ne\u017enim padcem in odstranljivim pasom.Nosite ga na tri na\u010dine \u2013 s pasom, spro\u0161\u010deno ali z igrivo pentljo.Preverite ponudbo!","og_url":"https:\/\/karminacollection.com\/sl\/izdelek\/laneni-top-pisan\/","og_site_name":"Karmina","article_modified_time":"2025-07-30T11:45:26+00:00","og_image":[{"width":1200,"height":1800,"url":"https:\/\/karminacollection.com\/wp-content\/uploads\/2025\/07\/linen-top-2.webp","type":"image\/webp"}],"twitter_misc":{"Est. reading time":"1 minuta"},"schema":{"@context":"https:\/\/schema.org","@graph":[{"@type":"WebPage","@id":"https:\/\/karminacollection.com\/sl\/izdelek\/laneni-top-pisan\/","url":"https:\/\/karminacollection.com\/sl\/izdelek\/laneni-top-pisan\/","name":"Laneni top pisan | Karmina","isPartOf":{"@id":"https:\/\/karminacollection.com\/sl\/#website"},"primaryImageOfPage":{"@id":"https:\/\/karminacollection.com\/sl\/izdelek\/laneni-top-pisan\/#primaryimage"},"image":{"@id":"https:\/\/karminacollection.com\/sl\/izdelek\/laneni-top-pisan\/#primaryimage"},"thumbnailUrl":"https:\/\/karminacollection.com\/wp-content\/uploads\/2025\/07\/linen-top-2.webp","datePublished":"2025-07-30T09:42:58+00:00","dateModified":"2025-07-30T11:45:26+00:00","description":"Odkrij laneni top z ne\u017enim padcem in odstranljivim pasom.Nosite ga na tri na\u010dine \u2013 s pasom, spro\u0161\u010deno ali z igrivo pentljo.Preverite ponudbo!","breadcrumb":{"@id":"https:\/\/karminacollection.com\/sl\/izdelek\/laneni-top-pisan\/#breadcrumb"},"inLanguage":"sl-SI","potentialAction":[{"@type":"ReadAction","target":["https:\/\/karminacollection.com\/sl\/izdelek\/laneni-top-pisan\/"]}]},{"@type":"ImageObject","inLanguage":"sl-SI","@id":"https:\/\/karminacollection.com\/sl\/izdelek\/laneni-top-pisan\/#primaryimage","url":"https:\/\/karminacollection.com\/wp-content\/uploads\/2025\/07\/linen-top-2.webp","contentUrl":"https:\/\/karminacollection.com\/wp-content\/uploads\/2025\/07\/linen-top-2.webp","width":1200,"height":1800,"caption":"linen top karmina"},{"@type":"BreadcrumbList","@id":"https:\/\/karminacollection.com\/sl\/izdelek\/laneni-top-pisan\/#breadcrumb","itemListElement":[{"@type":"ListItem","position":1,"name":"Home","item":"https:\/\/karminacollection.com\/sl\/"},{"@type":"ListItem","position":2,"name":"TRGOVINA","item":"https:\/\/karminacollection.com\/sl\/trgovina\/"},{"@type":"ListItem","position":3,"name":"Laneni top pisan"}]},{"@type":"WebSite","@id":"https:\/\/karminacollection.com\/sl\/#website","url":"https:\/\/karminacollection.com\/sl\/","name":"Karmina collection","description":"Kapsulna obla\u010dila izdelana v Sloveniji.","publisher":{"@id":"https:\/\/karminacollection.com\/sl\/#\/schema\/person\/3e0a3e6951979c903262ff9bd110595d"},"potentialAction":[{"@type":"SearchAction","target":{"@type":"EntryPoint","urlTemplate":"https:\/\/karminacollection.com\/sl\/?s={search_term_string}"},"query-input":{"@type":"PropertyValueSpecification","valueRequired":true,"valueName":"search_term_string"}}],"inLanguage":"sl-SI"},{"@type":["Person","Organization"],"@id":"https:\/\/karminacollection.com\/sl\/#\/schema\/person\/3e0a3e6951979c903262ff9bd110595d","name":"adm_karmina","image":{"@type":"ImageObject","inLanguage":"sl-SI","@id":"https:\/\/karminacollection.com\/sl\/#\/schema\/person\/image\/","url":"https:\/\/karminacollection.com\/wp-content\/uploads\/2024\/01\/cropped-logo-karmina2.png","contentUrl":"https:\/\/karminacollection.com\/wp-content\/uploads\/2024\/01\/cropped-logo-karmina2.png","width":152,"height":80,"caption":"adm_karmina"},"logo":{"@id":"https:\/\/karminacollection.com\/sl\/#\/schema\/person\/image\/"},"sameAs":["https:\/\/karminacollection.com"]}]}},"_links":{"self":[{"href":"https:\/\/karminacollection.com\/sl\/wp-json\/wp\/v2\/product\/16022","targetHints":{"allow":["GET"]}}],"collection":[{"href":"https:\/\/karminacollection.com\/sl\/wp-json\/wp\/v2\/product"}],"about":[{"href":"https:\/\/karminacollection.com\/sl\/wp-json\/wp\/v2\/types\/product"}],"replies":[{"embeddable":true,"href":"https:\/\/karminacollection.com\/sl\/wp-json\/wp\/v2\/comments?post=16022"}],"wp:featuredmedia":[{"embeddable":true,"href":"https:\/\/karminacollection.com\/sl\/wp-json\/wp\/v2\/media\/16028"}],"wp:attachment":[{"href":"https:\/\/karminacollection.com\/sl\/wp-json\/wp\/v2\/media?parent=16022"}],"wp:term":[{"taxonomy":"product_brand","embeddable":true,"href":"https:\/\/karminacollection.com\/sl\/wp-json\/wp\/v2\/product_brand?post=16022"},{"taxonomy":"product_cat","embeddable":true,"href":"https:\/\/karminacollection.com\/sl\/wp-json\/wp\/v2\/product_cat?post=16022"},{"taxonomy":"product_tag","embeddable":true,"href":"https:\/\/karminacollection.com\/sl\/wp-json\/wp\/v2\/product_tag?post=16022"}],"curies":[{"name":"wp","href":"https:\/\/api.w.org\/{rel}","templated":true}]}}