{"id":15856,"date":"2025-05-31T09:52:03","date_gmt":"2025-05-31T09:52:04","guid":{"rendered":"https:\/\/karminacollection.com\/?post_type=product&#038;p=15856"},"modified":"2025-05-31T10:16:48","modified_gmt":"2025-05-31T10:16:48","slug":"jeans-raztegljive-hlace-crne","status":"publish","type":"product","link":"https:\/\/karminacollection.com\/sl\/izdelek\/jeans-raztegljive-hlace-crne\/","title":{"rendered":"Jeans raztegljive hla\u010de, \u010drne"},"content":{"rendered":"<p><strong>Velikost:<\/strong><\/p>\n<p>Sara je visoka 1,68 m in nosi velikost 36\/38. Za ve\u010d informacij glede velikosti, kliknite <a href=\"https:\/\/karminacollection.com\/sl\/velikosti\/\">tukaj.<\/a><\/p>\n<p><strong>Material:<\/strong><\/p>\n<p>Hla\u010de so izdelane iz\u00a0 tanj\u0161ega jeansa. Prijeten na otip, lahek, elasti\u010den jeans bomba\u017e.<br \/>\n97% bomba\u017e in 3% elastan<br \/>\nDovoljeno je strojno pranje na 30\u00b0C .<br \/>\nPrepovedano beljenje.<br \/>\nLikanje do temperature 110\u00b0C<br \/>\nDovoljeno pranje v \u010distilnici.<br \/>\nPrepovedana uporaba su\u0161ilca.<\/p>\n<p><strong>Narejeno v Sloveniji.<\/strong><\/p>\n","protected":false},"excerpt":{"rendered":"<p class=\"\" data-start=\"124\" data-end=\"347\">Najbolj priljubljen model iz Karmina kolekcije \u2013 jeans hla\u010de, ki zdru\u017eujejo udobje, funkcionalnost in pridih japonskega minimalizma.<br data-start=\"256\" data-end=\"259\" \/>Krojene z mislijo na vsakdanjo lahkotnost, a z detajli, ki jih naredijo nekaj posebnega.<\/p>\n<p class=\"\" data-start=\"349\" data-end=\"672\">Zasnovane so s poudarkom na visokem, elasti\u010dnem pasu z zavezovanjem, ki poskrbi za udobno prileganje. Rahlo zaobljena linija hla\u010dnic se ne\u017eno zo\u017ei proti gle\u017enjem, v\u0161itek in razporek na sredini hla\u010dnice pa hla\u010dam dodajata edinstven videz in gibkost. Stranski \u017eepi so prakti\u010den dodatek, hrbtni \u0161iv pa oblikuje lep\u0161o silhueto.<\/p>\n<p class=\"\" data-start=\"674\" data-end=\"757\"><strong data-start=\"674\" data-end=\"757\">Vsebujejo elastan, zato \u010de ste med \u0161tevilkama, priporo\u010damo, da izberete manj\u0161o.<\/strong><\/p>\n<p class=\"\" data-start=\"764\" data-end=\"1136\"><strong data-start=\"764\" data-end=\"792\">Zakaj jih bo\u0161 vzljubila:<\/strong><br data-start=\"792\" data-end=\"795\" \/>\u2013 Udoben visok pas z elastiko in zavezovanjem<br data-start=\"840\" data-end=\"843\" \/>\u2013 Edinstveni detajli: v\u0161itek in razporek za pridih japonskega minimalizma<br data-start=\"916\" data-end=\"919\" \/>\u2013 Rahlo zo\u017een kroj za vsakdanjo eleganco<br data-start=\"959\" data-end=\"962\" \/>\u2013 Prakti\u010dni stranski \u017eepi<br data-start=\"987\" data-end=\"990\" \/>\u2013 Kroj, ki se lepo prilega razli\u010dnim postavam<br data-start=\"1035\" data-end=\"1038\" \/>\u2013 Vsebujejo elastan za dodatno udobje in prilagodljivost<br data-start=\"1094\" data-end=\"1097\" \/>\u2013 Odli\u010den kos za preprosto kombiniranje<\/p>\n<p class=\"\" data-start=\"1138\" data-end=\"1194\"><strong data-start=\"1138\" data-end=\"1148\">Model:<\/strong> Sara je visoka 1,68 m in nosi velikost 36\/38.<\/p>\n<p class=\"\" data-start=\"1196\" data-end=\"1293\"><strong data-start=\"1196\" data-end=\"1212\">Vzdr\u017eevanje:<\/strong><br data-start=\"1212\" data-end=\"1215\" \/>\u2013 Pranje v pralnem stroju pri 30 \u00b0C<br data-start=\"1250\" data-end=\"1253\" \/>\u2013 Su\u0161enje v su\u0161ilnem stroju ni dovoljeno<\/p>\n","protected":false},"featured_media":15871,"comment_status":"open","ping_status":"closed","template":"","meta":[],"product_brand":[],"product_cat":[245,80],"product_tag":[],"class_list":{"0":"post-15856","1":"product","2":"type-product","3":"status-publish","4":"has-post-thumbnail","6":"product_cat-hlace-sl","7":"product_cat-hlace-in-krila","9":"first","10":"instock","11":"featured","12":"shipping-taxable","13":"purchasable","14":"product-type-variable","15":"has-default-attributes"},"yoast_head":"<!-- This site is optimized with the Yoast SEO plugin v27.1.1 - https:\/\/yoast.com\/product\/yoast-seo-wordpress\/ -->\n<title>Jeans raztegljive hla\u010de, \u010drne | Karmina<\/title>\n<meta name=\"description\" content=\"Najbolj priljubljen model Karmina hla\u010d z visokim pasom, v\u0161itkom in razporkom. Udobne, elasti\u010dne in enostavne za kombiniranje v vsakem stilu.\" \/>\n<meta name=\"robots\" content=\"index, follow, max-snippet:-1, max-image-preview:large, max-video-preview:-1\" \/>\n<link rel=\"canonical\" href=\"https:\/\/karminacollection.com\/sl\/izdelek\/jeans-raztegljive-hlace-crne\/\" \/>\n<meta property=\"og:locale\" content=\"sl_SI\" \/>\n<meta property=\"og:type\" content=\"article\" \/>\n<meta property=\"og:title\" content=\"Jeans raztegljive hla\u010de, \u010drne | Karmina\" \/>\n<meta property=\"og:description\" content=\"Najbolj priljubljen model Karmina hla\u010d z visokim pasom, v\u0161itkom in razporkom. Udobne, elasti\u010dne in enostavne za kombiniranje v vsakem stilu.\" \/>\n<meta property=\"og:url\" content=\"https:\/\/karminacollection.com\/sl\/izdelek\/jeans-raztegljive-hlace-crne\/\" \/>\n<meta property=\"og:site_name\" content=\"Karmina\" \/>\n<meta property=\"article:modified_time\" content=\"2025-05-31T10:16:48+00:00\" \/>\n<meta property=\"og:image\" content=\"https:\/\/karminacollection.com\/wp-content\/uploads\/2025\/05\/Stretch-Jeans-pants-black-1.webp\" \/>\n\t<meta property=\"og:image:width\" content=\"1200\" \/>\n\t<meta property=\"og:image:height\" content=\"1800\" \/>\n\t<meta property=\"og:image:type\" content=\"image\/webp\" \/>\n<meta name=\"twitter:label1\" content=\"Est. reading time\" \/>\n\t<meta name=\"twitter:data1\" content=\"1 minuta\" \/>\n<script type=\"application\/ld+json\" class=\"yoast-schema-graph\">{\"@context\":\"https:\/\/schema.org\",\"@graph\":[{\"@type\":\"WebPage\",\"@id\":\"https:\/\/karminacollection.com\/sl\/izdelek\/jeans-raztegljive-hlace-crne\/\",\"url\":\"https:\/\/karminacollection.com\/sl\/izdelek\/jeans-raztegljive-hlace-crne\/\",\"name\":\"Jeans raztegljive hla\u010de, \u010drne | Karmina\",\"isPartOf\":{\"@id\":\"https:\/\/karminacollection.com\/sl\/#website\"},\"primaryImageOfPage\":{\"@id\":\"https:\/\/karminacollection.com\/sl\/izdelek\/jeans-raztegljive-hlace-crne\/#primaryimage\"},\"image\":{\"@id\":\"https:\/\/karminacollection.com\/sl\/izdelek\/jeans-raztegljive-hlace-crne\/#primaryimage\"},\"thumbnailUrl\":\"https:\/\/karminacollection.com\/wp-content\/uploads\/2025\/05\/Stretch-Jeans-pants-black-1.webp\",\"datePublished\":\"2025-05-31T09:52:04+00:00\",\"dateModified\":\"2025-05-31T10:16:48+00:00\",\"description\":\"Najbolj priljubljen model Karmina hla\u010d z visokim pasom, v\u0161itkom in razporkom. Udobne, elasti\u010dne in enostavne za kombiniranje v vsakem stilu.\",\"breadcrumb\":{\"@id\":\"https:\/\/karminacollection.com\/sl\/izdelek\/jeans-raztegljive-hlace-crne\/#breadcrumb\"},\"inLanguage\":\"sl-SI\",\"potentialAction\":[{\"@type\":\"ReadAction\",\"target\":[\"https:\/\/karminacollection.com\/sl\/izdelek\/jeans-raztegljive-hlace-crne\/\"]}]},{\"@type\":\"ImageObject\",\"inLanguage\":\"sl-SI\",\"@id\":\"https:\/\/karminacollection.com\/sl\/izdelek\/jeans-raztegljive-hlace-crne\/#primaryimage\",\"url\":\"https:\/\/karminacollection.com\/wp-content\/uploads\/2025\/05\/Stretch-Jeans-pants-black-1.webp\",\"contentUrl\":\"https:\/\/karminacollection.com\/wp-content\/uploads\/2025\/05\/Stretch-Jeans-pants-black-1.webp\",\"width\":1200,\"height\":1800,\"caption\":\"Black Stretch Jeans pants karmina\"},{\"@type\":\"BreadcrumbList\",\"@id\":\"https:\/\/karminacollection.com\/sl\/izdelek\/jeans-raztegljive-hlace-crne\/#breadcrumb\",\"itemListElement\":[{\"@type\":\"ListItem\",\"position\":1,\"name\":\"Home\",\"item\":\"https:\/\/karminacollection.com\/sl\/\"},{\"@type\":\"ListItem\",\"position\":2,\"name\":\"TRGOVINA\",\"item\":\"https:\/\/karminacollection.com\/sl\/trgovina\/\"},{\"@type\":\"ListItem\",\"position\":3,\"name\":\"Jeans raztegljive hla\u010de, \u010drne\"}]},{\"@type\":\"WebSite\",\"@id\":\"https:\/\/karminacollection.com\/sl\/#website\",\"url\":\"https:\/\/karminacollection.com\/sl\/\",\"name\":\"Karmina collection\",\"description\":\"Kapsulna obla\u010dila izdelana v Sloveniji.\",\"publisher\":{\"@id\":\"https:\/\/karminacollection.com\/sl\/#\/schema\/person\/3e0a3e6951979c903262ff9bd110595d\"},\"potentialAction\":[{\"@type\":\"SearchAction\",\"target\":{\"@type\":\"EntryPoint\",\"urlTemplate\":\"https:\/\/karminacollection.com\/sl\/?s={search_term_string}\"},\"query-input\":{\"@type\":\"PropertyValueSpecification\",\"valueRequired\":true,\"valueName\":\"search_term_string\"}}],\"inLanguage\":\"sl-SI\"},{\"@type\":[\"Person\",\"Organization\"],\"@id\":\"https:\/\/karminacollection.com\/sl\/#\/schema\/person\/3e0a3e6951979c903262ff9bd110595d\",\"name\":\"adm_karmina\",\"image\":{\"@type\":\"ImageObject\",\"inLanguage\":\"sl-SI\",\"@id\":\"https:\/\/karminacollection.com\/sl\/#\/schema\/person\/image\/\",\"url\":\"https:\/\/karminacollection.com\/wp-content\/uploads\/2024\/01\/cropped-logo-karmina2.png\",\"contentUrl\":\"https:\/\/karminacollection.com\/wp-content\/uploads\/2024\/01\/cropped-logo-karmina2.png\",\"width\":152,\"height\":80,\"caption\":\"adm_karmina\"},\"logo\":{\"@id\":\"https:\/\/karminacollection.com\/sl\/#\/schema\/person\/image\/\"},\"sameAs\":[\"https:\/\/karminacollection.com\"]}]}<\/script>\n<!-- \/ Yoast SEO plugin. -->","yoast_head_json":{"title":"Jeans raztegljive hla\u010de, \u010drne | Karmina","description":"Najbolj priljubljen model Karmina hla\u010d z visokim pasom, v\u0161itkom in razporkom. Udobne, elasti\u010dne in enostavne za kombiniranje v vsakem stilu.","robots":{"index":"index","follow":"follow","max-snippet":"max-snippet:-1","max-image-preview":"max-image-preview:large","max-video-preview":"max-video-preview:-1"},"canonical":"https:\/\/karminacollection.com\/sl\/izdelek\/jeans-raztegljive-hlace-crne\/","og_locale":"sl_SI","og_type":"article","og_title":"Jeans raztegljive hla\u010de, \u010drne | Karmina","og_description":"Najbolj priljubljen model Karmina hla\u010d z visokim pasom, v\u0161itkom in razporkom. Udobne, elasti\u010dne in enostavne za kombiniranje v vsakem stilu.","og_url":"https:\/\/karminacollection.com\/sl\/izdelek\/jeans-raztegljive-hlace-crne\/","og_site_name":"Karmina","article_modified_time":"2025-05-31T10:16:48+00:00","og_image":[{"width":1200,"height":1800,"url":"https:\/\/karminacollection.com\/wp-content\/uploads\/2025\/05\/Stretch-Jeans-pants-black-1.webp","type":"image\/webp"}],"twitter_misc":{"Est. reading time":"1 minuta"},"schema":{"@context":"https:\/\/schema.org","@graph":[{"@type":"WebPage","@id":"https:\/\/karminacollection.com\/sl\/izdelek\/jeans-raztegljive-hlace-crne\/","url":"https:\/\/karminacollection.com\/sl\/izdelek\/jeans-raztegljive-hlace-crne\/","name":"Jeans raztegljive hla\u010de, \u010drne | Karmina","isPartOf":{"@id":"https:\/\/karminacollection.com\/sl\/#website"},"primaryImageOfPage":{"@id":"https:\/\/karminacollection.com\/sl\/izdelek\/jeans-raztegljive-hlace-crne\/#primaryimage"},"image":{"@id":"https:\/\/karminacollection.com\/sl\/izdelek\/jeans-raztegljive-hlace-crne\/#primaryimage"},"thumbnailUrl":"https:\/\/karminacollection.com\/wp-content\/uploads\/2025\/05\/Stretch-Jeans-pants-black-1.webp","datePublished":"2025-05-31T09:52:04+00:00","dateModified":"2025-05-31T10:16:48+00:00","description":"Najbolj priljubljen model Karmina hla\u010d z visokim pasom, v\u0161itkom in razporkom. Udobne, elasti\u010dne in enostavne za kombiniranje v vsakem stilu.","breadcrumb":{"@id":"https:\/\/karminacollection.com\/sl\/izdelek\/jeans-raztegljive-hlace-crne\/#breadcrumb"},"inLanguage":"sl-SI","potentialAction":[{"@type":"ReadAction","target":["https:\/\/karminacollection.com\/sl\/izdelek\/jeans-raztegljive-hlace-crne\/"]}]},{"@type":"ImageObject","inLanguage":"sl-SI","@id":"https:\/\/karminacollection.com\/sl\/izdelek\/jeans-raztegljive-hlace-crne\/#primaryimage","url":"https:\/\/karminacollection.com\/wp-content\/uploads\/2025\/05\/Stretch-Jeans-pants-black-1.webp","contentUrl":"https:\/\/karminacollection.com\/wp-content\/uploads\/2025\/05\/Stretch-Jeans-pants-black-1.webp","width":1200,"height":1800,"caption":"Black Stretch Jeans pants karmina"},{"@type":"BreadcrumbList","@id":"https:\/\/karminacollection.com\/sl\/izdelek\/jeans-raztegljive-hlace-crne\/#breadcrumb","itemListElement":[{"@type":"ListItem","position":1,"name":"Home","item":"https:\/\/karminacollection.com\/sl\/"},{"@type":"ListItem","position":2,"name":"TRGOVINA","item":"https:\/\/karminacollection.com\/sl\/trgovina\/"},{"@type":"ListItem","position":3,"name":"Jeans raztegljive hla\u010de, \u010drne"}]},{"@type":"WebSite","@id":"https:\/\/karminacollection.com\/sl\/#website","url":"https:\/\/karminacollection.com\/sl\/","name":"Karmina collection","description":"Kapsulna obla\u010dila izdelana v Sloveniji.","publisher":{"@id":"https:\/\/karminacollection.com\/sl\/#\/schema\/person\/3e0a3e6951979c903262ff9bd110595d"},"potentialAction":[{"@type":"SearchAction","target":{"@type":"EntryPoint","urlTemplate":"https:\/\/karminacollection.com\/sl\/?s={search_term_string}"},"query-input":{"@type":"PropertyValueSpecification","valueRequired":true,"valueName":"search_term_string"}}],"inLanguage":"sl-SI"},{"@type":["Person","Organization"],"@id":"https:\/\/karminacollection.com\/sl\/#\/schema\/person\/3e0a3e6951979c903262ff9bd110595d","name":"adm_karmina","image":{"@type":"ImageObject","inLanguage":"sl-SI","@id":"https:\/\/karminacollection.com\/sl\/#\/schema\/person\/image\/","url":"https:\/\/karminacollection.com\/wp-content\/uploads\/2024\/01\/cropped-logo-karmina2.png","contentUrl":"https:\/\/karminacollection.com\/wp-content\/uploads\/2024\/01\/cropped-logo-karmina2.png","width":152,"height":80,"caption":"adm_karmina"},"logo":{"@id":"https:\/\/karminacollection.com\/sl\/#\/schema\/person\/image\/"},"sameAs":["https:\/\/karminacollection.com"]}]}},"_links":{"self":[{"href":"https:\/\/karminacollection.com\/sl\/wp-json\/wp\/v2\/product\/15856","targetHints":{"allow":["GET"]}}],"collection":[{"href":"https:\/\/karminacollection.com\/sl\/wp-json\/wp\/v2\/product"}],"about":[{"href":"https:\/\/karminacollection.com\/sl\/wp-json\/wp\/v2\/types\/product"}],"replies":[{"embeddable":true,"href":"https:\/\/karminacollection.com\/sl\/wp-json\/wp\/v2\/comments?post=15856"}],"wp:featuredmedia":[{"embeddable":true,"href":"https:\/\/karminacollection.com\/sl\/wp-json\/wp\/v2\/media\/15871"}],"wp:attachment":[{"href":"https:\/\/karminacollection.com\/sl\/wp-json\/wp\/v2\/media?parent=15856"}],"wp:term":[{"taxonomy":"product_brand","embeddable":true,"href":"https:\/\/karminacollection.com\/sl\/wp-json\/wp\/v2\/product_brand?post=15856"},{"taxonomy":"product_cat","embeddable":true,"href":"https:\/\/karminacollection.com\/sl\/wp-json\/wp\/v2\/product_cat?post=15856"},{"taxonomy":"product_tag","embeddable":true,"href":"https:\/\/karminacollection.com\/sl\/wp-json\/wp\/v2\/product_tag?post=15856"}],"curies":[{"name":"wp","href":"https:\/\/api.w.org\/{rel}","templated":true}]}}