{"id":15193,"date":"2025-03-16T21:49:17","date_gmt":"2025-03-16T21:49:17","guid":{"rendered":"https:\/\/karminacollection.com\/product\/presita-bomber-jakna\/"},"modified":"2025-12-24T19:52:37","modified_gmt":"2025-12-24T19:52:37","slug":"presita-bomber-jakna","status":"publish","type":"product","link":"https:\/\/karminacollection.com\/sl\/izdelek\/presita-bomber-jakna\/","title":{"rendered":"Pre\u0161ita bomber jakna"},"content":{"rendered":"<p><strong>Vzdr\u017eevanje: kemi\u010dno \u010di\u0161\u010denje.<\/p>\n<p>Velikost:<\/strong><\/p>\n<p>Model je visok 1,68 m in nosi \u0161tevilko 36\/38. Za ve\u010d informacij glede velikosti, kliknite <a href=\"https:\/\/karminacollection.com\/sl\/velikosti\/\">tukaj.<\/a><\/p>\n<p><strong>Material:<\/strong><\/p>\n<p>100% PES, podloga taft 55%PE \/ 45% PA<\/p>\n<p>Ne\u017eno operite pri 30 \u00b0C z nizkim ciklom vrtenja (600). Su\u0161ite na zraku na obe\u0161alniku. Likanje ni potrebno.<\/p>\n","protected":false},"excerpt":{"rendered":"<p data-start=\"64\" data-end=\"279\">Prefinjena, elegantna prehodna jakna je napol bundica, ki ima pre\u0161it vzorec vijug. Jakna je v celoti podlo\u017eena in ima velike \u017eepe ob strani.<\/p>\n<ul data-start=\"281\" data-end=\"798\">\n<li data-start=\"281\" data-end=\"369\">Material je pre\u0161it vateliran, kot pri prehodnih bundah.<\/li>\n<li data-start=\"370\" data-end=\"448\">Jakna in na prsnem delu v\u0161itke in je bolj orpijet model.<\/li>\n<li data-start=\"449\" data-end=\"538\">Na koncu rokavov in na vratnem delu ima mehek patetni zaklju\u010dek.<\/li>\n<li data-start=\"539\" data-end=\"621\">Je v celoti podlo\u017eena, vsi notranji \u0161ivi so skriti.<\/li>\n<li data-start=\"622\" data-end=\"708\">Ob strani ima funkcionalne \u017eepe, v katere gre kar cel telefon!<\/li>\n<li data-start=\"709\" data-end=\"798\">Dol\u017eina jakne je cca 59 cm.<\/li>\n<\/ul>\n<p data-start=\"800\" data-end=\"979\">Ta bomber jakna je zasnovana za vsestranski slog in zdru\u017euje eleganco z vsakodnevnim no\u0161enjem.<\/p>\n<p data-start=\"981\" data-end=\"1076\" data-is-last-node=\"\" data-is-only-node=\"\">Brez te\u017eav jo kombinirajte z osnovnimi kosi Karminine garderobe za brez\u010dasen, uglajen videz.<\/p>\n<p>Model je visok 1,68 m in nosi \u0161tevilko 36\/38.<\/p>\n<p>Navodila za nego: Pranje v pralnem stroju na hladno pri 20\u00b0C. Zmanj\u0161ajte hitrost o\u017eemanja na 800 vrt\/min. Prepovedana uporaba su\u0161ilca. Likanje ni potrebno.<\/p>\n","protected":false},"featured_media":16266,"comment_status":"open","ping_status":"closed","template":"","meta":[],"product_brand":[],"product_cat":[82],"product_tag":[],"class_list":{"0":"post-15193","1":"product","2":"type-product","3":"status-publish","4":"has-post-thumbnail","6":"product_cat-jakne-in-plasci","8":"first","9":"instock","10":"shipping-taxable","11":"purchasable","12":"product-type-variable","13":"has-default-attributes"},"yoast_head":"<!-- This site is optimized with the Yoast SEO plugin v27.1.1 - https:\/\/yoast.com\/product\/yoast-seo-wordpress\/ -->\n<title>Pre\u0161ita bomber jakna | Karmina<\/title>\n<meta name=\"description\" content=\"Bomber jakna- prefinjena, udobno in vsestranska. Je brez\u010dasen kos, ki se dokaj prilega telesu, z \u017eepi in v celoti pdolo\u017eena.\" \/>\n<meta name=\"robots\" content=\"index, follow, max-snippet:-1, max-image-preview:large, max-video-preview:-1\" \/>\n<link rel=\"canonical\" href=\"https:\/\/karminacollection.com\/sl\/izdelek\/presita-bomber-jakna\/\" \/>\n<meta property=\"og:locale\" content=\"sl_SI\" \/>\n<meta property=\"og:type\" content=\"article\" \/>\n<meta property=\"og:title\" content=\"Pre\u0161ita bomber jakna | Karmina\" \/>\n<meta property=\"og:description\" content=\"Bomber jakna- prefinjena, udobno in vsestranska. Je brez\u010dasen kos, ki se dokaj prilega telesu, z \u017eepi in v celoti pdolo\u017eena.\" \/>\n<meta property=\"og:url\" content=\"https:\/\/karminacollection.com\/sl\/izdelek\/presita-bomber-jakna\/\" \/>\n<meta property=\"og:site_name\" content=\"Karmina\" \/>\n<meta property=\"article:modified_time\" content=\"2025-12-24T19:52:37+00:00\" \/>\n<meta property=\"og:image\" content=\"https:\/\/karminacollection.com\/wp-content\/uploads\/2025\/03\/bomber-jacket-6.jpg\" \/>\n\t<meta property=\"og:image:width\" content=\"1200\" \/>\n\t<meta property=\"og:image:height\" content=\"1800\" \/>\n\t<meta property=\"og:image:type\" content=\"image\/jpeg\" \/>\n<meta name=\"twitter:label1\" content=\"Est. reading time\" \/>\n\t<meta name=\"twitter:data1\" content=\"1 minuta\" \/>\n<script type=\"application\/ld+json\" class=\"yoast-schema-graph\">{\"@context\":\"https:\/\/schema.org\",\"@graph\":[{\"@type\":\"WebPage\",\"@id\":\"https:\/\/karminacollection.com\/sl\/izdelek\/presita-bomber-jakna\/\",\"url\":\"https:\/\/karminacollection.com\/sl\/izdelek\/presita-bomber-jakna\/\",\"name\":\"Pre\u0161ita bomber jakna | Karmina\",\"isPartOf\":{\"@id\":\"https:\/\/karminacollection.com\/sl\/#website\"},\"primaryImageOfPage\":{\"@id\":\"https:\/\/karminacollection.com\/sl\/izdelek\/presita-bomber-jakna\/#primaryimage\"},\"image\":{\"@id\":\"https:\/\/karminacollection.com\/sl\/izdelek\/presita-bomber-jakna\/#primaryimage\"},\"thumbnailUrl\":\"https:\/\/karminacollection.com\/wp-content\/uploads\/2025\/03\/bomber-jacket-6.jpg\",\"datePublished\":\"2025-03-16T21:49:17+00:00\",\"dateModified\":\"2025-12-24T19:52:37+00:00\",\"description\":\"Bomber jakna- prefinjena, udobno in vsestranska. Je brez\u010dasen kos, ki se dokaj prilega telesu, z \u017eepi in v celoti pdolo\u017eena.\",\"breadcrumb\":{\"@id\":\"https:\/\/karminacollection.com\/sl\/izdelek\/presita-bomber-jakna\/#breadcrumb\"},\"inLanguage\":\"sl-SI\",\"potentialAction\":[{\"@type\":\"ReadAction\",\"target\":[\"https:\/\/karminacollection.com\/sl\/izdelek\/presita-bomber-jakna\/\"]}]},{\"@type\":\"ImageObject\",\"inLanguage\":\"sl-SI\",\"@id\":\"https:\/\/karminacollection.com\/sl\/izdelek\/presita-bomber-jakna\/#primaryimage\",\"url\":\"https:\/\/karminacollection.com\/wp-content\/uploads\/2025\/03\/bomber-jacket-6.jpg\",\"contentUrl\":\"https:\/\/karminacollection.com\/wp-content\/uploads\/2025\/03\/bomber-jacket-6.jpg\",\"width\":1200,\"height\":1800,\"caption\":\"paded bomber jacket karmina\"},{\"@type\":\"BreadcrumbList\",\"@id\":\"https:\/\/karminacollection.com\/sl\/izdelek\/presita-bomber-jakna\/#breadcrumb\",\"itemListElement\":[{\"@type\":\"ListItem\",\"position\":1,\"name\":\"Home\",\"item\":\"https:\/\/karminacollection.com\/sl\/\"},{\"@type\":\"ListItem\",\"position\":2,\"name\":\"TRGOVINA\",\"item\":\"https:\/\/karminacollection.com\/sl\/trgovina\/\"},{\"@type\":\"ListItem\",\"position\":3,\"name\":\"Pre\u0161ita bomber jakna\"}]},{\"@type\":\"WebSite\",\"@id\":\"https:\/\/karminacollection.com\/sl\/#website\",\"url\":\"https:\/\/karminacollection.com\/sl\/\",\"name\":\"Karmina collection\",\"description\":\"Kapsulna obla\u010dila izdelana v Sloveniji.\",\"publisher\":{\"@id\":\"https:\/\/karminacollection.com\/sl\/#\/schema\/person\/3e0a3e6951979c903262ff9bd110595d\"},\"potentialAction\":[{\"@type\":\"SearchAction\",\"target\":{\"@type\":\"EntryPoint\",\"urlTemplate\":\"https:\/\/karminacollection.com\/sl\/?s={search_term_string}\"},\"query-input\":{\"@type\":\"PropertyValueSpecification\",\"valueRequired\":true,\"valueName\":\"search_term_string\"}}],\"inLanguage\":\"sl-SI\"},{\"@type\":[\"Person\",\"Organization\"],\"@id\":\"https:\/\/karminacollection.com\/sl\/#\/schema\/person\/3e0a3e6951979c903262ff9bd110595d\",\"name\":\"adm_karmina\",\"image\":{\"@type\":\"ImageObject\",\"inLanguage\":\"sl-SI\",\"@id\":\"https:\/\/karminacollection.com\/sl\/#\/schema\/person\/image\/\",\"url\":\"https:\/\/karminacollection.com\/wp-content\/uploads\/2024\/01\/cropped-logo-karmina2.png\",\"contentUrl\":\"https:\/\/karminacollection.com\/wp-content\/uploads\/2024\/01\/cropped-logo-karmina2.png\",\"width\":152,\"height\":80,\"caption\":\"adm_karmina\"},\"logo\":{\"@id\":\"https:\/\/karminacollection.com\/sl\/#\/schema\/person\/image\/\"},\"sameAs\":[\"https:\/\/karminacollection.com\"]}]}<\/script>\n<!-- \/ Yoast SEO plugin. -->","yoast_head_json":{"title":"Pre\u0161ita bomber jakna | Karmina","description":"Bomber jakna- prefinjena, udobno in vsestranska. Je brez\u010dasen kos, ki se dokaj prilega telesu, z \u017eepi in v celoti pdolo\u017eena.","robots":{"index":"index","follow":"follow","max-snippet":"max-snippet:-1","max-image-preview":"max-image-preview:large","max-video-preview":"max-video-preview:-1"},"canonical":"https:\/\/karminacollection.com\/sl\/izdelek\/presita-bomber-jakna\/","og_locale":"sl_SI","og_type":"article","og_title":"Pre\u0161ita bomber jakna | Karmina","og_description":"Bomber jakna- prefinjena, udobno in vsestranska. Je brez\u010dasen kos, ki se dokaj prilega telesu, z \u017eepi in v celoti pdolo\u017eena.","og_url":"https:\/\/karminacollection.com\/sl\/izdelek\/presita-bomber-jakna\/","og_site_name":"Karmina","article_modified_time":"2025-12-24T19:52:37+00:00","og_image":[{"width":1200,"height":1800,"url":"https:\/\/karminacollection.com\/wp-content\/uploads\/2025\/03\/bomber-jacket-6.jpg","type":"image\/jpeg"}],"twitter_misc":{"Est. reading time":"1 minuta"},"schema":{"@context":"https:\/\/schema.org","@graph":[{"@type":"WebPage","@id":"https:\/\/karminacollection.com\/sl\/izdelek\/presita-bomber-jakna\/","url":"https:\/\/karminacollection.com\/sl\/izdelek\/presita-bomber-jakna\/","name":"Pre\u0161ita bomber jakna | Karmina","isPartOf":{"@id":"https:\/\/karminacollection.com\/sl\/#website"},"primaryImageOfPage":{"@id":"https:\/\/karminacollection.com\/sl\/izdelek\/presita-bomber-jakna\/#primaryimage"},"image":{"@id":"https:\/\/karminacollection.com\/sl\/izdelek\/presita-bomber-jakna\/#primaryimage"},"thumbnailUrl":"https:\/\/karminacollection.com\/wp-content\/uploads\/2025\/03\/bomber-jacket-6.jpg","datePublished":"2025-03-16T21:49:17+00:00","dateModified":"2025-12-24T19:52:37+00:00","description":"Bomber jakna- prefinjena, udobno in vsestranska. Je brez\u010dasen kos, ki se dokaj prilega telesu, z \u017eepi in v celoti pdolo\u017eena.","breadcrumb":{"@id":"https:\/\/karminacollection.com\/sl\/izdelek\/presita-bomber-jakna\/#breadcrumb"},"inLanguage":"sl-SI","potentialAction":[{"@type":"ReadAction","target":["https:\/\/karminacollection.com\/sl\/izdelek\/presita-bomber-jakna\/"]}]},{"@type":"ImageObject","inLanguage":"sl-SI","@id":"https:\/\/karminacollection.com\/sl\/izdelek\/presita-bomber-jakna\/#primaryimage","url":"https:\/\/karminacollection.com\/wp-content\/uploads\/2025\/03\/bomber-jacket-6.jpg","contentUrl":"https:\/\/karminacollection.com\/wp-content\/uploads\/2025\/03\/bomber-jacket-6.jpg","width":1200,"height":1800,"caption":"paded bomber jacket karmina"},{"@type":"BreadcrumbList","@id":"https:\/\/karminacollection.com\/sl\/izdelek\/presita-bomber-jakna\/#breadcrumb","itemListElement":[{"@type":"ListItem","position":1,"name":"Home","item":"https:\/\/karminacollection.com\/sl\/"},{"@type":"ListItem","position":2,"name":"TRGOVINA","item":"https:\/\/karminacollection.com\/sl\/trgovina\/"},{"@type":"ListItem","position":3,"name":"Pre\u0161ita bomber jakna"}]},{"@type":"WebSite","@id":"https:\/\/karminacollection.com\/sl\/#website","url":"https:\/\/karminacollection.com\/sl\/","name":"Karmina collection","description":"Kapsulna obla\u010dila izdelana v Sloveniji.","publisher":{"@id":"https:\/\/karminacollection.com\/sl\/#\/schema\/person\/3e0a3e6951979c903262ff9bd110595d"},"potentialAction":[{"@type":"SearchAction","target":{"@type":"EntryPoint","urlTemplate":"https:\/\/karminacollection.com\/sl\/?s={search_term_string}"},"query-input":{"@type":"PropertyValueSpecification","valueRequired":true,"valueName":"search_term_string"}}],"inLanguage":"sl-SI"},{"@type":["Person","Organization"],"@id":"https:\/\/karminacollection.com\/sl\/#\/schema\/person\/3e0a3e6951979c903262ff9bd110595d","name":"adm_karmina","image":{"@type":"ImageObject","inLanguage":"sl-SI","@id":"https:\/\/karminacollection.com\/sl\/#\/schema\/person\/image\/","url":"https:\/\/karminacollection.com\/wp-content\/uploads\/2024\/01\/cropped-logo-karmina2.png","contentUrl":"https:\/\/karminacollection.com\/wp-content\/uploads\/2024\/01\/cropped-logo-karmina2.png","width":152,"height":80,"caption":"adm_karmina"},"logo":{"@id":"https:\/\/karminacollection.com\/sl\/#\/schema\/person\/image\/"},"sameAs":["https:\/\/karminacollection.com"]}]}},"_links":{"self":[{"href":"https:\/\/karminacollection.com\/sl\/wp-json\/wp\/v2\/product\/15193","targetHints":{"allow":["GET"]}}],"collection":[{"href":"https:\/\/karminacollection.com\/sl\/wp-json\/wp\/v2\/product"}],"about":[{"href":"https:\/\/karminacollection.com\/sl\/wp-json\/wp\/v2\/types\/product"}],"replies":[{"embeddable":true,"href":"https:\/\/karminacollection.com\/sl\/wp-json\/wp\/v2\/comments?post=15193"}],"wp:featuredmedia":[{"embeddable":true,"href":"https:\/\/karminacollection.com\/sl\/wp-json\/wp\/v2\/media\/16266"}],"wp:attachment":[{"href":"https:\/\/karminacollection.com\/sl\/wp-json\/wp\/v2\/media?parent=15193"}],"wp:term":[{"taxonomy":"product_brand","embeddable":true,"href":"https:\/\/karminacollection.com\/sl\/wp-json\/wp\/v2\/product_brand?post=15193"},{"taxonomy":"product_cat","embeddable":true,"href":"https:\/\/karminacollection.com\/sl\/wp-json\/wp\/v2\/product_cat?post=15193"},{"taxonomy":"product_tag","embeddable":true,"href":"https:\/\/karminacollection.com\/sl\/wp-json\/wp\/v2\/product_tag?post=15193"}],"curies":[{"name":"wp","href":"https:\/\/api.w.org\/{rel}","templated":true}]}}