{"id":11263,"date":"2023-09-28T19:29:21","date_gmt":"2023-09-28T19:29:35","guid":{"rendered":"https:\/\/karminacollection.com\/?post_type=product&#038;p=11263"},"modified":"2023-11-28T09:16:27","modified_gmt":"2023-11-28T09:16:27","slug":"majica-z-odprtimi-rameni","status":"publish","type":"product","link":"https:\/\/karminacollection.com\/sl\/izdelek\/majica-z-odprtimi-rameni\/","title":{"rendered":"Majica z odprtimi rameni"},"content":{"rendered":"<p><strong>Velikost:<\/strong><\/p>\n<p>Teja je visoka 168 cm in nosi \u0161tevilko 38. Za ve\u010d informacij glede velikosti, kliknite <a href=\"https:\/\/karminacollection.com\/sl\/velikosti\/\">tukaj.<\/a><\/p>\n<p><strong>Material:<\/strong><\/p>\n<p>Bomba\u017eni jersey.<br \/>\n60% CO \/ 35% PES \/ 5% EL bomba\u017eni jersey<br \/>\nDovoljeno je strojno pranje na 30 \u00b0C .<br \/>\nPrepovedano beljenje.<br \/>\nLikanje do temperature 110 \u00b0C<br \/>\nDovoljeno pranje v \u010distilnici.<br \/>\nPrepovedana uporaba su\u0161ilca.<\/p>\n<p><strong>Narejeno v Sloveniji.<\/strong><\/p>\n","protected":false},"excerpt":{"rendered":"<h5 style=\"text-align: left;\">Opis:<\/h5>\n<p style=\"text-align: left;\">I\u0161\u010dete nekaj druga\u010dnega v svoji slu\u017ebeni garderobi? Ta majica z odprtimi rameni je ne\u017een in \u017eenstven kos va\u0161e garderobe. Zdru\u017eite jo s \u010drnim krilom za prefinjen videz ali s kavbojkami za spro\u0161\u010deno vzdu\u0161je.<\/p>\n<h5 style=\"text-align: left;\">Podrobnosti:<\/h5>\n<p style=\"text-align: left;\">Teja je visoka 186 cm in nosi \u0161tevilko 38.<br \/>\nVzdr\u017eevanje:pranje v pralnem stroju na 30\u00b0C. Prepovedana uporaba su\u0161ilca.<\/p>\n<p style=\"text-align: left;\">\n","protected":false},"featured_media":11307,"comment_status":"open","ping_status":"closed","template":"","meta":[],"product_brand":[],"product_cat":[238,84],"product_tag":[],"class_list":{"0":"post-11263","1":"product","2":"type-product","3":"status-publish","4":"has-post-thumbnail","6":"product_cat-dolgi-rokavi","7":"product_cat-majice-in-puloverji","9":"first","10":"instock","11":"shipping-taxable","12":"purchasable","13":"product-type-variable","14":"has-default-attributes"},"yoast_head":"<!-- This site is optimized with the Yoast SEO plugin v27.1.1 - https:\/\/yoast.com\/product\/yoast-seo-wordpress\/ -->\n<title>Majica Cvet | KarminaMajica z odprtimi rameni<\/title>\n<meta name=\"description\" content=\"Odkrijte na\u0161o modno majico z odprtimi rameni, ki zdru\u017euje sodoben stil in udobje. Idealna za vsakodnevno no\u0161enje ali posebne prilo\u017enosti. Ne zamudite!\" \/>\n<meta name=\"robots\" content=\"index, follow, max-snippet:-1, max-image-preview:large, max-video-preview:-1\" \/>\n<link rel=\"canonical\" href=\"https:\/\/karminacollection.com\/sl\/izdelek\/majica-z-odprtimi-rameni\/\" \/>\n<meta property=\"og:locale\" content=\"sl_SI\" \/>\n<meta property=\"og:type\" content=\"article\" \/>\n<meta property=\"og:title\" content=\"Majica Cvet | KarminaMajica z odprtimi rameni\" \/>\n<meta property=\"og:description\" content=\"Odkrijte na\u0161o modno majico z odprtimi rameni, ki zdru\u017euje sodoben stil in udobje. Idealna za vsakodnevno no\u0161enje ali posebne prilo\u017enosti. Ne zamudite!\" \/>\n<meta property=\"og:url\" content=\"https:\/\/karminacollection.com\/sl\/izdelek\/majica-z-odprtimi-rameni\/\" \/>\n<meta property=\"og:site_name\" content=\"Karmina\" \/>\n<meta property=\"article:modified_time\" content=\"2023-11-28T09:16:27+00:00\" \/>\n<meta property=\"og:image\" content=\"https:\/\/karminacollection.com\/wp-content\/uploads\/2023\/09\/long-shirt-2.webp\" \/>\n\t<meta property=\"og:image:width\" content=\"1200\" \/>\n\t<meta property=\"og:image:height\" content=\"1800\" \/>\n\t<meta property=\"og:image:type\" content=\"image\/webp\" \/>\n<meta name=\"twitter:label1\" content=\"Est. reading time\" \/>\n\t<meta name=\"twitter:data1\" content=\"1 minuta\" \/>\n<script type=\"application\/ld+json\" class=\"yoast-schema-graph\">{\"@context\":\"https:\/\/schema.org\",\"@graph\":[{\"@type\":\"WebPage\",\"@id\":\"https:\/\/karminacollection.com\/sl\/izdelek\/majica-z-odprtimi-rameni\/\",\"url\":\"https:\/\/karminacollection.com\/sl\/izdelek\/majica-z-odprtimi-rameni\/\",\"name\":\"Majica Cvet | KarminaMajica z odprtimi rameni\",\"isPartOf\":{\"@id\":\"https:\/\/karminacollection.com\/sl\/#website\"},\"primaryImageOfPage\":{\"@id\":\"https:\/\/karminacollection.com\/sl\/izdelek\/majica-z-odprtimi-rameni\/#primaryimage\"},\"image\":{\"@id\":\"https:\/\/karminacollection.com\/sl\/izdelek\/majica-z-odprtimi-rameni\/#primaryimage\"},\"thumbnailUrl\":\"https:\/\/karminacollection.com\/wp-content\/uploads\/2023\/09\/long-shirt-2.webp\",\"datePublished\":\"2023-09-28T19:29:35+00:00\",\"dateModified\":\"2023-11-28T09:16:27+00:00\",\"description\":\"Odkrijte na\u0161o modno majico z odprtimi rameni, ki zdru\u017euje sodoben stil in udobje. Idealna za vsakodnevno no\u0161enje ali posebne prilo\u017enosti. Ne zamudite!\",\"breadcrumb\":{\"@id\":\"https:\/\/karminacollection.com\/sl\/izdelek\/majica-z-odprtimi-rameni\/#breadcrumb\"},\"inLanguage\":\"sl-SI\",\"potentialAction\":[{\"@type\":\"ReadAction\",\"target\":[\"https:\/\/karminacollection.com\/sl\/izdelek\/majica-z-odprtimi-rameni\/\"]}]},{\"@type\":\"ImageObject\",\"inLanguage\":\"sl-SI\",\"@id\":\"https:\/\/karminacollection.com\/sl\/izdelek\/majica-z-odprtimi-rameni\/#primaryimage\",\"url\":\"https:\/\/karminacollection.com\/wp-content\/uploads\/2023\/09\/long-shirt-2.webp\",\"contentUrl\":\"https:\/\/karminacollection.com\/wp-content\/uploads\/2023\/09\/long-shirt-2.webp\",\"width\":1200,\"height\":1800,\"caption\":\"Elegant Open-Shoulder Shirt Karmina\"},{\"@type\":\"BreadcrumbList\",\"@id\":\"https:\/\/karminacollection.com\/sl\/izdelek\/majica-z-odprtimi-rameni\/#breadcrumb\",\"itemListElement\":[{\"@type\":\"ListItem\",\"position\":1,\"name\":\"Home\",\"item\":\"https:\/\/karminacollection.com\/sl\/\"},{\"@type\":\"ListItem\",\"position\":2,\"name\":\"TRGOVINA\",\"item\":\"https:\/\/karminacollection.com\/sl\/trgovina\/\"},{\"@type\":\"ListItem\",\"position\":3,\"name\":\"Majica z odprtimi rameni\"}]},{\"@type\":\"WebSite\",\"@id\":\"https:\/\/karminacollection.com\/sl\/#website\",\"url\":\"https:\/\/karminacollection.com\/sl\/\",\"name\":\"Karmina collection\",\"description\":\"Kapsulna obla\u010dila izdelana v Sloveniji.\",\"publisher\":{\"@id\":\"https:\/\/karminacollection.com\/sl\/#\/schema\/person\/3e0a3e6951979c903262ff9bd110595d\"},\"potentialAction\":[{\"@type\":\"SearchAction\",\"target\":{\"@type\":\"EntryPoint\",\"urlTemplate\":\"https:\/\/karminacollection.com\/sl\/?s={search_term_string}\"},\"query-input\":{\"@type\":\"PropertyValueSpecification\",\"valueRequired\":true,\"valueName\":\"search_term_string\"}}],\"inLanguage\":\"sl-SI\"},{\"@type\":[\"Person\",\"Organization\"],\"@id\":\"https:\/\/karminacollection.com\/sl\/#\/schema\/person\/3e0a3e6951979c903262ff9bd110595d\",\"name\":\"adm_karmina\",\"image\":{\"@type\":\"ImageObject\",\"inLanguage\":\"sl-SI\",\"@id\":\"https:\/\/karminacollection.com\/sl\/#\/schema\/person\/image\/\",\"url\":\"https:\/\/karminacollection.com\/wp-content\/uploads\/2024\/01\/cropped-logo-karmina2.png\",\"contentUrl\":\"https:\/\/karminacollection.com\/wp-content\/uploads\/2024\/01\/cropped-logo-karmina2.png\",\"width\":152,\"height\":80,\"caption\":\"adm_karmina\"},\"logo\":{\"@id\":\"https:\/\/karminacollection.com\/sl\/#\/schema\/person\/image\/\"},\"sameAs\":[\"https:\/\/karminacollection.com\"]}]}<\/script>\n<!-- \/ Yoast SEO plugin. -->","yoast_head_json":{"title":"Majica Cvet | KarminaMajica z odprtimi rameni","description":"Odkrijte na\u0161o modno majico z odprtimi rameni, ki zdru\u017euje sodoben stil in udobje. Idealna za vsakodnevno no\u0161enje ali posebne prilo\u017enosti. Ne zamudite!","robots":{"index":"index","follow":"follow","max-snippet":"max-snippet:-1","max-image-preview":"max-image-preview:large","max-video-preview":"max-video-preview:-1"},"canonical":"https:\/\/karminacollection.com\/sl\/izdelek\/majica-z-odprtimi-rameni\/","og_locale":"sl_SI","og_type":"article","og_title":"Majica Cvet | KarminaMajica z odprtimi rameni","og_description":"Odkrijte na\u0161o modno majico z odprtimi rameni, ki zdru\u017euje sodoben stil in udobje. Idealna za vsakodnevno no\u0161enje ali posebne prilo\u017enosti. Ne zamudite!","og_url":"https:\/\/karminacollection.com\/sl\/izdelek\/majica-z-odprtimi-rameni\/","og_site_name":"Karmina","article_modified_time":"2023-11-28T09:16:27+00:00","og_image":[{"width":1200,"height":1800,"url":"https:\/\/karminacollection.com\/wp-content\/uploads\/2023\/09\/long-shirt-2.webp","type":"image\/webp"}],"twitter_misc":{"Est. reading time":"1 minuta"},"schema":{"@context":"https:\/\/schema.org","@graph":[{"@type":"WebPage","@id":"https:\/\/karminacollection.com\/sl\/izdelek\/majica-z-odprtimi-rameni\/","url":"https:\/\/karminacollection.com\/sl\/izdelek\/majica-z-odprtimi-rameni\/","name":"Majica Cvet | KarminaMajica z odprtimi rameni","isPartOf":{"@id":"https:\/\/karminacollection.com\/sl\/#website"},"primaryImageOfPage":{"@id":"https:\/\/karminacollection.com\/sl\/izdelek\/majica-z-odprtimi-rameni\/#primaryimage"},"image":{"@id":"https:\/\/karminacollection.com\/sl\/izdelek\/majica-z-odprtimi-rameni\/#primaryimage"},"thumbnailUrl":"https:\/\/karminacollection.com\/wp-content\/uploads\/2023\/09\/long-shirt-2.webp","datePublished":"2023-09-28T19:29:35+00:00","dateModified":"2023-11-28T09:16:27+00:00","description":"Odkrijte na\u0161o modno majico z odprtimi rameni, ki zdru\u017euje sodoben stil in udobje. Idealna za vsakodnevno no\u0161enje ali posebne prilo\u017enosti. Ne zamudite!","breadcrumb":{"@id":"https:\/\/karminacollection.com\/sl\/izdelek\/majica-z-odprtimi-rameni\/#breadcrumb"},"inLanguage":"sl-SI","potentialAction":[{"@type":"ReadAction","target":["https:\/\/karminacollection.com\/sl\/izdelek\/majica-z-odprtimi-rameni\/"]}]},{"@type":"ImageObject","inLanguage":"sl-SI","@id":"https:\/\/karminacollection.com\/sl\/izdelek\/majica-z-odprtimi-rameni\/#primaryimage","url":"https:\/\/karminacollection.com\/wp-content\/uploads\/2023\/09\/long-shirt-2.webp","contentUrl":"https:\/\/karminacollection.com\/wp-content\/uploads\/2023\/09\/long-shirt-2.webp","width":1200,"height":1800,"caption":"Elegant Open-Shoulder Shirt Karmina"},{"@type":"BreadcrumbList","@id":"https:\/\/karminacollection.com\/sl\/izdelek\/majica-z-odprtimi-rameni\/#breadcrumb","itemListElement":[{"@type":"ListItem","position":1,"name":"Home","item":"https:\/\/karminacollection.com\/sl\/"},{"@type":"ListItem","position":2,"name":"TRGOVINA","item":"https:\/\/karminacollection.com\/sl\/trgovina\/"},{"@type":"ListItem","position":3,"name":"Majica z odprtimi rameni"}]},{"@type":"WebSite","@id":"https:\/\/karminacollection.com\/sl\/#website","url":"https:\/\/karminacollection.com\/sl\/","name":"Karmina collection","description":"Kapsulna obla\u010dila izdelana v Sloveniji.","publisher":{"@id":"https:\/\/karminacollection.com\/sl\/#\/schema\/person\/3e0a3e6951979c903262ff9bd110595d"},"potentialAction":[{"@type":"SearchAction","target":{"@type":"EntryPoint","urlTemplate":"https:\/\/karminacollection.com\/sl\/?s={search_term_string}"},"query-input":{"@type":"PropertyValueSpecification","valueRequired":true,"valueName":"search_term_string"}}],"inLanguage":"sl-SI"},{"@type":["Person","Organization"],"@id":"https:\/\/karminacollection.com\/sl\/#\/schema\/person\/3e0a3e6951979c903262ff9bd110595d","name":"adm_karmina","image":{"@type":"ImageObject","inLanguage":"sl-SI","@id":"https:\/\/karminacollection.com\/sl\/#\/schema\/person\/image\/","url":"https:\/\/karminacollection.com\/wp-content\/uploads\/2024\/01\/cropped-logo-karmina2.png","contentUrl":"https:\/\/karminacollection.com\/wp-content\/uploads\/2024\/01\/cropped-logo-karmina2.png","width":152,"height":80,"caption":"adm_karmina"},"logo":{"@id":"https:\/\/karminacollection.com\/sl\/#\/schema\/person\/image\/"},"sameAs":["https:\/\/karminacollection.com"]}]}},"_links":{"self":[{"href":"https:\/\/karminacollection.com\/sl\/wp-json\/wp\/v2\/product\/11263","targetHints":{"allow":["GET"]}}],"collection":[{"href":"https:\/\/karminacollection.com\/sl\/wp-json\/wp\/v2\/product"}],"about":[{"href":"https:\/\/karminacollection.com\/sl\/wp-json\/wp\/v2\/types\/product"}],"replies":[{"embeddable":true,"href":"https:\/\/karminacollection.com\/sl\/wp-json\/wp\/v2\/comments?post=11263"}],"wp:featuredmedia":[{"embeddable":true,"href":"https:\/\/karminacollection.com\/sl\/wp-json\/wp\/v2\/media\/11307"}],"wp:attachment":[{"href":"https:\/\/karminacollection.com\/sl\/wp-json\/wp\/v2\/media?parent=11263"}],"wp:term":[{"taxonomy":"product_brand","embeddable":true,"href":"https:\/\/karminacollection.com\/sl\/wp-json\/wp\/v2\/product_brand?post=11263"},{"taxonomy":"product_cat","embeddable":true,"href":"https:\/\/karminacollection.com\/sl\/wp-json\/wp\/v2\/product_cat?post=11263"},{"taxonomy":"product_tag","embeddable":true,"href":"https:\/\/karminacollection.com\/sl\/wp-json\/wp\/v2\/product_tag?post=11263"}],"curies":[{"name":"wp","href":"https:\/\/api.w.org\/{rel}","templated":true}]}}