{"id":1933,"date":"2021-06-29T08:37:40","date_gmt":"2021-06-29T08:37:40","guid":{"rendered":"https:\/\/karminacollection.com\/politika-zasebnosti\/"},"modified":"2025-04-22T18:57:40","modified_gmt":"2025-04-22T18:57:40","slug":"politika-zasebnosti","status":"publish","type":"page","link":"https:\/\/karminacollection.com\/sl\/politika-zasebnosti\/","title":{"rendered":"POLITIKA ZASEBNOSTI"},"content":{"rendered":"<div class=\"wpb-content-wrapper\">[vc_row][vc_column][vc_column_text]1. \u010cLEN \u2013 KAJ NAREDIMO Z VA\u0160IMI PODATKI?<\/p>\n<p>Ko preko na\u0161e spletne trgovine opravite nakup, med procesom shranimo va\u0161e osebne podatke, kot so ime, priimek, naslov in elektronski naslov. Med brskanjem po na\u0161i spletni strani avtomati\u010dno prejmemo va\u0161 IP naslov (Internet Protocol), ki nam omogo\u010da dostop do podatkov o va\u0161em brskalniku in operacijskem sistemu.<\/p>\n<p>Email marketing: Z va\u0161im dovoljenjem vam po\u0161iljamo emaile o znamki, na\u0161i spletni trgovini, novih produktih in drugih novicah.<\/p>\n<p>2. \u010cLEN &#8211; SOGLASJE<\/p>\n<p>Kako pridobimo soglasje za uporabo va\u0161ih osebnih podatkov?<\/p>\n<p>Ko nam zaupate svoje osebne podatke, da izvr\u0161ite pla\u010dilo, potrdite svojo kreditno kartico, vnesete podatke za dostavo, oddate naro\u010dilo ali odpo\u0161ljete vra\u010dilo, se to smatra kot soglasje, da shranimo in izklju\u010dno v ta namen uporabimo va\u0161e podatke. \u010ce vas za osebne podatke prosimo iz drugih razlogov, npr. marketin\u0161kih, vas bomo za soglasje prosili neposredno oz. vam dali mo\u017enost odjave, da va\u0161ih podatkov ne bomo ve\u010d hranili.<\/p>\n<p>Kako lahko prekli\u010dete svoje soglasje?<\/p>\n<p>\u010ce se po tem, ko ste nam \u017ee zaupali svoje osebne podatke, premislite, lahko svoje soglasje, da vas kontaktiramo ali kakorkoli druga\u010de uporabljamo va\u0161e informacije, nas lahko s tem namenom kadarkoli kontaktirate na info@karminacollection.com.<\/p>\n<p>3. \u010cLEN \u2013 RAZKRITJE VA\u0160IH OSEBNIH PODATKOV<\/p>\n<p>Va\u0161e osebne podatke smo dol\u017eni razkriti, \u010de to od nas zahteva zakon, ali \u010de kr\u0161ite pravila poslovanja.<\/p>\n<p>4. \u010cLEN \u2013 WOOCOMMERCE<\/p>\n<p>Na\u0161 spletni gostitelj je Wp\/Woocommerce nam omogo\u010da uporabo svoje platforme za spletno poslovanje, preko katere prodajamo svoje produkte. Va\u0161e osebne podatke Woocommerce hrani na svojih pomnilnikih, v podatkovnih bazah in v splo\u0161ni Woocommerce aplikaciji. Va\u0161e podatke hranijo na varnih stre\u017enikih, ki so za\u0161\u010diteni s firewallom.<\/p>\n<p>Pla\u010dilo:<\/p>\n<p>Vsi na\u010dini pla\u010dila se skladajo z zahtevami, ki jih postavlja PCI-DSS, ureja pa PCI Security Standard Council, pri katerem sodelujejo znamke, kot so Visa, MasterCard, American Express in Discover. PSI-DSS zahteve nam pomagajo pri zagotavljanju varnega rokovanja s podatki v na\u0161i spletni trgovina in aplikaciji na\u0161ega gostitelja Woocomerca.<\/p>\n<p>5. \u010cLEN \u2013 MEDOBRATOVALNE STORITVE<\/p>\n<p>Tretje stranke, katerih storitve uporabljamo, zbirajo in uporabljajo samo podatke, ki jih potrebujejo za nudenje svojih storitev. Nekateri ponudniki medobratovalnih storitev, kot so spletna pla\u010dila, uporabljajo svoje pravilnike o zasebnosti glede na naravo podatkov, ki jim jih posredujemo v zvezi z va\u0161im naro\u010dilom. Svetujemo vam, da njihove pravilnike preberete ter pridobite informacije, kako bodo uporabljali va\u0161e podatke, \u0161e posebej \u010de gre za izvenevropska podjetja, za katera regulacije EU ne veljajo. Ko ste z na\u0161e spletne strani preusmerjeni na spletno stran ali aplikacijo stretje stranke, ta pravilnik o zasebnosti in na\u0161a pravila poslovanja ne veljajo ve\u010d.<\/p>\n<p>Povezave<\/p>\n<p>Nekatere povezave na na\u0161i spletni strani vas preusmerijo na druge spletne strani. Za njihovo delovanje v zvezi z zasebnostjo uporabnikov ne odgovarjamo, zato priporo\u010damo branje njihovih izjav o zasebnosti.<\/p>\n<p>6. \u010cLEN \u2013 VARNOST<\/p>\n<p>Za varovanje va\u0161ih osebnih podatkov se poslu\u017eujemo preventivnih varnostnih ukrepov, ki so prepoznani kot najuspe\u0161nej\u0161i na podro\u010dju spletne prodaje, da prepre\u010dimo njihovo izgubo, zlorabo, neavtoriziran dostop, razkrivanje ali spreminjanje. \u010ce nam zaupate podatke o svoji kreditni kartici, podatke kodiramo z uporabo varnega vmesnika (SSL) in shranimo z AES-256 kodiranjem. \u010ceprav pri nobeni obliki spletnega prenosa in elektronskega shranjevanja podatkov ne moremo garantirati 100% varnosti, sledimo zahtevam PCI-DSS in uporabljamo dodatne varnostne ukrepe, ki so v splo\u0161ni uporabi v spletni prodaji.<\/p>\n<p>7. \u010cLEN \u2013 PI\u0160KOTKI<\/p>\n<p>Spodaj so navedeni pi\u0161kotki, ki jih uporabljamo, da se lahko odlo\u010dite, \u010de se z njihovo uporabo strinjate ali ne.<\/p>\n<p>_session_id, enkratna koda za vsak obisk strani, dovoli Shopifiyu, da shrani informacije o va\u0161em obisku (preko katere strani ste bili preusmerjeni na na\u0161o stran in na katero podstran ste bili preusmerjeni, &#8230;)<\/p>\n<p>_secure_session_id, enkratna koda za vsak obisk strani.<\/p>\n<p>Va\u0161e podatke za potrebe analiziranja podatkov delimo s spodaj navedenimi zunanjimi ponudniki. Njihove izjave o zasebnosti so navedene na slede\u010dih povezavah:<\/p>\n<p>Facebook Pixel (vklju\u010dno s Facebook Connect)<br \/>\nGoogle Analytics (vklju\u010dno z Google Tag Manager in DoubleClick)<\/p>\n<p>8. \u010cLEN \u2013 STAROSTNA OMEJITEV<\/p>\n<p>Z uporabo te strani dokazujete, da ste polnoletni, ter se strinjate, da jo uporabljajo tudi morebitne mladoletne osebe v va\u0161i oskbri.<\/p>\n<p>9. \u010cLEN \u2013 SPREMINJANJE PRAVILNIKA O ZASEBNOSTI<\/p>\n<p>Pridr\u017eujemo si pravico do spreminjanja tega pravilnika. Kakr\u0161nekoli spremembe in razjasnitve se pri\u010denjo uporabljati takoj, ko je pravilnik objavljen na spletni strani. \u010ce pride do spremembe lastnika znamke Karmina, bomo podatke, ki jih hranimo, prenesli nanj. \u010ce pride do sprememb vsebine pravilnika, kot je sprememba na\u010dina zbiranja ali druga\u010dna uporaba va\u0161ih osebnih podatkov, vas bomo o tem obvestili.<\/p>\n<p>VPRA\u0160ANJA IN KONTAKT<\/p>\n<p>\u010ce \u017eelite dostopati, spremeniti ali izbrisati podatke, ki jih o vas hranimo, ali \u017eelite kakr\u0161nekoli dodatne informacije, nas, prosimo, kontaktirajte preko elektronske po\u0161te na info@karminacollection.com.<\/p>\n[\/vc_column_text][\/vc_column][\/vc_row]\n<\/div>","protected":false},"excerpt":{"rendered":"<p>[vc_row][vc_column][vc_column_text]1. \u010cLEN \u2013 KAJ NAREDIMO Z VA\u0160IMI PODATKI? Ko preko na\u0161e spletne trgovine opravite nakup, med procesom shranimo va\u0161e osebne podatke, kot so ime, priimek, naslov in elektronski naslov. Med brskanjem po na\u0161i spletni strani avtomati\u010dno prejmemo va\u0161 IP naslov (Internet Protocol), ki nam omogo\u010da dostop do podatkov o va\u0161em [&hellip;]<\/p>\n","protected":false},"author":1,"featured_media":0,"parent":0,"menu_order":0,"comment_status":"closed","ping_status":"open","template":"","meta":{"footnotes":""},"class_list":["post-1933","page","type-page","status-publish","hentry"],"yoast_head":"<!-- This site is optimized with the Yoast SEO plugin v27.1.1 - https:\/\/yoast.com\/product\/yoast-seo-wordpress\/ -->\n<title>POLITIKA ZASEBNOSTI | Karmina<\/title>\n<meta name=\"description\" content=\"Preberite, kako Karmina Collection varuje va\u0161e osebne podatke. Spoznajte pravice uporabnikov in na\u010din zbiranja, uporabe ter hrambe podatkov.\" \/>\n<meta name=\"robots\" content=\"index, follow, max-snippet:-1, max-image-preview:large, max-video-preview:-1\" \/>\n<link rel=\"canonical\" href=\"https:\/\/karminacollection.com\/sl\/politika-zasebnosti\/\" \/>\n<meta property=\"og:locale\" content=\"sl_SI\" \/>\n<meta property=\"og:type\" content=\"article\" \/>\n<meta property=\"og:title\" content=\"POLITIKA ZASEBNOSTI | Karmina\" \/>\n<meta property=\"og:description\" content=\"Preberite, kako Karmina Collection varuje va\u0161e osebne podatke. Spoznajte pravice uporabnikov in na\u010din zbiranja, uporabe ter hrambe podatkov.\" \/>\n<meta property=\"og:url\" content=\"https:\/\/karminacollection.com\/sl\/politika-zasebnosti\/\" \/>\n<meta property=\"og:site_name\" content=\"Karmina\" \/>\n<meta property=\"article:modified_time\" content=\"2025-04-22T18:57:40+00:00\" \/>\n<meta property=\"og:image\" content=\"https:\/\/karminacollection.com\/wp-content\/uploads\/2022\/08\/logotip-tik-tok.jpg\" \/>\n\t<meta property=\"og:image:width\" content=\"867\" \/>\n\t<meta property=\"og:image:height\" content=\"954\" \/>\n\t<meta property=\"og:image:type\" content=\"image\/jpeg\" \/>\n<meta name=\"twitter:label1\" content=\"Est. reading time\" \/>\n\t<meta name=\"twitter:data1\" content=\"4 minute\" \/>\n<script type=\"application\/ld+json\" class=\"yoast-schema-graph\">{\"@context\":\"https:\/\/schema.org\",\"@graph\":[{\"@type\":\"WebPage\",\"@id\":\"https:\/\/karminacollection.com\/sl\/politika-zasebnosti\/\",\"url\":\"https:\/\/karminacollection.com\/sl\/politika-zasebnosti\/\",\"name\":\"POLITIKA ZASEBNOSTI | Karmina\",\"isPartOf\":{\"@id\":\"https:\/\/karminacollection.com\/sl\/#website\"},\"datePublished\":\"2021-06-29T08:37:40+00:00\",\"dateModified\":\"2025-04-22T18:57:40+00:00\",\"description\":\"Preberite, kako Karmina Collection varuje va\u0161e osebne podatke. Spoznajte pravice uporabnikov in na\u010din zbiranja, uporabe ter hrambe podatkov.\",\"breadcrumb\":{\"@id\":\"https:\/\/karminacollection.com\/sl\/politika-zasebnosti\/#breadcrumb\"},\"inLanguage\":\"sl-SI\",\"potentialAction\":[{\"@type\":\"ReadAction\",\"target\":[\"https:\/\/karminacollection.com\/sl\/politika-zasebnosti\/\"]}]},{\"@type\":\"BreadcrumbList\",\"@id\":\"https:\/\/karminacollection.com\/sl\/politika-zasebnosti\/#breadcrumb\",\"itemListElement\":[{\"@type\":\"ListItem\",\"position\":1,\"name\":\"Home\",\"item\":\"https:\/\/karminacollection.com\/sl\/\"},{\"@type\":\"ListItem\",\"position\":2,\"name\":\"POLITIKA ZASEBNOSTI\"}]},{\"@type\":\"WebSite\",\"@id\":\"https:\/\/karminacollection.com\/sl\/#website\",\"url\":\"https:\/\/karminacollection.com\/sl\/\",\"name\":\"Karmina collection\",\"description\":\"Kapsulna obla\u010dila izdelana v Sloveniji.\",\"publisher\":{\"@id\":\"https:\/\/karminacollection.com\/sl\/#\/schema\/person\/3e0a3e6951979c903262ff9bd110595d\"},\"potentialAction\":[{\"@type\":\"SearchAction\",\"target\":{\"@type\":\"EntryPoint\",\"urlTemplate\":\"https:\/\/karminacollection.com\/sl\/?s={search_term_string}\"},\"query-input\":{\"@type\":\"PropertyValueSpecification\",\"valueRequired\":true,\"valueName\":\"search_term_string\"}}],\"inLanguage\":\"sl-SI\"},{\"@type\":[\"Person\",\"Organization\"],\"@id\":\"https:\/\/karminacollection.com\/sl\/#\/schema\/person\/3e0a3e6951979c903262ff9bd110595d\",\"name\":\"adm_karmina\",\"image\":{\"@type\":\"ImageObject\",\"inLanguage\":\"sl-SI\",\"@id\":\"https:\/\/karminacollection.com\/sl\/#\/schema\/person\/image\/\",\"url\":\"https:\/\/karminacollection.com\/wp-content\/uploads\/2024\/01\/cropped-logo-karmina2.png\",\"contentUrl\":\"https:\/\/karminacollection.com\/wp-content\/uploads\/2024\/01\/cropped-logo-karmina2.png\",\"width\":152,\"height\":80,\"caption\":\"adm_karmina\"},\"logo\":{\"@id\":\"https:\/\/karminacollection.com\/sl\/#\/schema\/person\/image\/\"},\"sameAs\":[\"https:\/\/karminacollection.com\"]}]}<\/script>\n<!-- \/ Yoast SEO plugin. -->","yoast_head_json":{"title":"POLITIKA ZASEBNOSTI | Karmina","description":"Preberite, kako Karmina Collection varuje va\u0161e osebne podatke. Spoznajte pravice uporabnikov in na\u010din zbiranja, uporabe ter hrambe podatkov.","robots":{"index":"index","follow":"follow","max-snippet":"max-snippet:-1","max-image-preview":"max-image-preview:large","max-video-preview":"max-video-preview:-1"},"canonical":"https:\/\/karminacollection.com\/sl\/politika-zasebnosti\/","og_locale":"sl_SI","og_type":"article","og_title":"POLITIKA ZASEBNOSTI | Karmina","og_description":"Preberite, kako Karmina Collection varuje va\u0161e osebne podatke. Spoznajte pravice uporabnikov in na\u010din zbiranja, uporabe ter hrambe podatkov.","og_url":"https:\/\/karminacollection.com\/sl\/politika-zasebnosti\/","og_site_name":"Karmina","article_modified_time":"2025-04-22T18:57:40+00:00","og_image":[{"width":867,"height":954,"url":"https:\/\/karminacollection.com\/wp-content\/uploads\/2022\/08\/logotip-tik-tok.jpg","type":"image\/jpeg"}],"twitter_misc":{"Est. reading time":"4 minute"},"schema":{"@context":"https:\/\/schema.org","@graph":[{"@type":"WebPage","@id":"https:\/\/karminacollection.com\/sl\/politika-zasebnosti\/","url":"https:\/\/karminacollection.com\/sl\/politika-zasebnosti\/","name":"POLITIKA ZASEBNOSTI | Karmina","isPartOf":{"@id":"https:\/\/karminacollection.com\/sl\/#website"},"datePublished":"2021-06-29T08:37:40+00:00","dateModified":"2025-04-22T18:57:40+00:00","description":"Preberite, kako Karmina Collection varuje va\u0161e osebne podatke. Spoznajte pravice uporabnikov in na\u010din zbiranja, uporabe ter hrambe podatkov.","breadcrumb":{"@id":"https:\/\/karminacollection.com\/sl\/politika-zasebnosti\/#breadcrumb"},"inLanguage":"sl-SI","potentialAction":[{"@type":"ReadAction","target":["https:\/\/karminacollection.com\/sl\/politika-zasebnosti\/"]}]},{"@type":"BreadcrumbList","@id":"https:\/\/karminacollection.com\/sl\/politika-zasebnosti\/#breadcrumb","itemListElement":[{"@type":"ListItem","position":1,"name":"Home","item":"https:\/\/karminacollection.com\/sl\/"},{"@type":"ListItem","position":2,"name":"POLITIKA ZASEBNOSTI"}]},{"@type":"WebSite","@id":"https:\/\/karminacollection.com\/sl\/#website","url":"https:\/\/karminacollection.com\/sl\/","name":"Karmina collection","description":"Kapsulna obla\u010dila izdelana v Sloveniji.","publisher":{"@id":"https:\/\/karminacollection.com\/sl\/#\/schema\/person\/3e0a3e6951979c903262ff9bd110595d"},"potentialAction":[{"@type":"SearchAction","target":{"@type":"EntryPoint","urlTemplate":"https:\/\/karminacollection.com\/sl\/?s={search_term_string}"},"query-input":{"@type":"PropertyValueSpecification","valueRequired":true,"valueName":"search_term_string"}}],"inLanguage":"sl-SI"},{"@type":["Person","Organization"],"@id":"https:\/\/karminacollection.com\/sl\/#\/schema\/person\/3e0a3e6951979c903262ff9bd110595d","name":"adm_karmina","image":{"@type":"ImageObject","inLanguage":"sl-SI","@id":"https:\/\/karminacollection.com\/sl\/#\/schema\/person\/image\/","url":"https:\/\/karminacollection.com\/wp-content\/uploads\/2024\/01\/cropped-logo-karmina2.png","contentUrl":"https:\/\/karminacollection.com\/wp-content\/uploads\/2024\/01\/cropped-logo-karmina2.png","width":152,"height":80,"caption":"adm_karmina"},"logo":{"@id":"https:\/\/karminacollection.com\/sl\/#\/schema\/person\/image\/"},"sameAs":["https:\/\/karminacollection.com"]}]}},"_links":{"self":[{"href":"https:\/\/karminacollection.com\/sl\/wp-json\/wp\/v2\/pages\/1933","targetHints":{"allow":["GET"]}}],"collection":[{"href":"https:\/\/karminacollection.com\/sl\/wp-json\/wp\/v2\/pages"}],"about":[{"href":"https:\/\/karminacollection.com\/sl\/wp-json\/wp\/v2\/types\/page"}],"author":[{"embeddable":true,"href":"https:\/\/karminacollection.com\/sl\/wp-json\/wp\/v2\/users\/1"}],"replies":[{"embeddable":true,"href":"https:\/\/karminacollection.com\/sl\/wp-json\/wp\/v2\/comments?post=1933"}],"version-history":[{"count":1,"href":"https:\/\/karminacollection.com\/sl\/wp-json\/wp\/v2\/pages\/1933\/revisions"}],"predecessor-version":[{"id":15272,"href":"https:\/\/karminacollection.com\/sl\/wp-json\/wp\/v2\/pages\/1933\/revisions\/15272"}],"wp:attachment":[{"href":"https:\/\/karminacollection.com\/sl\/wp-json\/wp\/v2\/media?parent=1933"}],"curies":[{"name":"wp","href":"https:\/\/api.w.org\/{rel}","templated":true}]}}