{"id":1927,"date":"2021-06-29T08:37:25","date_gmt":"2021-06-29T08:37:25","guid":{"rendered":"https:\/\/karminacollection.com\/pogoji-poslovanja\/"},"modified":"2025-04-22T14:32:09","modified_gmt":"2025-04-22T14:32:09","slug":"pogoji-poslovanja","status":"publish","type":"page","link":"https:\/\/karminacollection.com\/sl\/pogoji-poslovanja\/","title":{"rendered":"POGOJI POSLOVANJA"},"content":{"rendered":"<div class=\"wpb-content-wrapper\">[vc_column][\/vc_column][vc_row][vc_column width=&#8221;1\/6&#8243;][\/vc_column][vc_column width=&#8221;2\/3&#8243;][vc_column_text css=&#8221;&#8221;]Pogoji poslovanja<br \/>\nPODATKI O PODJETJU<br \/>\nGRAFI\u010cNO OBLIKOVANJE TEJA KODRE S.P.<br \/>\nBranik 159<br \/>\n5295 Branik<br \/>\nSlovenija<br \/>\nMati\u010dna \u0161tevilka: 8644527000<br \/>\nDav\u010dna \u0161tevilka: 62708082<br \/>\nTelefon: 040739230<br \/>\nEmail: info@karminacollection.com<br \/>\nKupca zavezujejo splo\u0161ni pogoji, ki so veljavni v trenutku nakupa (oddaje spletnega naro\u010dila).<br \/>\nSplo\u0161ne pogoje si lahko prenesete v pdf formatu s klikom TUKAJ.<\/p>\n<p>&nbsp;<\/p>\n<p>2. VAROVANJE OSEBNIH PODATKOV<br \/>\nVe\u010d o varovanju osebnih podatkov najdete tukaj (Politika varstva osebnih podatkov).<\/p>\n<p>3. VRSTE UPORABNIKOV<br \/>\nZ registracijo na www.karminacollection.com postanete \u010dlan Karmine. Pravico do nakupa v spletni trgovini Karmina imajo registrirani \u010dlani in tudi gostje, ki opravijo hitri nakup in se pred nakupom ne rabijo registrirati.<br \/>\nOb registraciji v spletno trgovino pridobi obiskovalec uporabni\u0161ko ime, ki je enako naslovu njegove elektronske po\u0161te, ter geslo. \u010ce \u017eeli uporabnik kadarkoli svoj naslov elektronske po\u0161te ali geslo zamenjati z drugim, lahko to stori v svojem uporabni\u0161kem profilu.<\/p>\n<p>3.1. Dostopnost informacij<br \/>\nKarmina se zavezuje, da bo uporabniku vselej zagotovil naslednje informacije:<br \/>\nidentiteto podjetja (ime in sede\u017e podjetja, mati\u010dno in dav\u010dno \u0161tevilko),<br \/>\nkontaktne podatke, ki uporabniku omogo\u010dajo hitro in u\u010dinkovito komunikacijo (e-po\u0161ta, telefon),<br \/>\nbistvene zna\u010dilnosti blaga oziroma storitev (vklju\u010dno s poprodajnimi storitvami in garancijami),<br \/>\ndostopnost izdelkov (vsak izdelek, ki je v ponudbi na spletnem mestu, naj bi bil dostopen v razumljivem roku),<br \/>\npogoje dostave izdelka (na\u010din, kraj in rok dostave),<br \/>\nvse cene morajo biti jasno in nedvoumno dolo\u010dene in razvidno mora biti prikazano, ali \u017ee vsebujejo davke in stro\u0161ke prevoza,<br \/>\nna\u010din pla\u010dila in dostave,<br \/>\n\u010dasovno veljavnost ponudbe,<br \/>\nrok, v katerem je \u0161e mo\u017eno odstopiti od pogodbe in pogojih za odstop; poleg tega tudi o tem, \u010de in koliko stane kupca vra\u010dilo izdelka,<br \/>\npojasnilo postopka ob prito\u017ebi, vklju\u010dno z vsemi podatki o kontaktni osebi ali slu\u017ebi za stike s kupci.<\/p>\n<p>4. PONUDBA ARTIKLOV IN CENE<br \/>\nZaradi narave poslovanja prek spleta se ponudba in cene v spletni trgovini Karmina a\u017eurirajo. Cena v spletni trgovini Karmina je enaka tako za registrirane \u010dlane kot za goste spletne trgovine. Cene veljajo v trenutku oddaje naro\u010dila in nimajo v naprej dolo\u010dene veljavnosti.<\/p>\n<p>5. NARO\u010cILO IN CENE<br \/>\nKupoprodajna pogodba med Karmino in kupcem je v spletni trgovini Karmina sklenjena v trenutku, ko Karmina kupcu po\u0161lje prvo elektronsko sporo\u010dilo o potrditvi njegovega naro\u010dila. Od tega trenutka so vse cene in drugi pogoji fiksirani in veljajo tako za Karmino kot za kupca.<br \/>\nKupoprodajna pogodba (t.j. prvo elektronsko sporo\u010dilo o statusu naro\u010dila) je v elektronski obliki shranjena na stre\u017eniku Karmine in je potro\u0161nikom na voljo na njihovo pisno zahtevo.<\/p>\n<p>6. ROK DOSTAVE<br \/>\nVsa naro\u010dila, oddana med delavnikom, odpo\u0161ljem v roku 10-14 delovnih dni, od dneva ko prejmemo pla\u010dilo. Pri izdelkih, kjer je posebej ozna\u010den dalj\u0161i dostavni rok se upo\u0161teva le-ta. Prosimo za strpnost pri roku dostave, saj so izdelki ro\u010dno delo in si pri ve\u010dji koli\u010dini naro\u010dil pridr\u017eujemo pravico do dalj\u0161ega dostavnega roka.<\/p>\n<p>7. NA\u010cINI PLA\u010cILA<br \/>\nSpletna trgovina Karmina omogo\u010da naslednje na\u010dine pla\u010dila:<br \/>\npo predra\u010dunu (UPN nalogu) na ra\u010dun podjetja,<br \/>\ns Paypalom na ra\u010dun podjetja,<br \/>\ns pla\u010dilno oziroma kreditno kartico (Mastercard, Visa, America Express) preko aplikacije Stripe<br \/>\nStro\u0161ki pakiranja in dostave zna\u0161ajo 4,00 eur. Za naro\u010dila nad 100 eur je po\u0161tnina brezpla\u010dna.<br \/>\nOpozorilo: ti pogoji ter stro\u0161ki pakiranja in dostave veljajo samo znotraj Republike Slovenije.<br \/>\nZa dostavo v druge dr\u017eave EU je stro\u0161ek po\u0161tnine odvisen od vi\u0161ine naro\u010dila.<\/p>\n<p>8. IZDAJA RA\u010cUNA<br \/>\nKarmina po dostavi in pla\u010dilu naro\u010denih artiklov kupcu po\u0161lje tudi ra\u010dun in sicer v pdf formatu na e-naslov kupca. Na ra\u010dunu sta raz\u010dlenjena cena in vsi stro\u0161ki v zvezi z nakupom. Kupec je dol\u017ean preveriti pravilnost podatkov pred oddajo naro\u010dila.<\/p>\n<p>9. KODE ZA POPUST<br \/>\nKoda za popust oziroma promocijska koda prina\u0161a razli\u010dne ugodnosti pri nakupu prek spletne trgovine Karmina. Aktivno kodo najdete na naslovni strani oglasnega sporo\u010dila, v elektronskem sporo\u010dilu Karmine ali drugih medijih. Koda prina\u0161a razli\u010dne ugodnosti, od razli\u010dnih darilc do popustov. Vsakr\u0161na koda je vedno \u010dasovno omejena, izkoristiti pa se mora v omejenem dolo\u010denem roku, sicer je neveljavna.<br \/>\nUporaba kode za popust:<br \/>\n\u2022 Izberite izdelke, ki jih \u017eelite kupiti in jih dajte v ko\u0161arico.<br \/>\n\u2022 Na zaklju\u010dku blagajne v okence \u201dpromocijska koda\u201d vpi\u0161ete kodo za popust in kliknete gumb \u201dpotrdi\u201d.<br \/>\n\u2022 Za en nakup je mo\u017eno uveljaviti le eno kodo za popust.<br \/>\n\u2022 Ko vpi\u0161ete kodo za popust, se vrednost kode za popust avtomatsko od\u0161teje od cene va\u0161ega naro\u010dila. Ostane znesek, ki ga je potrebno \u0161e poravnati.<\/p>\n<p>10. POSTOPEK NAKUPA<br \/>\nIzbira izdelka: Na spletni strani www.karminacollection.com izberite izdelek in kliknite na povezavo \u201dDodaj v ko\u0161arico\u201d. Sistem te obvesti, da je bil izdelek uspe\u0161no dodan v ko\u0161arico. \u010ce \u017eelite nadaljevati nakupovanje, kliknite levo povezavo \u201dNadaljuj z nakupovanjem \u201d in se vrnete nazaj v spletno trgovino. \u010ce \u017eelite zaklju\u010diti nakup, kliknite desno povezavo \u201dZaklju\u010di nakup\u201d in sistem vas pripelje v nakupovalno ko\u0161arico.<br \/>\nOdstranitev izdelka iz nakupovalne ko\u0161arice: Na spletni strani www.karminacollection.com se v zgornjem desnem kotu, nahaja ikona nakupovalne ko\u0161arice, v kateri se (po kliku na ikono) uporabniku prika\u017eejo izdelki, ki so jih med brskanjem po spletni trgovini dodali v nakupovalno ko\u0161arico. \u010ce \u017eeli uporabnik odstraniti dolo\u010den izdelek iz nakupovalne ko\u0161arice, mora klikniti na ikono ko\u0161arice in kri\u017eec \u201dodstrani\u201d. \u010ce \u017eeli uporabnik dodati dolo\u010den izdelek v ko\u0161arico, mora klikniti na povezavo \u201dNadaljujte z nakupi\u201d. S klikom na omenjeno povezavo se vrne nazaj spletno trgovino.<br \/>\nNakupovalna ko\u0161arica: Za dokon\u010danje naro\u010dila morate izpolnite potrebna polja.<br \/>\nNaslov za dostavo: Posredovati morate zahtevane kontaktne podatke, ki so ozna\u010deni z rde\u010do zvezdico (ime, priimek, e-mail naslov, naslov, kraj, po\u0161tno \u0161tevilko in tel. \u0161tevilko), ki jih potrebujemo za potrditev in zaklju\u010dek naro\u010dila ter dostavo izdelka.<br \/>\nObrazec omogo\u010da, da se lahko ustvari uporabni\u0161ki ra\u010dun in so pri naslednjem naro\u010dilu podatki uporabnika \u017ee shranjeni.<br \/>\nStro\u0161ek dostave: Kot je navedenu v ceniku po\u0161iljanja.<br \/>\nNa\u010din pla\u010dila: Izbira se lahko med \u0161tirimi na\u010dini pla\u010dila: Pla\u010dilo po povzetju, pla\u010dilo po predra\u010dunu, Paypal pla\u010dilo, pla\u010dilo s pla\u010dilno\/kreditno kartico.<br \/>\nKuponi in darilne kartice: \u010ce ima uporabnik veljaven kupon za popust ali darilno kartico jo vpi\u0161e v ustrezno polje in klikne gumb potrdi.<br \/>\nPregled naro\u010dila: Prikazani so izdelki, ki jih je uporabnik med brskanjem po spletni trgovini dodal v nakupovalno ko\u0161arico. Cena izdelka, stro\u0161ek po\u0161tnine in skupni stro\u0161ek za pla\u010dilo so razvidni v nakupovalni ko\u0161arici, \u0161e preden se zaklju\u010di naro\u010dilo.<br \/>\nZaklju\u010dek naro\u010dila: Uporabnik lahko pregleda posredovane podatke za dostavo, na\u010din pla\u010dila, ki ga je izbral in vsebino nakupovalne ko\u0161arice. Uporabnik potrdi naro\u010dilo s klikom na gumb \u2018Oddaj naro\u010dilo\u201d. \u010ce je bilo naro\u010dilo uspe\u0161no zaklju\u010deno, se na spletni strani izpi\u0161e tekst \u201dVa\u0161e naro\u010dilo je bilo uspe\u0161no. Hvala vam za nakup! \u0160tevilka va\u0161ega naro\u010dila je: xxxx.\u201d<\/p>\n<p>11. POSTOPEK OBVE\u0160\u010cANJA O NAKUPU<br \/>\nPo oddaji naro\u010dila kupec prejme obvestilo po elektronski po\u0161ti, da je naro\u010dilo sprejeto. \u010clanu Karmine so na spletni strani www.karminacollection.com vselej dostopni podatki o statusu in vsebini naro\u010dila.<br \/>\nKarmina lahko za preverjanje podatkov ali zaradi zagotavljanja to\u010dnosti dobave pokli\u010de kupca na njegovo kontaktno telefonsko \u0161tevilko.<br \/>\nPostopek nakupa za pravne osebe je popolnoma enak kot za fizi\u010dne osebe, le da na zaklju\u010dku nakupa vpi\u0161e \u0161e naziv podjetja in dav\u010dno \u0161tevilko podjetja. Prav tako so enake mo\u017enosti pla\u010dila.<\/p>\n<p>12. PRAVICA DO ODSTOPA POTRO\u0160NIKA OD POGODBE<br \/>\nPri pogodbah, sklenjenih na daljavo, ima potro\u0161nik pravico, da v 14 dneh podjetju na elektronski naslov (info@karminacollection.com) ali po kak\u0161nem drugem komunikacijskem kanalu nedvomno sporo\u010di, da odstopa od pogodbe, ne da bi mu bilo treba navesti razlog za svojo odlo\u010ditev.<br \/>\nPotro\u0161nik mora najkasneje v 7 dneh po sporo\u010dilu o odstopu od naro\u010dila podjetju vrniti blago. Potro\u0161nik vrne blago na naslov: Teja Kodre sp, Branik 159,5295 Branik.<br \/>\nSlovenija. Edini stro\u0161ek, ki bremeni potro\u0161nika v zvezi z odstopom od naro\u010dila, je neposredni stro\u0161ek vra\u010dila blaga.<br \/>\nPotro\u0161nik mora artikel vrniti prodajalcu nepo\u0161kodovan in v nespremenjeni koli\u010dini, z etiketo, razen \u010de je artikel uni\u010den, pokvarjen, izgubljen ali se je njegova koli\u010dina zmanj\u0161ala, ne da bi bil za to kriv potro\u0161nik.<br \/>\nPotro\u0161nik ob vra\u010dilu blaga po\u0161lje tudi ra\u010dun za blago in osebne podatke ter transakcijski ra\u010dun, na katerega \u017eeli prejeti vrnjeno pla\u010dilo. Vra\u010dilo pla\u010dila bomo opravili v 14 dneh od prejema obvestila o odstopu od pogodbe.<br \/>\nPri odstopu od pogodbe, kjer je bila kori\u0161\u010dena promocijska koda oz koda za popust, se ta sredstva upo\u0161tevajo kot popust in se uporabniku ne vrnejo. Na TRR uporabnika se vrne le vpla\u010dani znesek, uporabniku pa se obenem vrne promocijska koda v obliki nove kode. Darilni bon se pri odstopu od pogodbe upo\u0161teva kot pla\u010dilno sredstvo in vrne uporabniku kot darilni bon.<\/p>\n<p>13. ODGOVORNOST ZA STVARNE NAPAKE<br \/>\nProdajalec odgovarja za stvarne napake, ki jih je stvar imela takrat, ko je nevarnost pre\u0161la na kupca, ne glede na to, ali mu je bilo to znano ali ne. Prodajalec odgovarja tudi za tiste stvarne napake, ki se poka\u017eejo potem, ko je nevarnost pre\u0161la na kupca, \u010de so posledica vzroka, ki je obstajal \u017ee pred tem. Neznatna stvarna napaka se ne upo\u0161teva.<\/p>\n<p>14. VARNOST<br \/>\nKarmina uporablja ustrezna tehnolo\u0161ka in organizacijska sredstva za za\u0161\u010dito prenosa in shranjevanja osebnih podatkov ter pla\u010dil.<br \/>\nZa varne avtorizacije in transakcije s kreditnimi karticami skrbita prodajalec Karmina in Paypal. Avtorizacije kreditnih kartic se vr\u0161ijo v realnem \u010dasu s takoj\u0161njim preverjanjem podatkov pri bankah. Podatki o karticah se ne shranjujejo na stre\u017eniku.<\/p>\n<p>15. KOMUNIKACIJA<br \/>\nKarmina bo z uporabnikom stopila v stik preko sredstev komunikacij na daljavo le, \u010de temu uporabnik izrecno privoli. Oglasna elektronska in\/ali SMS sporo\u010dila bodo vsebovala naslednje sestavine:<br \/>\njasno in nedvoumno bodo ozna\u010dena kot oglasna sporo\u010dila,<br \/>\npo\u0161iljatelj bo jasno razviden,<br \/>\nrazli\u010dne akcije, promocije in druge tr\u017ene tehnike, bodo ozna\u010dene kot tak\u0161ne.<br \/>\nPrav tako bodo jasno dolo\u010deni pogoji udele\u017ebe v njih:<br \/>\njasno bo predstavljen na\u010din odjave od prejemanja oglasnih sporo\u010dil,<br \/>\n\u017eeljo uporabnika, da ne \u017eeli prejemati oglasnih sporo\u010dil, bo Karmina izrecno spo\u0161tovala.<\/p>\n<p>16. OCENE, MNENJA IN PRIPORO\u010cILA<br \/>\nMnenja, ocene in priporo\u010dila, ki jih kupci napi\u0161ejo, so del funkcionalnosti spletne trgovine, in namenjeni skupnosti vseh uporabnikov.<br \/>\nKarmina omogo\u010da, da mnenje napi\u0161e katerikoli uporabnik spletne trgovine, pred dokon\u010dno objavo pa jih Karmina pregleda. Karmina ne bo objavila mnenj oziroma prispevkov, ki so kakorkoli \u017ealjivi, neprimerni ali ki po oceni Karmine ne nudijo koristi drugim uporabnikom in obiskovalcem.<br \/>\nZ oddajo mnenja ali komentarja se uporabnik izrecno strinja s pogoji uporabe njegovega mnenja ali komentarja in Karmini dovoljuje objavo dela ali celotnega teksta v vseh elektronskih in drugih medijih. Karmina ima pravico vsebino mnenja ali komentarja uporabljati \u010dasovno neomejeno in za katerikoli namen, ki je v poslovnem interesu Karmine, vklju\u010dno z objavo v oglasih ali drugih marketin\u0161kih komunikacijah. Avtor mnenja hkrati izjavlja in zagotavlja, da je lastnik materialnih in moralnih avtorskih pravic za napisana mnenja in komentarje ter da te pravice neizklju\u010dno in \u010dasovno neomejeno prena\u0161a na Karmino.<\/p>\n<p>17. PRAVNO OBVESTILO<br \/>\nSpletna trgovina Karmina in vsi podatki na njej, slike artiklov, grafi\u010dni in video elementi na spletni strani so za\u0161\u010diteni in jih ni dovoljeno reproducirati ali uporabljati brez predhodnega pisnega dovoljenja.<\/p>\n<p>18. OMEJITEV ODGOVORNOSTI<br \/>\nKarmina se po svojih najbolj\u0161ih mo\u010deh trudi zagotoviti a\u017eurnost in pravilnost podatkov, ki so objavljeni na njenih spletnih straneh. Kljub temu pa se lahko lastnosti artiklov, rok dobave ali cena spremenijo tako hitro, da Karmina v\u010dasih ne uspe popraviti podatkov na spletnih straneh. V takem primeru, bo Karmina kupca obvestila spremembah in mu omogo\u010dil odstop od pogodbe ali zamenjavo naro\u010denega artikla.<\/p>\n<p>19. IZKLJU\u010cITEV ODGOVORNOSTI<br \/>\nPridr\u017eujemo si pravico onemogo\u010diti spletno stran ali onemogo\u010diti dostop do nje zaradi tehni\u010dnih ali drugih te\u017eav in vzdr\u017eevanja, kar pomeni tudi onemogo\u010denje ali oviro za uporabo spletne trgovine. V primeru tehni\u010dnih te\u017eav na spletni strani si pridru\u017eujemo pravico preklicati oddana naro\u010dila, katere je tehni\u010dna napaka prizadela. V primeru preklica naro\u010dil vas bomo obvestili v najkraj\u0161em mo\u017enem \u010dasu in vas seznanili z nadaljnjimi koraki. Sami morate zagotoviti ustrezno za\u0161\u010dito opreme (antivirus itd.) pred dostopom do spletne strani in uporabo le-te. Kupec mora zagotoviti ustrezno varnost in zaupnost tistih podatkov, ki se uporabljajo za prijavo na spletni strani (elektronski naslov, geslo).<\/p>\n<p>20. PRITO\u017dBE IN SPORI<br \/>\nKarmina spo\u0161tuje veljavno evropsko zakonodajo o varstvu potro\u0161nikov. Karmina se po vseh mo\u010deh trudi izpolnjevati svojo dol\u017enost vzpostaviti u\u010dinkovit sistem obravnavanja prito\u017eb in dolo\u010diti osebo, s katero se, v primeru te\u017eav, kupec lahko pove\u017ee telefonsko ali po elektronski po\u0161ti.<br \/>\nPrito\u017eba se odda prek e-po\u0161tnega naslova info@karminacollection.com. Postopek obravnave prito\u017ebe je zaupen. Karminal bo v petih delovnih dneh potrdila, da je prejela prito\u017ebo, sporo\u010dila kupcu, kako dolgo jo bo obravnavala in ga vseskozi obve\u0161\u010dala o poteku postopka.<br \/>\nKarmina se zaveda, da je bistvena zna\u010dilnost potro\u0161ni\u0161kega spora, vsaj kar zadeva sodno re\u0161evanje, njegova nesorazmernost med ekonomsko vrednostjo zahtevka in stro\u0161ki, ki nastanejo pri re\u0161evanju samega spora. To je tudi glavna ovira, da potro\u0161nik ne spro\u017ei spora pred sodi\u0161\u010dem. Zato si Karmina prizadeva po svojih najbolj\u0161ih mo\u010deh, da se morebitni spori re\u0161ijo sporazumno.<br \/>\nV primeru sodnega re\u0161evanja sporov je pristojno sodi\u0161\u010de po stalnem prebivali\u0161\u010du potro\u0161nika.<\/p>\n<p>21. IZVENSODNO RE\u0160EVANJE POTRO\u0160NI\u0160KIH SPOROV<br \/>\nSkladno z zakonskimi normativi ne priznavamo nobenega izvajalca izvensodnega re\u0161evanja potro\u0161ni\u0161kih sporov kot pristojnega za re\u0161evanje potro\u0161ni\u0161kega spora, ki bi ga potro\u0161nik lahko spro\u017eil v skladu z Zakonom o izvensodnem re\u0161evanju potro\u0161ni\u0161kih sporov. Karmina, ki kot ponudnik blaga in storitev omogo\u010da spletno trgovino na obmo\u010dju Slovenije, na svoji spletni strani objavlja elektronsko povezavo na platformo za spletno re\u0161evanje potro\u0161ni\u0161kih sporov (SRPS).<br \/>\nNavedena ureditev izhaja iz Zakona o izvensodnem re\u0161evanju potro\u0161ni\u0161kih sporov, Uredbe (EU) \u0161t. 524\/2013 Evropskega parlamenta in Sveta o spletnem re\u0161evanju potro\u0161ni\u0161kih sporov ter spremembi Uredbe (ES) \u0161t. 2016\/2004 in Direktive 2009\/22\/ES.[\/vc_column_text][\/vc_column][vc_column width=&#8221;1\/6&#8243;][\/vc_column][\/vc_row]\n<\/div>","protected":false},"excerpt":{"rendered":"<p>[vc_column][\/vc_column][vc_row][vc_column width=&#8221;1\/6&#8243;][\/vc_column][vc_column width=&#8221;2\/3&#8243;][vc_column_text css=&#8221;&#8221;]Pogoji poslovanja PODATKI O PODJETJU GRAFI\u010cNO OBLIKOVANJE TEJA KODRE S.P. Branik 159 5295 Branik Slovenija Mati\u010dna \u0161tevilka: 8644527000 Dav\u010dna \u0161tevilka: 62708082 Telefon: 040739230 Email: info@karminacollection.com Kupca zavezujejo splo\u0161ni pogoji, ki so veljavni v trenutku nakupa (oddaje spletnega naro\u010dila). Splo\u0161ne pogoje si lahko prenesete v pdf formatu s [&hellip;]<\/p>\n","protected":false},"author":1,"featured_media":0,"parent":0,"menu_order":0,"comment_status":"closed","ping_status":"closed","template":"","meta":{"footnotes":""},"class_list":["post-1927","page","type-page","status-publish","hentry"],"yoast_head":"<!-- This site is optimized with the Yoast SEO plugin v27.1.1 - https:\/\/yoast.com\/product\/yoast-seo-wordpress\/ -->\n<title>POGOJI POSLOVANJA | Karmina<\/title>\n<meta name=\"description\" content=\"Preberite pogoje poslovanja spletne trgovine Karmina \u2013 informacije o nakupu, dostavi, vra\u010dilih, cenah in varstvu osebnih podatkov\" \/>\n<meta name=\"robots\" content=\"index, follow, max-snippet:-1, max-image-preview:large, max-video-preview:-1\" \/>\n<link rel=\"canonical\" href=\"https:\/\/karminacollection.com\/sl\/pogoji-poslovanja\/\" \/>\n<meta property=\"og:locale\" content=\"sl_SI\" \/>\n<meta property=\"og:type\" content=\"article\" \/>\n<meta property=\"og:title\" content=\"POGOJI POSLOVANJA | Karmina\" \/>\n<meta property=\"og:description\" content=\"Preberite pogoje poslovanja spletne trgovine Karmina \u2013 informacije o nakupu, dostavi, vra\u010dilih, cenah in varstvu osebnih podatkov\" \/>\n<meta property=\"og:url\" content=\"https:\/\/karminacollection.com\/sl\/pogoji-poslovanja\/\" \/>\n<meta property=\"og:site_name\" content=\"Karmina\" \/>\n<meta property=\"article:modified_time\" content=\"2025-04-22T14:32:09+00:00\" \/>\n<meta property=\"og:image\" content=\"https:\/\/karminacollection.com\/wp-content\/uploads\/2022\/08\/logotip-tik-tok.jpg\" \/>\n\t<meta property=\"og:image:width\" content=\"867\" \/>\n\t<meta property=\"og:image:height\" content=\"954\" \/>\n\t<meta property=\"og:image:type\" content=\"image\/jpeg\" \/>\n<meta name=\"twitter:label1\" content=\"Est. reading time\" \/>\n\t<meta name=\"twitter:data1\" content=\"10 minut\" \/>\n<script type=\"application\/ld+json\" class=\"yoast-schema-graph\">{\"@context\":\"https:\/\/schema.org\",\"@graph\":[{\"@type\":\"WebPage\",\"@id\":\"https:\/\/karminacollection.com\/sl\/pogoji-poslovanja\/\",\"url\":\"https:\/\/karminacollection.com\/sl\/pogoji-poslovanja\/\",\"name\":\"POGOJI POSLOVANJA | Karmina\",\"isPartOf\":{\"@id\":\"https:\/\/karminacollection.com\/sl\/#website\"},\"datePublished\":\"2021-06-29T08:37:25+00:00\",\"dateModified\":\"2025-04-22T14:32:09+00:00\",\"description\":\"Preberite pogoje poslovanja spletne trgovine Karmina \u2013 informacije o nakupu, dostavi, vra\u010dilih, cenah in varstvu osebnih podatkov\",\"breadcrumb\":{\"@id\":\"https:\/\/karminacollection.com\/sl\/pogoji-poslovanja\/#breadcrumb\"},\"inLanguage\":\"sl-SI\",\"potentialAction\":[{\"@type\":\"ReadAction\",\"target\":[\"https:\/\/karminacollection.com\/sl\/pogoji-poslovanja\/\"]}]},{\"@type\":\"BreadcrumbList\",\"@id\":\"https:\/\/karminacollection.com\/sl\/pogoji-poslovanja\/#breadcrumb\",\"itemListElement\":[{\"@type\":\"ListItem\",\"position\":1,\"name\":\"Home\",\"item\":\"https:\/\/karminacollection.com\/sl\/\"},{\"@type\":\"ListItem\",\"position\":2,\"name\":\"POGOJI POSLOVANJA\"}]},{\"@type\":\"WebSite\",\"@id\":\"https:\/\/karminacollection.com\/sl\/#website\",\"url\":\"https:\/\/karminacollection.com\/sl\/\",\"name\":\"Karmina collection\",\"description\":\"Kapsulna obla\u010dila izdelana v Sloveniji.\",\"publisher\":{\"@id\":\"https:\/\/karminacollection.com\/sl\/#\/schema\/person\/3e0a3e6951979c903262ff9bd110595d\"},\"potentialAction\":[{\"@type\":\"SearchAction\",\"target\":{\"@type\":\"EntryPoint\",\"urlTemplate\":\"https:\/\/karminacollection.com\/sl\/?s={search_term_string}\"},\"query-input\":{\"@type\":\"PropertyValueSpecification\",\"valueRequired\":true,\"valueName\":\"search_term_string\"}}],\"inLanguage\":\"sl-SI\"},{\"@type\":[\"Person\",\"Organization\"],\"@id\":\"https:\/\/karminacollection.com\/sl\/#\/schema\/person\/3e0a3e6951979c903262ff9bd110595d\",\"name\":\"adm_karmina\",\"image\":{\"@type\":\"ImageObject\",\"inLanguage\":\"sl-SI\",\"@id\":\"https:\/\/karminacollection.com\/sl\/#\/schema\/person\/image\/\",\"url\":\"https:\/\/karminacollection.com\/wp-content\/uploads\/2024\/01\/cropped-logo-karmina2.png\",\"contentUrl\":\"https:\/\/karminacollection.com\/wp-content\/uploads\/2024\/01\/cropped-logo-karmina2.png\",\"width\":152,\"height\":80,\"caption\":\"adm_karmina\"},\"logo\":{\"@id\":\"https:\/\/karminacollection.com\/sl\/#\/schema\/person\/image\/\"},\"sameAs\":[\"https:\/\/karminacollection.com\"]}]}<\/script>\n<!-- \/ Yoast SEO plugin. -->","yoast_head_json":{"title":"POGOJI POSLOVANJA | Karmina","description":"Preberite pogoje poslovanja spletne trgovine Karmina \u2013 informacije o nakupu, dostavi, vra\u010dilih, cenah in varstvu osebnih podatkov","robots":{"index":"index","follow":"follow","max-snippet":"max-snippet:-1","max-image-preview":"max-image-preview:large","max-video-preview":"max-video-preview:-1"},"canonical":"https:\/\/karminacollection.com\/sl\/pogoji-poslovanja\/","og_locale":"sl_SI","og_type":"article","og_title":"POGOJI POSLOVANJA | Karmina","og_description":"Preberite pogoje poslovanja spletne trgovine Karmina \u2013 informacije o nakupu, dostavi, vra\u010dilih, cenah in varstvu osebnih podatkov","og_url":"https:\/\/karminacollection.com\/sl\/pogoji-poslovanja\/","og_site_name":"Karmina","article_modified_time":"2025-04-22T14:32:09+00:00","og_image":[{"width":867,"height":954,"url":"https:\/\/karminacollection.com\/wp-content\/uploads\/2022\/08\/logotip-tik-tok.jpg","type":"image\/jpeg"}],"twitter_misc":{"Est. reading time":"10 minut"},"schema":{"@context":"https:\/\/schema.org","@graph":[{"@type":"WebPage","@id":"https:\/\/karminacollection.com\/sl\/pogoji-poslovanja\/","url":"https:\/\/karminacollection.com\/sl\/pogoji-poslovanja\/","name":"POGOJI POSLOVANJA | Karmina","isPartOf":{"@id":"https:\/\/karminacollection.com\/sl\/#website"},"datePublished":"2021-06-29T08:37:25+00:00","dateModified":"2025-04-22T14:32:09+00:00","description":"Preberite pogoje poslovanja spletne trgovine Karmina \u2013 informacije o nakupu, dostavi, vra\u010dilih, cenah in varstvu osebnih podatkov","breadcrumb":{"@id":"https:\/\/karminacollection.com\/sl\/pogoji-poslovanja\/#breadcrumb"},"inLanguage":"sl-SI","potentialAction":[{"@type":"ReadAction","target":["https:\/\/karminacollection.com\/sl\/pogoji-poslovanja\/"]}]},{"@type":"BreadcrumbList","@id":"https:\/\/karminacollection.com\/sl\/pogoji-poslovanja\/#breadcrumb","itemListElement":[{"@type":"ListItem","position":1,"name":"Home","item":"https:\/\/karminacollection.com\/sl\/"},{"@type":"ListItem","position":2,"name":"POGOJI POSLOVANJA"}]},{"@type":"WebSite","@id":"https:\/\/karminacollection.com\/sl\/#website","url":"https:\/\/karminacollection.com\/sl\/","name":"Karmina collection","description":"Kapsulna obla\u010dila izdelana v Sloveniji.","publisher":{"@id":"https:\/\/karminacollection.com\/sl\/#\/schema\/person\/3e0a3e6951979c903262ff9bd110595d"},"potentialAction":[{"@type":"SearchAction","target":{"@type":"EntryPoint","urlTemplate":"https:\/\/karminacollection.com\/sl\/?s={search_term_string}"},"query-input":{"@type":"PropertyValueSpecification","valueRequired":true,"valueName":"search_term_string"}}],"inLanguage":"sl-SI"},{"@type":["Person","Organization"],"@id":"https:\/\/karminacollection.com\/sl\/#\/schema\/person\/3e0a3e6951979c903262ff9bd110595d","name":"adm_karmina","image":{"@type":"ImageObject","inLanguage":"sl-SI","@id":"https:\/\/karminacollection.com\/sl\/#\/schema\/person\/image\/","url":"https:\/\/karminacollection.com\/wp-content\/uploads\/2024\/01\/cropped-logo-karmina2.png","contentUrl":"https:\/\/karminacollection.com\/wp-content\/uploads\/2024\/01\/cropped-logo-karmina2.png","width":152,"height":80,"caption":"adm_karmina"},"logo":{"@id":"https:\/\/karminacollection.com\/sl\/#\/schema\/person\/image\/"},"sameAs":["https:\/\/karminacollection.com"]}]}},"_links":{"self":[{"href":"https:\/\/karminacollection.com\/sl\/wp-json\/wp\/v2\/pages\/1927","targetHints":{"allow":["GET"]}}],"collection":[{"href":"https:\/\/karminacollection.com\/sl\/wp-json\/wp\/v2\/pages"}],"about":[{"href":"https:\/\/karminacollection.com\/sl\/wp-json\/wp\/v2\/types\/page"}],"author":[{"embeddable":true,"href":"https:\/\/karminacollection.com\/sl\/wp-json\/wp\/v2\/users\/1"}],"replies":[{"embeddable":true,"href":"https:\/\/karminacollection.com\/sl\/wp-json\/wp\/v2\/comments?post=1927"}],"version-history":[{"count":6,"href":"https:\/\/karminacollection.com\/sl\/wp-json\/wp\/v2\/pages\/1927\/revisions"}],"predecessor-version":[{"id":15261,"href":"https:\/\/karminacollection.com\/sl\/wp-json\/wp\/v2\/pages\/1927\/revisions\/15261"}],"wp:attachment":[{"href":"https:\/\/karminacollection.com\/sl\/wp-json\/wp\/v2\/media?parent=1927"}],"curies":[{"name":"wp","href":"https:\/\/api.w.org\/{rel}","templated":true}]}}