{"id":1924,"date":"2021-06-29T06:51:05","date_gmt":"2021-06-29T06:51:05","guid":{"rendered":"https:\/\/karminacollection.com\/posiljanje-dostava\/"},"modified":"2026-03-25T08:16:42","modified_gmt":"2026-03-25T08:16:42","slug":"posiljanje-dostava","status":"publish","type":"page","link":"https:\/\/karminacollection.com\/sl\/posiljanje-dostava\/","title":{"rendered":"Po\u0161iljanje in dostava<br><br> <br> <br>"},"content":{"rendered":"<div class=\"wpb-content-wrapper\">[vc_row][vc_column][vc_column_text css=&#8221;&#8221;]\n<div id=\"content\" class=\"content-area page-wrapper\" role=\"main\">\n<div class=\"row row-main\">\n<div class=\"large-12 col\">\n<div class=\"col-inner\">\n<p><strong>PO\u0160ILJANJE @ DOSTAVA<\/strong><\/p>\n<p><strong>Vse naro\u010dila opo\u0161ljemo preko Po\u0161te Slovenije v roku 2-4 tednov. Vsak Izdelek je narejen po naro\u010dilu. Stro\u0161ki dostave za posamezno dr\u017eavo so odvisni od obmo\u010dja.<\/strong><\/p>\n<p><strong>SLOVENIJA:<\/strong><\/p>\n<p>Stro\u0161ki po\u0161iljanja po Sloveniji zna\u0161ajo<strong> 5 eur.<\/strong><\/p>\n<p>\u010cas dostave: 1-3 delovne dni<\/p>\n<p><strong>EVROPSKE DR\u017dAVE:<\/strong><\/p>\n<p>Avstrija, Belgija, Bolgarija, Hrva\u0161ka, \u010ce\u0161ka, Danska, Estonija, Finska, Francija, Nem\u010dija, Gr\u010dija, Mad\u017earska, Islandija, Irska, Italija, Latvija, Litva, Luksemburg, Malta, \u010crna gora, Nizozemska, Poljska, Portugalska, Romunija, Slova\u0161ka , \u0160panija, \u0160vedska, \u0160vica, Zdru\u017eeno kraljestvo<\/p>\n<p>Stro\u0161ki po\u0161iljanja po tujini so <strong>12 eur.<\/strong><\/p>\n<p>\u010cas dostave: 3-15 delovnih dni<\/p>\n<p><strong>DAVKI IN DAJATVE<\/strong><\/p>\n<p>The price of products and shipping services are given in EUR and don&#8217;t include sales tax (VAT). Za vsa naro\u010dila izven Evropske unije, lahko veljajo morebitni davki in carine, za katere je kupec odgovoren.<\/p>\n<\/div>\n<\/div>\n<\/div>\n<\/div>\n[\/vc_column_text][\/vc_column][\/vc_row]\n<\/div>","protected":false},"excerpt":{"rendered":"<p>[vc_row][vc_column][vc_column_text css=&#8221;&#8221;] PO\u0160ILJANJE @ DOSTAVA Vse naro\u010dila opo\u0161ljemo preko Po\u0161te Slovenije v roku 2-4 tednov. Vsak Izdelek je narejen po naro\u010dilu. Stro\u0161ki dostave za posamezno dr\u017eavo so odvisni od obmo\u010dja. SLOVENIJA: Stro\u0161ki po\u0161iljanja po Sloveniji zna\u0161ajo 5 eur. \u010cas dostave: 1-3 delovne dni EVROPSKE DR\u017dAVE: Avstrija, Belgija, Bolgarija, Hrva\u0161ka, \u010ce\u0161ka, [&hellip;]<\/p>\n","protected":false},"author":1,"featured_media":0,"parent":0,"menu_order":0,"comment_status":"closed","ping_status":"closed","template":"","meta":{"footnotes":""},"class_list":["post-1924","page","type-page","status-publish","hentry"],"yoast_head":"<!-- This site is optimized with the Yoast SEO plugin v27.1.1 - https:\/\/yoast.com\/product\/yoast-seo-wordpress\/ -->\n<title>Po\u0161iljanje in dostava   | Karmina<\/title>\n<meta name=\"description\" content=\"Poi\u0161\u010dite vse informacije o po\u0161iljanju in dostavi Karmina: predvideni \u010dasi dostave, stro\u0161ki po\u0161iljanja, sledenje in podpora za vsa naro\u010dila.\" \/>\n<meta name=\"robots\" content=\"index, follow, max-snippet:-1, max-image-preview:large, max-video-preview:-1\" \/>\n<link rel=\"canonical\" href=\"https:\/\/karminacollection.com\/sl\/posiljanje-dostava\/\" \/>\n<meta property=\"og:locale\" content=\"sl_SI\" \/>\n<meta property=\"og:type\" content=\"article\" \/>\n<meta property=\"og:title\" content=\"Po\u0161iljanje in dostava   | Karmina\" \/>\n<meta property=\"og:description\" content=\"Poi\u0161\u010dite vse informacije o po\u0161iljanju in dostavi Karmina: predvideni \u010dasi dostave, stro\u0161ki po\u0161iljanja, sledenje in podpora za vsa naro\u010dila.\" \/>\n<meta property=\"og:url\" content=\"https:\/\/karminacollection.com\/sl\/posiljanje-dostava\/\" \/>\n<meta property=\"og:site_name\" content=\"Karmina\" \/>\n<meta property=\"article:modified_time\" content=\"2026-03-25T08:16:42+00:00\" \/>\n<meta property=\"og:image\" content=\"https:\/\/karminacollection.com\/wp-content\/uploads\/2022\/08\/logotip-tik-tok.jpg\" \/>\n\t<meta property=\"og:image:width\" content=\"867\" \/>\n\t<meta property=\"og:image:height\" content=\"954\" \/>\n\t<meta property=\"og:image:type\" content=\"image\/jpeg\" \/>\n<meta name=\"twitter:label1\" content=\"Est. reading time\" \/>\n\t<meta name=\"twitter:data1\" content=\"1 minuta\" \/>\n<script type=\"application\/ld+json\" class=\"yoast-schema-graph\">{\"@context\":\"https:\/\/schema.org\",\"@graph\":[{\"@type\":\"WebPage\",\"@id\":\"https:\/\/karminacollection.com\/sl\/posiljanje-dostava\/\",\"url\":\"https:\/\/karminacollection.com\/sl\/posiljanje-dostava\/\",\"name\":\"Po\u0161iljanje in dostava | Karmina\",\"isPartOf\":{\"@id\":\"https:\/\/karminacollection.com\/sl\/#website\"},\"datePublished\":\"2021-06-29T06:51:05+00:00\",\"dateModified\":\"2026-03-25T08:16:42+00:00\",\"description\":\"Poi\u0161\u010dite vse informacije o po\u0161iljanju in dostavi Karmina: predvideni \u010dasi dostave, stro\u0161ki po\u0161iljanja, sledenje in podpora za vsa naro\u010dila.\",\"breadcrumb\":{\"@id\":\"https:\/\/karminacollection.com\/sl\/posiljanje-dostava\/#breadcrumb\"},\"inLanguage\":\"sl-SI\",\"potentialAction\":[{\"@type\":\"ReadAction\",\"target\":[\"https:\/\/karminacollection.com\/sl\/posiljanje-dostava\/\"]}]},{\"@type\":\"BreadcrumbList\",\"@id\":\"https:\/\/karminacollection.com\/sl\/posiljanje-dostava\/#breadcrumb\",\"itemListElement\":[{\"@type\":\"ListItem\",\"position\":1,\"name\":\"Home\",\"item\":\"https:\/\/karminacollection.com\/sl\/\"},{\"@type\":\"ListItem\",\"position\":2,\"name\":\"Po\u0161iljanje in dostava\"}]},{\"@type\":\"WebSite\",\"@id\":\"https:\/\/karminacollection.com\/sl\/#website\",\"url\":\"https:\/\/karminacollection.com\/sl\/\",\"name\":\"Karmina collection\",\"description\":\"Kapsulna obla\u010dila izdelana v Sloveniji.\",\"publisher\":{\"@id\":\"https:\/\/karminacollection.com\/sl\/#\/schema\/person\/3e0a3e6951979c903262ff9bd110595d\"},\"potentialAction\":[{\"@type\":\"SearchAction\",\"target\":{\"@type\":\"EntryPoint\",\"urlTemplate\":\"https:\/\/karminacollection.com\/sl\/?s={search_term_string}\"},\"query-input\":{\"@type\":\"PropertyValueSpecification\",\"valueRequired\":true,\"valueName\":\"search_term_string\"}}],\"inLanguage\":\"sl-SI\"},{\"@type\":[\"Person\",\"Organization\"],\"@id\":\"https:\/\/karminacollection.com\/sl\/#\/schema\/person\/3e0a3e6951979c903262ff9bd110595d\",\"name\":\"adm_karmina\",\"image\":{\"@type\":\"ImageObject\",\"inLanguage\":\"sl-SI\",\"@id\":\"https:\/\/karminacollection.com\/sl\/#\/schema\/person\/image\/\",\"url\":\"https:\/\/karminacollection.com\/wp-content\/uploads\/2024\/01\/cropped-logo-karmina2.png\",\"contentUrl\":\"https:\/\/karminacollection.com\/wp-content\/uploads\/2024\/01\/cropped-logo-karmina2.png\",\"width\":152,\"height\":80,\"caption\":\"adm_karmina\"},\"logo\":{\"@id\":\"https:\/\/karminacollection.com\/sl\/#\/schema\/person\/image\/\"},\"sameAs\":[\"https:\/\/karminacollection.com\"]}]}<\/script>\n<!-- \/ Yoast SEO plugin. -->","yoast_head_json":{"title":"Po\u0161iljanje in dostava   | Karmina","description":"Poi\u0161\u010dite vse informacije o po\u0161iljanju in dostavi Karmina: predvideni \u010dasi dostave, stro\u0161ki po\u0161iljanja, sledenje in podpora za vsa naro\u010dila.","robots":{"index":"index","follow":"follow","max-snippet":"max-snippet:-1","max-image-preview":"max-image-preview:large","max-video-preview":"max-video-preview:-1"},"canonical":"https:\/\/karminacollection.com\/sl\/posiljanje-dostava\/","og_locale":"sl_SI","og_type":"article","og_title":"Po\u0161iljanje in dostava   | Karmina","og_description":"Poi\u0161\u010dite vse informacije o po\u0161iljanju in dostavi Karmina: predvideni \u010dasi dostave, stro\u0161ki po\u0161iljanja, sledenje in podpora za vsa naro\u010dila.","og_url":"https:\/\/karminacollection.com\/sl\/posiljanje-dostava\/","og_site_name":"Karmina","article_modified_time":"2026-03-25T08:16:42+00:00","og_image":[{"width":867,"height":954,"url":"https:\/\/karminacollection.com\/wp-content\/uploads\/2022\/08\/logotip-tik-tok.jpg","type":"image\/jpeg"}],"twitter_misc":{"Est. reading time":"1 minuta"},"schema":{"@context":"https:\/\/schema.org","@graph":[{"@type":"WebPage","@id":"https:\/\/karminacollection.com\/sl\/posiljanje-dostava\/","url":"https:\/\/karminacollection.com\/sl\/posiljanje-dostava\/","name":"Po\u0161iljanje in dostava | Karmina","isPartOf":{"@id":"https:\/\/karminacollection.com\/sl\/#website"},"datePublished":"2021-06-29T06:51:05+00:00","dateModified":"2026-03-25T08:16:42+00:00","description":"Poi\u0161\u010dite vse informacije o po\u0161iljanju in dostavi Karmina: predvideni \u010dasi dostave, stro\u0161ki po\u0161iljanja, sledenje in podpora za vsa naro\u010dila.","breadcrumb":{"@id":"https:\/\/karminacollection.com\/sl\/posiljanje-dostava\/#breadcrumb"},"inLanguage":"sl-SI","potentialAction":[{"@type":"ReadAction","target":["https:\/\/karminacollection.com\/sl\/posiljanje-dostava\/"]}]},{"@type":"BreadcrumbList","@id":"https:\/\/karminacollection.com\/sl\/posiljanje-dostava\/#breadcrumb","itemListElement":[{"@type":"ListItem","position":1,"name":"Home","item":"https:\/\/karminacollection.com\/sl\/"},{"@type":"ListItem","position":2,"name":"Po\u0161iljanje in dostava"}]},{"@type":"WebSite","@id":"https:\/\/karminacollection.com\/sl\/#website","url":"https:\/\/karminacollection.com\/sl\/","name":"Karmina collection","description":"Kapsulna obla\u010dila izdelana v Sloveniji.","publisher":{"@id":"https:\/\/karminacollection.com\/sl\/#\/schema\/person\/3e0a3e6951979c903262ff9bd110595d"},"potentialAction":[{"@type":"SearchAction","target":{"@type":"EntryPoint","urlTemplate":"https:\/\/karminacollection.com\/sl\/?s={search_term_string}"},"query-input":{"@type":"PropertyValueSpecification","valueRequired":true,"valueName":"search_term_string"}}],"inLanguage":"sl-SI"},{"@type":["Person","Organization"],"@id":"https:\/\/karminacollection.com\/sl\/#\/schema\/person\/3e0a3e6951979c903262ff9bd110595d","name":"adm_karmina","image":{"@type":"ImageObject","inLanguage":"sl-SI","@id":"https:\/\/karminacollection.com\/sl\/#\/schema\/person\/image\/","url":"https:\/\/karminacollection.com\/wp-content\/uploads\/2024\/01\/cropped-logo-karmina2.png","contentUrl":"https:\/\/karminacollection.com\/wp-content\/uploads\/2024\/01\/cropped-logo-karmina2.png","width":152,"height":80,"caption":"adm_karmina"},"logo":{"@id":"https:\/\/karminacollection.com\/sl\/#\/schema\/person\/image\/"},"sameAs":["https:\/\/karminacollection.com"]}]}},"_links":{"self":[{"href":"https:\/\/karminacollection.com\/sl\/wp-json\/wp\/v2\/pages\/1924","targetHints":{"allow":["GET"]}}],"collection":[{"href":"https:\/\/karminacollection.com\/sl\/wp-json\/wp\/v2\/pages"}],"about":[{"href":"https:\/\/karminacollection.com\/sl\/wp-json\/wp\/v2\/types\/page"}],"author":[{"embeddable":true,"href":"https:\/\/karminacollection.com\/sl\/wp-json\/wp\/v2\/users\/1"}],"replies":[{"embeddable":true,"href":"https:\/\/karminacollection.com\/sl\/wp-json\/wp\/v2\/comments?post=1924"}],"version-history":[{"count":6,"href":"https:\/\/karminacollection.com\/sl\/wp-json\/wp\/v2\/pages\/1924\/revisions"}],"predecessor-version":[{"id":16310,"href":"https:\/\/karminacollection.com\/sl\/wp-json\/wp\/v2\/pages\/1924\/revisions\/16310"}],"wp:attachment":[{"href":"https:\/\/karminacollection.com\/sl\/wp-json\/wp\/v2\/media?parent=1924"}],"curies":[{"name":"wp","href":"https:\/\/api.w.org\/{rel}","templated":true}]}}