{"id":16335,"date":"2026-03-25T11:08:47","date_gmt":"2026-03-25T11:08:47","guid":{"rendered":"https:\/\/karminacollection.com\/showroom-2\/"},"modified":"2026-03-25T11:16:47","modified_gmt":"2026-03-25T11:16:47","slug":"showroom-2","status":"publish","type":"page","link":"https:\/\/karminacollection.com\/sl\/showroom-2\/","title":{"rendered":"Showroom"},"content":{"rendered":"<div class=\"wpb-content-wrapper\">[vc_row][vc_column][vc_column_text css=&#8221;&#8221;]\n<p data-start=\"85\" data-end=\"196\">Showroom Karmina se nahaja na naslovu <a href=\"https:\/\/maps.app.goo.gl\/pb4CjwyYgR6gbbrd9\"><strong> Branik 76a, Slovenija, <\/strong><\/a>v prostorih nekdanje tovarne pohi\u0161tva Meblo.<\/p>\n<p data-start=\"198\" data-end=\"497\">Vsako obla\u010dilo je skrbno ro\u010dno izdelano v moji doma\u010di delavnici, s poudarkom na kakovosti, premi\u0161ljenem oblikovanju in po\u010dasnej\u0161em pristopu k modi. Showroom je prostor, kjer lahko kolekcijo do\u017eivite v \u017eivo, raziskujete materiale ter pomerite kose, ki so ustvarjeni za no\u0161enje, kombiniranje in \u017eivljenje z njimi. <\/p>\n<p data-start=\"499\" data-end=\"580\">V showroomu si lahko ogledate in pomerite ve\u010dino obla\u010dil Karmina.<\/p>\n<p data-start=\"582\" data-end=\"800\"><em><strong>Obiski so mo\u017eni po predhodnem dogovoru.<\/strong><\/em><\/p>\n<p data-start=\"582\" data-end=\"800\">Za obisk me lahko kontaktirate na <a class=\"decorated-link cursor-pointer\" href=\"mailto:info@karminacollection.com\" rel=\"noopener\" data-start=\"638\" data-end=\"664\">info@karminacollection.com <\/a>ali pokli\u010dete na <a href=\"http:\/\/tel.:0038640739230\">+386 40 739 230<\/a>. Za vsa dodatna vpra\u0161anja sem vam z veseljem na voljo. <\/p>\n<p data-start=\"802\" data-end=\"882\">Parkiranje jemo\u017eno 20 metrov stran, na bli\u017enjem parkiri\u0161\u010du.<\/p>\n<p><\/p>\n[\/vc_column_text][\/vc_column][\/vc_row][vc_row][vc_column width=&#8221;1\/2&#8243;][vc_single_image image=&#8221;16326&#8243; img_size=&#8221;full&#8221; alignment=&#8221;center&#8221; onclick=&#8221;custom_link&#8221; img_link_target=&#8221;_blank&#8221; css=&#8221;&#8221; link=&#8221;https:\/\/maps.app.goo.gl\/pb4CjwyYgR6gbbrd9&#8243;][\/vc_column][vc_column width=&#8221;1\/2&#8243;][vc_single_image image=&#8221;16316&#8243; img_size=&#8221;full&#8221; alignment=&#8221;center&#8221; onclick=&#8221;custom_link&#8221; img_link_target=&#8221;_blank&#8221; css=&#8221;&#8221; link=&#8221;https:\/\/maps.app.goo.gl\/pb4CjwyYgR6gbbrd9&#8243;][\/vc_column][\/vc_row]\n<\/div>","protected":false},"excerpt":{"rendered":"<p>[vc_row][vc_column][vc_column_text css=&#8221;&#8221;] Showroom Karmina se nahaja na naslovu Branik 76a, Slovenija, v prostorih nekdanje tovarne pohi\u0161tva Meblo. Vsako obla\u010dilo je skrbno ro\u010dno izdelano v moji doma\u010di delavnici, s poudarkom na kakovosti, premi\u0161ljenem oblikovanju in po\u010dasnej\u0161em pristopu k modi. Showroom je prostor, kjer lahko kolekcijo do\u017eivite v \u017eivo, raziskujete materiale ter [&hellip;]<\/p>\n","protected":false},"author":1,"featured_media":0,"parent":0,"menu_order":0,"comment_status":"closed","ping_status":"closed","template":"","meta":{"footnotes":""},"class_list":["post-16335","page","type-page","status-publish","hentry"],"yoast_head":"<!-- This site is optimized with the Yoast SEO plugin v27.1.1 - https:\/\/yoast.com\/product\/yoast-seo-wordpress\/ -->\n<title>Showroom | Karmina<\/title>\n<meta name=\"description\" content=\"Showroom Karmina v Braniku, Slovenija. Odkrijte ro\u010dno izdelana obla\u010dila po\u010dasne mode, pomerite unikatne kose in do\u017eivite brez\u010dasno, premi\u0161ljeno oblikovana obla\u010dila.\" \/>\n<meta name=\"robots\" content=\"index, follow, max-snippet:-1, max-image-preview:large, max-video-preview:-1\" \/>\n<link rel=\"canonical\" href=\"https:\/\/karminacollection.com\/sl\/showroom-2\/\" \/>\n<meta property=\"og:locale\" content=\"sl_SI\" \/>\n<meta property=\"og:type\" content=\"article\" \/>\n<meta property=\"og:title\" content=\"Showroom | Karmina\" \/>\n<meta property=\"og:description\" content=\"Showroom Karmina v Braniku, Slovenija. Odkrijte ro\u010dno izdelana obla\u010dila po\u010dasne mode, pomerite unikatne kose in do\u017eivite brez\u010dasno, premi\u0161ljeno oblikovana obla\u010dila.\" \/>\n<meta property=\"og:url\" content=\"https:\/\/karminacollection.com\/sl\/showroom-2\/\" \/>\n<meta property=\"og:site_name\" content=\"Karmina\" \/>\n<meta property=\"article:modified_time\" content=\"2026-03-25T11:16:47+00:00\" \/>\n<meta property=\"og:image\" content=\"https:\/\/karminacollection.com\/wp-content\/uploads\/2022\/08\/logotip-tik-tok.jpg\" \/>\n\t<meta property=\"og:image:width\" content=\"867\" \/>\n\t<meta property=\"og:image:height\" content=\"954\" \/>\n\t<meta property=\"og:image:type\" content=\"image\/jpeg\" \/>\n<meta name=\"twitter:label1\" content=\"Est. reading time\" \/>\n\t<meta name=\"twitter:data1\" content=\"1 minuta\" \/>\n<script type=\"application\/ld+json\" class=\"yoast-schema-graph\">{\"@context\":\"https:\/\/schema.org\",\"@graph\":[{\"@type\":\"WebPage\",\"@id\":\"https:\/\/karminacollection.com\/sl\/showroom-2\/\",\"url\":\"https:\/\/karminacollection.com\/sl\/showroom-2\/\",\"name\":\"Showroom | Karmina\",\"isPartOf\":{\"@id\":\"https:\/\/karminacollection.com\/sl\/#website\"},\"datePublished\":\"2026-03-25T11:08:47+00:00\",\"dateModified\":\"2026-03-25T11:16:47+00:00\",\"description\":\"Showroom Karmina v Braniku, Slovenija. Odkrijte ro\u010dno izdelana obla\u010dila po\u010dasne mode, pomerite unikatne kose in do\u017eivite brez\u010dasno, premi\u0161ljeno oblikovana obla\u010dila.\",\"breadcrumb\":{\"@id\":\"https:\/\/karminacollection.com\/sl\/showroom-2\/#breadcrumb\"},\"inLanguage\":\"sl-SI\",\"potentialAction\":[{\"@type\":\"ReadAction\",\"target\":[\"https:\/\/karminacollection.com\/sl\/showroom-2\/\"]}]},{\"@type\":\"BreadcrumbList\",\"@id\":\"https:\/\/karminacollection.com\/sl\/showroom-2\/#breadcrumb\",\"itemListElement\":[{\"@type\":\"ListItem\",\"position\":1,\"name\":\"Home\",\"item\":\"https:\/\/karminacollection.com\/sl\/\"},{\"@type\":\"ListItem\",\"position\":2,\"name\":\"Showroom\"}]},{\"@type\":\"WebSite\",\"@id\":\"https:\/\/karminacollection.com\/sl\/#website\",\"url\":\"https:\/\/karminacollection.com\/sl\/\",\"name\":\"Karmina collection\",\"description\":\"Kapsulna obla\u010dila izdelana v Sloveniji.\",\"publisher\":{\"@id\":\"https:\/\/karminacollection.com\/sl\/#\/schema\/person\/3e0a3e6951979c903262ff9bd110595d\"},\"potentialAction\":[{\"@type\":\"SearchAction\",\"target\":{\"@type\":\"EntryPoint\",\"urlTemplate\":\"https:\/\/karminacollection.com\/sl\/?s={search_term_string}\"},\"query-input\":{\"@type\":\"PropertyValueSpecification\",\"valueRequired\":true,\"valueName\":\"search_term_string\"}}],\"inLanguage\":\"sl-SI\"},{\"@type\":[\"Person\",\"Organization\"],\"@id\":\"https:\/\/karminacollection.com\/sl\/#\/schema\/person\/3e0a3e6951979c903262ff9bd110595d\",\"name\":\"adm_karmina\",\"image\":{\"@type\":\"ImageObject\",\"inLanguage\":\"sl-SI\",\"@id\":\"https:\/\/karminacollection.com\/sl\/#\/schema\/person\/image\/\",\"url\":\"https:\/\/karminacollection.com\/wp-content\/uploads\/2024\/01\/cropped-logo-karmina2.png\",\"contentUrl\":\"https:\/\/karminacollection.com\/wp-content\/uploads\/2024\/01\/cropped-logo-karmina2.png\",\"width\":152,\"height\":80,\"caption\":\"adm_karmina\"},\"logo\":{\"@id\":\"https:\/\/karminacollection.com\/sl\/#\/schema\/person\/image\/\"},\"sameAs\":[\"https:\/\/karminacollection.com\"]}]}<\/script>\n<!-- \/ Yoast SEO plugin. -->","yoast_head_json":{"title":"Showroom | Karmina","description":"Showroom Karmina v Braniku, Slovenija. Odkrijte ro\u010dno izdelana obla\u010dila po\u010dasne mode, pomerite unikatne kose in do\u017eivite brez\u010dasno, premi\u0161ljeno oblikovana obla\u010dila.","robots":{"index":"index","follow":"follow","max-snippet":"max-snippet:-1","max-image-preview":"max-image-preview:large","max-video-preview":"max-video-preview:-1"},"canonical":"https:\/\/karminacollection.com\/sl\/showroom-2\/","og_locale":"sl_SI","og_type":"article","og_title":"Showroom | Karmina","og_description":"Showroom Karmina v Braniku, Slovenija. Odkrijte ro\u010dno izdelana obla\u010dila po\u010dasne mode, pomerite unikatne kose in do\u017eivite brez\u010dasno, premi\u0161ljeno oblikovana obla\u010dila.","og_url":"https:\/\/karminacollection.com\/sl\/showroom-2\/","og_site_name":"Karmina","article_modified_time":"2026-03-25T11:16:47+00:00","og_image":[{"width":867,"height":954,"url":"https:\/\/karminacollection.com\/wp-content\/uploads\/2022\/08\/logotip-tik-tok.jpg","type":"image\/jpeg"}],"twitter_misc":{"Est. reading time":"1 minuta"},"schema":{"@context":"https:\/\/schema.org","@graph":[{"@type":"WebPage","@id":"https:\/\/karminacollection.com\/sl\/showroom-2\/","url":"https:\/\/karminacollection.com\/sl\/showroom-2\/","name":"Showroom | Karmina","isPartOf":{"@id":"https:\/\/karminacollection.com\/sl\/#website"},"datePublished":"2026-03-25T11:08:47+00:00","dateModified":"2026-03-25T11:16:47+00:00","description":"Showroom Karmina v Braniku, Slovenija. Odkrijte ro\u010dno izdelana obla\u010dila po\u010dasne mode, pomerite unikatne kose in do\u017eivite brez\u010dasno, premi\u0161ljeno oblikovana obla\u010dila.","breadcrumb":{"@id":"https:\/\/karminacollection.com\/sl\/showroom-2\/#breadcrumb"},"inLanguage":"sl-SI","potentialAction":[{"@type":"ReadAction","target":["https:\/\/karminacollection.com\/sl\/showroom-2\/"]}]},{"@type":"BreadcrumbList","@id":"https:\/\/karminacollection.com\/sl\/showroom-2\/#breadcrumb","itemListElement":[{"@type":"ListItem","position":1,"name":"Home","item":"https:\/\/karminacollection.com\/sl\/"},{"@type":"ListItem","position":2,"name":"Showroom"}]},{"@type":"WebSite","@id":"https:\/\/karminacollection.com\/sl\/#website","url":"https:\/\/karminacollection.com\/sl\/","name":"Karmina collection","description":"Kapsulna obla\u010dila izdelana v Sloveniji.","publisher":{"@id":"https:\/\/karminacollection.com\/sl\/#\/schema\/person\/3e0a3e6951979c903262ff9bd110595d"},"potentialAction":[{"@type":"SearchAction","target":{"@type":"EntryPoint","urlTemplate":"https:\/\/karminacollection.com\/sl\/?s={search_term_string}"},"query-input":{"@type":"PropertyValueSpecification","valueRequired":true,"valueName":"search_term_string"}}],"inLanguage":"sl-SI"},{"@type":["Person","Organization"],"@id":"https:\/\/karminacollection.com\/sl\/#\/schema\/person\/3e0a3e6951979c903262ff9bd110595d","name":"adm_karmina","image":{"@type":"ImageObject","inLanguage":"sl-SI","@id":"https:\/\/karminacollection.com\/sl\/#\/schema\/person\/image\/","url":"https:\/\/karminacollection.com\/wp-content\/uploads\/2024\/01\/cropped-logo-karmina2.png","contentUrl":"https:\/\/karminacollection.com\/wp-content\/uploads\/2024\/01\/cropped-logo-karmina2.png","width":152,"height":80,"caption":"adm_karmina"},"logo":{"@id":"https:\/\/karminacollection.com\/sl\/#\/schema\/person\/image\/"},"sameAs":["https:\/\/karminacollection.com"]}]}},"_links":{"self":[{"href":"https:\/\/karminacollection.com\/sl\/wp-json\/wp\/v2\/pages\/16335","targetHints":{"allow":["GET"]}}],"collection":[{"href":"https:\/\/karminacollection.com\/sl\/wp-json\/wp\/v2\/pages"}],"about":[{"href":"https:\/\/karminacollection.com\/sl\/wp-json\/wp\/v2\/types\/page"}],"author":[{"embeddable":true,"href":"https:\/\/karminacollection.com\/sl\/wp-json\/wp\/v2\/users\/1"}],"replies":[{"embeddable":true,"href":"https:\/\/karminacollection.com\/sl\/wp-json\/wp\/v2\/comments?post=16335"}],"version-history":[{"count":7,"href":"https:\/\/karminacollection.com\/sl\/wp-json\/wp\/v2\/pages\/16335\/revisions"}],"predecessor-version":[{"id":16343,"href":"https:\/\/karminacollection.com\/sl\/wp-json\/wp\/v2\/pages\/16335\/revisions\/16343"}],"wp:attachment":[{"href":"https:\/\/karminacollection.com\/sl\/wp-json\/wp\/v2\/media?parent=16335"}],"curies":[{"name":"wp","href":"https:\/\/api.w.org\/{rel}","templated":true}]}}