{"id":12350,"date":"2024-01-18T09:57:13","date_gmt":"2024-01-18T09:57:13","guid":{"rendered":"https:\/\/karminacollection.com\/najbolj-pogosta-vprasanja-faq\/"},"modified":"2026-03-25T08:11:29","modified_gmt":"2026-03-25T08:11:29","slug":"najbolj-pogosta-vprasanja-faq","status":"publish","type":"page","link":"https:\/\/karminacollection.com\/sl\/najbolj-pogosta-vprasanja-faq\/","title":{"rendered":"Najbolj pogosta vpra\u0161anja ~ FAQ"},"content":{"rendered":"<div class=\"wpb-content-wrapper\">[vc_row][vc_column][vc_column_text css=&#8221;&#8221;]<strong>Kak\u0161en je Karminin pristop k oblikovanju obla\u010dil?<\/strong><br \/>\nKarmina se osredoto\u010da na ustvarjanje brez\u010dasnih, trajnostnih kosov, ki so hkrati elegantni in udobni. Vsak kos je premi\u0161ljeno oblikovan in izdelan po naro\u010dilu, kar zagotavlja popolno prileganje in minimalen okoljski vpliv.<\/p>\n<p><strong>2. Kako lahko oddam naro\u010dilo za obla\u010dila po meri?<\/strong><br \/>\nZa naro\u010dilo obla\u010dil po meri preprosto izberite \u017eeleni izdelek iz na\u0161e kolekcije in na blagajni posredujte svoje mere. Na\u0161 preprost vodnik za merjenje zagotavlja popolno prileganje.<\/p>\n<p><strong>  3. Katere materiale uporablja Karmina?<\/strong><br \/>\nKarmina uporablja razli\u010dne visokokakovostne materiale, kot so kavbojke, bomba\u017e in viskoza. Prednosti dajemo tkaninam, ki so trajne in udobne, tako da je vsak kos enako dober za planet kot za va\u0161o garderobo.<\/p>\n<p><strong>4. Koliko \u010dasa traja, da prejmem svoje naro\u010dilo?<\/strong><br \/>\nKer so vsa obla\u010dila Karmina izdelana po naro\u010dilu, upo\u0161tevajte, da je za izdelavo in po\u0161iljanje predviden \u010das pribli\u017eno 2\u20134 tedne. Va\u0161e kose izdelam \u010dimprej pri tem pa sem pozorna na kvalitetno izdelavo.<\/p>\n<p>5. Ali lahko artikel vrnem ali zamenjam?<br \/>\nDa, vendar <strong><strong>ne morem sprejeti naro\u010dil po meri, vra\u010dil ali zamenjav.<\/strong><\/strong> \u010ce pa pride do te\u017eave z va\u0161im naro\u010dilom, me prosim takoj kontaktirajte in po najbolj\u0161ih mo\u010deh se bom potrudil, da jo re\u0161im.<\/p>\n<p><strong>6. Kako naj skrbim za Karmina obla\u010dila?<\/strong><br \/>\nNavodila za nego se razlikujejo glede na material. Na splo\u0161no priporo\u010dam ne\u017eno strojno pranje ali ro\u010dno pranje in izogibanje visoki temperaturi ter seveda su\u0161ilcu. Posebna navodila za nego so prilo\u017eena vsakemu izdelku.<\/p>\n<p><strong>7. Ali Karmina po\u0161ilja tudi izven Slovenije?<\/strong><\/p>\n<p>Da, Karmina ponuja mednarodno po\u0161iljanje. Stro\u0161ki dostave in \u010dasi se lahko razlikujejo glede na va\u0161o lokacijo. <strong>Za Slovenijo ponujam stro\u0161ke po\u0161iljanja le 5 evrov.<\/strong> DOstavo lahko pri\u010dakujete v 1-3 delovnih dneh.<\/p>\n<p>Karmina izdelke po\u0161iljamo v: Avstrijo, Belgijo, Bolgarijo, Hrva\u0161ko, \u010ce\u0161ko, Dansko, Estonijo, Finsko, Francijo, Nem\u010dijo, Gr\u010dijo, Mad\u017earsko, Islandijo, Irsko, Italijo, Latvijo, Litvo, Luksemburgom, Malto, \u010crno goro, Nizozemsko, Poljsko, Portugalsko, Romunijo, Slova\u0161ko, \u0160panijo, \u0160vedsko, \u0160vico in Zdru\u017eenim kraljestvom. <strong>Stro\u0161ek dostave v tujino zna\u0161a 12 evrov.<\/strong> \u010casi dostave se gibljejo od 3 do 15 delovnih dni.<\/p>\n<p><strong>8. Kaj je kapsulna garderoba in kako jo Karmina podpira?<\/strong><br \/>\nKapsulna garderoba je sestavljena iz omejenega \u0161tevila vsestranskih kosov, ki jih je mogo\u010de kombinirati in ustvarjati razli\u010dne videze. Karmina podpira to trajnostno metodo s ponudbo \u010dasovno neomejenih in visokokakovostnih kosov, ki so bistveni za minimalisti\u010dno in funkcionalno garderobo.<\/p>\n<p><strong>9. Kako Karmina zagotavlja trajnostnost v svojih praksi?<\/strong><br \/>\nKarmina je zavezana k trajnostnemu razvoju z uporabo okolju prijaznih materialov, proizvodnjo po naro\u010dilu za zmanj\u0161anje odpadkov in eti\u010dnim proizvodnim praksam.<\/p>\n<p><strong>10. Ali lahko naro\u010dim obla\u010dilo po meri, ki ga ni na spletni strani?<\/strong><br \/>\nDa, odprt sem za zahteve po oblikovanju po meri. Prosimo, kontaktirajte me s svojimi idejami, in skupaj bomo ustvarili unikaten kos, ki ustreza va\u0161im potrebam.[\/vc_column_text][\/vc_column][\/vc_row]\n<\/div>","protected":false},"excerpt":{"rendered":"<p>[vc_row][vc_column][vc_column_text css=&#8221;&#8221;]Kak\u0161en je Karminin pristop k oblikovanju obla\u010dil? Karmina se osredoto\u010da na ustvarjanje brez\u010dasnih, trajnostnih kosov, ki so hkrati elegantni in udobni. Vsak kos je premi\u0161ljeno oblikovan in izdelan po naro\u010dilu, kar zagotavlja popolno prileganje in minimalen okoljski vpliv. 2. Kako lahko oddam naro\u010dilo za obla\u010dila po meri? Za naro\u010dilo [&hellip;]<\/p>\n","protected":false},"author":1,"featured_media":0,"parent":0,"menu_order":0,"comment_status":"closed","ping_status":"closed","template":"","meta":{"footnotes":""},"class_list":["post-12350","page","type-page","status-publish","hentry"],"yoast_head":"<!-- This site is optimized with the Yoast SEO plugin v27.1.1 - https:\/\/yoast.com\/product\/yoast-seo-wordpress\/ -->\n<title>Najbolj pogosta vpra\u0161anja ~ FAQ | Karmina<\/title>\n<meta name=\"description\" content=\"Find answers to common questions about orders, shipping, returns, sizing, and garment care at Karmina. Quick and easy access to key info.\" \/>\n<meta name=\"robots\" content=\"index, follow, max-snippet:-1, max-image-preview:large, max-video-preview:-1\" \/>\n<link rel=\"canonical\" href=\"https:\/\/karminacollection.com\/sl\/najbolj-pogosta-vprasanja-faq\/\" \/>\n<meta property=\"og:locale\" content=\"sl_SI\" \/>\n<meta property=\"og:type\" content=\"article\" \/>\n<meta property=\"og:title\" content=\"Najbolj pogosta vpra\u0161anja ~ FAQ | Karmina\" \/>\n<meta property=\"og:description\" content=\"Find answers to common questions about orders, shipping, returns, sizing, and garment care at Karmina. Quick and easy access to key info.\" \/>\n<meta property=\"og:url\" content=\"https:\/\/karminacollection.com\/sl\/najbolj-pogosta-vprasanja-faq\/\" \/>\n<meta property=\"og:site_name\" content=\"Karmina\" \/>\n<meta property=\"article:modified_time\" content=\"2026-03-25T08:11:29+00:00\" \/>\n<meta property=\"og:image\" content=\"https:\/\/karminacollection.com\/wp-content\/uploads\/2022\/08\/logotip-tik-tok.jpg\" \/>\n\t<meta property=\"og:image:width\" content=\"867\" \/>\n\t<meta property=\"og:image:height\" content=\"954\" \/>\n\t<meta property=\"og:image:type\" content=\"image\/jpeg\" \/>\n<meta name=\"twitter:label1\" content=\"Est. reading time\" \/>\n\t<meta name=\"twitter:data1\" content=\"2 minuti\" \/>\n<script type=\"application\/ld+json\" class=\"yoast-schema-graph\">{\"@context\":\"https:\/\/schema.org\",\"@graph\":[{\"@type\":\"WebPage\",\"@id\":\"https:\/\/karminacollection.com\/sl\/najbolj-pogosta-vprasanja-faq\/\",\"url\":\"https:\/\/karminacollection.com\/sl\/najbolj-pogosta-vprasanja-faq\/\",\"name\":\"Najbolj pogosta vpra\u0161anja ~ FAQ | Karmina\",\"isPartOf\":{\"@id\":\"https:\/\/karminacollection.com\/sl\/#website\"},\"datePublished\":\"2024-01-18T09:57:13+00:00\",\"dateModified\":\"2026-03-25T08:11:29+00:00\",\"description\":\"Find answers to common questions about orders, shipping, returns, sizing, and garment care at Karmina. Quick and easy access to key info.\",\"breadcrumb\":{\"@id\":\"https:\/\/karminacollection.com\/sl\/najbolj-pogosta-vprasanja-faq\/#breadcrumb\"},\"inLanguage\":\"sl-SI\",\"potentialAction\":[{\"@type\":\"ReadAction\",\"target\":[\"https:\/\/karminacollection.com\/sl\/najbolj-pogosta-vprasanja-faq\/\"]}]},{\"@type\":\"BreadcrumbList\",\"@id\":\"https:\/\/karminacollection.com\/sl\/najbolj-pogosta-vprasanja-faq\/#breadcrumb\",\"itemListElement\":[{\"@type\":\"ListItem\",\"position\":1,\"name\":\"Home\",\"item\":\"https:\/\/karminacollection.com\/sl\/\"},{\"@type\":\"ListItem\",\"position\":2,\"name\":\"Najbolj pogosta vpra\u0161anja ~ FAQ\"}]},{\"@type\":\"WebSite\",\"@id\":\"https:\/\/karminacollection.com\/sl\/#website\",\"url\":\"https:\/\/karminacollection.com\/sl\/\",\"name\":\"Karmina collection\",\"description\":\"Kapsulna obla\u010dila izdelana v Sloveniji.\",\"publisher\":{\"@id\":\"https:\/\/karminacollection.com\/sl\/#\/schema\/person\/3e0a3e6951979c903262ff9bd110595d\"},\"potentialAction\":[{\"@type\":\"SearchAction\",\"target\":{\"@type\":\"EntryPoint\",\"urlTemplate\":\"https:\/\/karminacollection.com\/sl\/?s={search_term_string}\"},\"query-input\":{\"@type\":\"PropertyValueSpecification\",\"valueRequired\":true,\"valueName\":\"search_term_string\"}}],\"inLanguage\":\"sl-SI\"},{\"@type\":[\"Person\",\"Organization\"],\"@id\":\"https:\/\/karminacollection.com\/sl\/#\/schema\/person\/3e0a3e6951979c903262ff9bd110595d\",\"name\":\"adm_karmina\",\"image\":{\"@type\":\"ImageObject\",\"inLanguage\":\"sl-SI\",\"@id\":\"https:\/\/karminacollection.com\/sl\/#\/schema\/person\/image\/\",\"url\":\"https:\/\/karminacollection.com\/wp-content\/uploads\/2024\/01\/cropped-logo-karmina2.png\",\"contentUrl\":\"https:\/\/karminacollection.com\/wp-content\/uploads\/2024\/01\/cropped-logo-karmina2.png\",\"width\":152,\"height\":80,\"caption\":\"adm_karmina\"},\"logo\":{\"@id\":\"https:\/\/karminacollection.com\/sl\/#\/schema\/person\/image\/\"},\"sameAs\":[\"https:\/\/karminacollection.com\"]}]}<\/script>\n<!-- \/ Yoast SEO plugin. -->","yoast_head_json":{"title":"Najbolj pogosta vpra\u0161anja ~ FAQ | Karmina","description":"Find answers to common questions about orders, shipping, returns, sizing, and garment care at Karmina. Quick and easy access to key info.","robots":{"index":"index","follow":"follow","max-snippet":"max-snippet:-1","max-image-preview":"max-image-preview:large","max-video-preview":"max-video-preview:-1"},"canonical":"https:\/\/karminacollection.com\/sl\/najbolj-pogosta-vprasanja-faq\/","og_locale":"sl_SI","og_type":"article","og_title":"Najbolj pogosta vpra\u0161anja ~ FAQ | Karmina","og_description":"Find answers to common questions about orders, shipping, returns, sizing, and garment care at Karmina. Quick and easy access to key info.","og_url":"https:\/\/karminacollection.com\/sl\/najbolj-pogosta-vprasanja-faq\/","og_site_name":"Karmina","article_modified_time":"2026-03-25T08:11:29+00:00","og_image":[{"width":867,"height":954,"url":"https:\/\/karminacollection.com\/wp-content\/uploads\/2022\/08\/logotip-tik-tok.jpg","type":"image\/jpeg"}],"twitter_misc":{"Est. reading time":"2 minuti"},"schema":{"@context":"https:\/\/schema.org","@graph":[{"@type":"WebPage","@id":"https:\/\/karminacollection.com\/sl\/najbolj-pogosta-vprasanja-faq\/","url":"https:\/\/karminacollection.com\/sl\/najbolj-pogosta-vprasanja-faq\/","name":"Najbolj pogosta vpra\u0161anja ~ FAQ | Karmina","isPartOf":{"@id":"https:\/\/karminacollection.com\/sl\/#website"},"datePublished":"2024-01-18T09:57:13+00:00","dateModified":"2026-03-25T08:11:29+00:00","description":"Find answers to common questions about orders, shipping, returns, sizing, and garment care at Karmina. Quick and easy access to key info.","breadcrumb":{"@id":"https:\/\/karminacollection.com\/sl\/najbolj-pogosta-vprasanja-faq\/#breadcrumb"},"inLanguage":"sl-SI","potentialAction":[{"@type":"ReadAction","target":["https:\/\/karminacollection.com\/sl\/najbolj-pogosta-vprasanja-faq\/"]}]},{"@type":"BreadcrumbList","@id":"https:\/\/karminacollection.com\/sl\/najbolj-pogosta-vprasanja-faq\/#breadcrumb","itemListElement":[{"@type":"ListItem","position":1,"name":"Home","item":"https:\/\/karminacollection.com\/sl\/"},{"@type":"ListItem","position":2,"name":"Najbolj pogosta vpra\u0161anja ~ FAQ"}]},{"@type":"WebSite","@id":"https:\/\/karminacollection.com\/sl\/#website","url":"https:\/\/karminacollection.com\/sl\/","name":"Karmina collection","description":"Kapsulna obla\u010dila izdelana v Sloveniji.","publisher":{"@id":"https:\/\/karminacollection.com\/sl\/#\/schema\/person\/3e0a3e6951979c903262ff9bd110595d"},"potentialAction":[{"@type":"SearchAction","target":{"@type":"EntryPoint","urlTemplate":"https:\/\/karminacollection.com\/sl\/?s={search_term_string}"},"query-input":{"@type":"PropertyValueSpecification","valueRequired":true,"valueName":"search_term_string"}}],"inLanguage":"sl-SI"},{"@type":["Person","Organization"],"@id":"https:\/\/karminacollection.com\/sl\/#\/schema\/person\/3e0a3e6951979c903262ff9bd110595d","name":"adm_karmina","image":{"@type":"ImageObject","inLanguage":"sl-SI","@id":"https:\/\/karminacollection.com\/sl\/#\/schema\/person\/image\/","url":"https:\/\/karminacollection.com\/wp-content\/uploads\/2024\/01\/cropped-logo-karmina2.png","contentUrl":"https:\/\/karminacollection.com\/wp-content\/uploads\/2024\/01\/cropped-logo-karmina2.png","width":152,"height":80,"caption":"adm_karmina"},"logo":{"@id":"https:\/\/karminacollection.com\/sl\/#\/schema\/person\/image\/"},"sameAs":["https:\/\/karminacollection.com"]}]}},"_links":{"self":[{"href":"https:\/\/karminacollection.com\/sl\/wp-json\/wp\/v2\/pages\/12350","targetHints":{"allow":["GET"]}}],"collection":[{"href":"https:\/\/karminacollection.com\/sl\/wp-json\/wp\/v2\/pages"}],"about":[{"href":"https:\/\/karminacollection.com\/sl\/wp-json\/wp\/v2\/types\/page"}],"author":[{"embeddable":true,"href":"https:\/\/karminacollection.com\/sl\/wp-json\/wp\/v2\/users\/1"}],"replies":[{"embeddable":true,"href":"https:\/\/karminacollection.com\/sl\/wp-json\/wp\/v2\/comments?post=12350"}],"version-history":[{"count":3,"href":"https:\/\/karminacollection.com\/sl\/wp-json\/wp\/v2\/pages\/12350\/revisions"}],"predecessor-version":[{"id":16307,"href":"https:\/\/karminacollection.com\/sl\/wp-json\/wp\/v2\/pages\/12350\/revisions\/16307"}],"wp:attachment":[{"href":"https:\/\/karminacollection.com\/sl\/wp-json\/wp\/v2\/media?parent=12350"}],"curies":[{"name":"wp","href":"https:\/\/api.w.org\/{rel}","templated":true}]}}